{"id":2392,"date":"2026-02-18T20:36:30","date_gmt":"2026-02-18T19:36:30","guid":{"rendered":"https:\/\/vizomix.hu\/termek\/zara-fekete-mubor-kabat-felso\/"},"modified":"2026-03-18T13:20:14","modified_gmt":"2026-03-18T12:20:14","slug":"zara-fekete-mubor-kabat-felso","status":"publish","type":"product","link":"https:\/\/vizomix.hu\/en\/product\/zara-fekete-mubor-kabat-felso\/","title":{"rendered":"Zara fekete m\u0171b\u0151r kab\u00e1t\/fels\u0151"},"content":{"rendered":"<p>Zara fekete m\u0171b\u0151r kab\u00e1t\/fels\u0151<\/p>\n<p>St\u00edlusos \u00e9s karakteres darab, amely modern megjelen\u00e9st biztos\u00edt. Ez a Zara fekete m\u0171b\u0151r kab\u00e1t\/fels\u0151 letisztult szab\u00e1s\u00e1nak k\u00f6sz\u00f6nhet\u0151en k\u00f6nnyen kombin\u00e1lhat\u00f3 k\u00fcl\u00f6nb\u00f6z\u0151 outfitekkel.<\/p>\n<p>K\u00fcl\u00f6nleges anyaga trendi, vag\u00e1ny hat\u00e1st kelt, mik\u00f6zben k\u00e9nyelmes viseletet ny\u00fajt. Ide\u00e1lis v\u00e1laszt\u00e1s h\u00e9tk\u00f6znapi outfitekhez vagy egy mer\u00e9szebb, divatos megjelen\u00e9shez.<br \/>\nM\u00e9retez\u00e9s: m\u00e9reth\u0171<\/p>","protected":false},"excerpt":{"rendered":"<p>Zara fekete m\u0171b\u0151r kab\u00e1t\/fels\u0151 St\u00edlusos \u00e9s karakteres darab, amely modern megjelen\u00e9st biztos\u00edt. Ez a Zara fekete m\u0171b\u0151r kab\u00e1t\/fels\u0151 letisztult szab\u00e1s\u00e1nak<a class=\"read-more\" href=\"https:\/\/vizomix.hu\/en\/product\/zara-fekete-mubor-kabat-felso\/\">Tov\u00e1bb<\/a><\/p>","protected":false},"featured_media":2390,"comment_status":"open","ping_status":"closed","template":"","meta":[],"product_brand":[76],"product_cat":[35],"product_tag":[],"class_list":{"0":"post-2392","1":"product","2":"type-product","3":"status-publish","4":"has-post-thumbnail","6":"product_brand-zara","7":"product_cat-atmeneti-kabatok","9":"first","10":"instock","11":"taxable","12":"shipping-taxable","13":"purchasable","14":"product-type-variable","15":"add-to-wishlist-before_add_to_cart"},"supplier_id":null,"supplier_sku":"","barcode":null,"atum_controlled":true,"out_stock_date":null,"out_stock_threshold":null,"inheritable":false,"inbound_stock":null,"stock_on_hold":0,"sold_today":0,"sales_last_days":0,"reserved_stock":null,"customer_returns":null,"warehouse_damage":null,"lost_in_post":null,"other_logs":null,"out_stock_days":0,"lost_sales":0,"has_location":null,"update_date":"2026-03-18T12:20:15","atum_locations":[],"atum_stock_status":"instock","restock_status":false,"low_stock_amount":"","sales_update_date":"2026-03-17T19:15:08","calc_backorders":null,"_links":{"self":[{"href":"https:\/\/vizomix.hu\/en\/wp-json\/wp\/v2\/product\/2392","targetHints":{"allow":["GET"]}}],"collection":[{"href":"https:\/\/vizomix.hu\/en\/wp-json\/wp\/v2\/product"}],"about":[{"href":"https:\/\/vizomix.hu\/en\/wp-json\/wp\/v2\/types\/product"}],"replies":[{"embeddable":true,"href":"https:\/\/vizomix.hu\/en\/wp-json\/wp\/v2\/comments?post=2392"}],"wp:featuredmedia":[{"embeddable":true,"href":"https:\/\/vizomix.hu\/en\/wp-json\/wp\/v2\/media\/2390"}],"wp:attachment":[{"href":"https:\/\/vizomix.hu\/en\/wp-json\/wp\/v2\/media?parent=2392"}],"wp:term":[{"taxonomy":"product_brand","embeddable":true,"href":"https:\/\/vizomix.hu\/en\/wp-json\/wp\/v2\/product_brand?post=2392"},{"taxonomy":"product_cat","embeddable":true,"href":"https:\/\/vizomix.hu\/en\/wp-json\/wp\/v2\/product_cat?post=2392"},{"taxonomy":"product_tag","embeddable":true,"href":"https:\/\/vizomix.hu\/en\/wp-json\/wp\/v2\/product_tag?post=2392"}],"curies":[{"name":"wp","href":"https:\/\/api.w.org\/{rel}","templated":true}]}}