{"id":2388,"date":"2026-02-18T20:32:22","date_gmt":"2026-02-18T19:32:22","guid":{"rendered":"https:\/\/vizomix.hu\/termek\/zara-szurke-kotott-pulover\/"},"modified":"2026-03-18T13:20:14","modified_gmt":"2026-03-18T12:20:14","slug":"zara-szurke-kotott-pulover","status":"publish","type":"product","link":"https:\/\/vizomix.hu\/en\/product\/zara-szurke-kotott-pulover\/","title":{"rendered":"Zara sz\u00fcrke k\u00f6t\u00f6tt pul\u00f3ver"},"content":{"rendered":"<p>Zara sz\u00fcrke k\u00f6t\u00f6tt pul\u00f3ver<\/p>\n<p>K\u00e9nyelmes \u00e9s id\u0151t\u00e1ll\u00f3 darab, amely t\u00f6k\u00e9letes v\u00e1laszt\u00e1s a h\u0171v\u00f6sebb napokra. Ez a Zara sz\u00fcrke k\u00f6t\u00f6tt pul\u00f3ver puha anyag\u00e1nak k\u00f6sz\u00f6nhet\u0151en kellemes \u00e9s meleg viseletet biztos\u00edt.<\/p>\n<p>Letisztult szab\u00e1sa k\u00f6nnyen kombin\u00e1lhat\u00f3 farmerrel, nadr\u00e1ggal vagy szokny\u00e1val, \u00edgy ide\u00e1lis v\u00e1laszt\u00e1s h\u00e9tk\u00f6znapi outfitekhez vagy csinos, egyszer\u0171 megjelen\u00e9shez.<br \/>\nM\u00e9retez\u00e9s: m\u00e9reth\u0171<\/p>","protected":false},"excerpt":{"rendered":"<p>Zara sz\u00fcrke k\u00f6t\u00f6tt pul\u00f3ver K\u00e9nyelmes \u00e9s id\u0151t\u00e1ll\u00f3 darab, amely t\u00f6k\u00e9letes v\u00e1laszt\u00e1s a h\u0171v\u00f6sebb napokra. Ez a Zara sz\u00fcrke k\u00f6t\u00f6tt pul\u00f3ver<a class=\"read-more\" href=\"https:\/\/vizomix.hu\/en\/product\/zara-szurke-kotott-pulover\/\">Tov\u00e1bb<\/a><\/p>","protected":false},"featured_media":2387,"comment_status":"open","ping_status":"closed","template":"","meta":[],"product_brand":[76],"product_cat":[24],"product_tag":[],"class_list":{"0":"post-2388","1":"product","2":"type-product","3":"status-publish","4":"has-post-thumbnail","6":"product_brand-zara","7":"product_cat-puloverek","9":"first","10":"instock","11":"taxable","12":"shipping-taxable","13":"purchasable","14":"product-type-variable","15":"add-to-wishlist-before_add_to_cart"},"supplier_id":null,"supplier_sku":"","barcode":null,"atum_controlled":true,"out_stock_date":null,"out_stock_threshold":null,"inheritable":false,"inbound_stock":null,"stock_on_hold":0,"sold_today":0,"sales_last_days":0,"reserved_stock":null,"customer_returns":null,"warehouse_damage":null,"lost_in_post":null,"other_logs":null,"out_stock_days":0,"lost_sales":0,"has_location":null,"update_date":"2026-03-18T12:20:15","atum_locations":[],"atum_stock_status":"instock","restock_status":false,"low_stock_amount":"","sales_update_date":"2026-03-17T19:15:08","calc_backorders":null,"_links":{"self":[{"href":"https:\/\/vizomix.hu\/en\/wp-json\/wp\/v2\/product\/2388","targetHints":{"allow":["GET"]}}],"collection":[{"href":"https:\/\/vizomix.hu\/en\/wp-json\/wp\/v2\/product"}],"about":[{"href":"https:\/\/vizomix.hu\/en\/wp-json\/wp\/v2\/types\/product"}],"replies":[{"embeddable":true,"href":"https:\/\/vizomix.hu\/en\/wp-json\/wp\/v2\/comments?post=2388"}],"wp:featuredmedia":[{"embeddable":true,"href":"https:\/\/vizomix.hu\/en\/wp-json\/wp\/v2\/media\/2387"}],"wp:attachment":[{"href":"https:\/\/vizomix.hu\/en\/wp-json\/wp\/v2\/media?parent=2388"}],"wp:term":[{"taxonomy":"product_brand","embeddable":true,"href":"https:\/\/vizomix.hu\/en\/wp-json\/wp\/v2\/product_brand?post=2388"},{"taxonomy":"product_cat","embeddable":true,"href":"https:\/\/vizomix.hu\/en\/wp-json\/wp\/v2\/product_cat?post=2388"},{"taxonomy":"product_tag","embeddable":true,"href":"https:\/\/vizomix.hu\/en\/wp-json\/wp\/v2\/product_tag?post=2388"}],"curies":[{"name":"wp","href":"https:\/\/api.w.org\/{rel}","templated":true}]}}