{"id":2381,"date":"2026-02-18T20:28:30","date_gmt":"2026-02-18T19:28:30","guid":{"rendered":"https:\/\/vizomix.hu\/termek\/zara-barack-szinu-feloldalas-kotott-felso\/"},"modified":"2026-03-18T13:20:14","modified_gmt":"2026-03-18T12:20:14","slug":"zara-barack-szinu-feloldalas-kotott-felso","status":"publish","type":"product","link":"https:\/\/vizomix.hu\/en\/product\/zara-barack-szinu-feloldalas-kotott-felso\/","title":{"rendered":"Zara barack sz\u00edn\u0171 f\u00e9loldalas k\u00f6t\u00f6tt fels\u0151"},"content":{"rendered":"<p>Zara barack sz\u00edn\u0171 f\u00e9loldalas k\u00f6t\u00f6tt fels\u0151<\/p>\n<p>N\u0151ies \u00e9s k\u00fcl\u00f6nleges darab, amely st\u00edlusos megjelen\u00e9st biztos\u00edt. Ez a Zara barack sz\u00edn\u0171 k\u00f6t\u00f6tt fels\u0151 l\u00e1gy \u00e1rnyalat\u00e1nak \u00e9s puha anyag\u00e1nak k\u00f6sz\u00f6nhet\u0151en kellemes viseletet ny\u00fajt.<\/p>\n<p>A f\u00e9loldalas kialak\u00edt\u00e1s modern, figyelemfelkelt\u0151 r\u00e9szletk\u00e9nt emeli ki a fazont, mik\u00f6zben csinos, eleg\u00e1ns \u00f6sszhat\u00e1st teremt. Ide\u00e1lis v\u00e1laszt\u00e1s h\u00e9tk\u00f6znapi outfitekhez vagy alkalmi megjelen\u00e9shez egyar\u00e1nt.<br \/>\nM\u00e9retez\u00e9s: m\u00e9reth\u0171<\/p>","protected":false},"excerpt":{"rendered":"<p>Zara barack sz\u00edn\u0171 f\u00e9loldalas k\u00f6t\u00f6tt fels\u0151 N\u0151ies \u00e9s k\u00fcl\u00f6nleges darab, amely st\u00edlusos megjelen\u00e9st biztos\u00edt. Ez a Zara barack sz\u00edn\u0171 k\u00f6t\u00f6tt<a class=\"read-more\" href=\"https:\/\/vizomix.hu\/en\/product\/zara-barack-szinu-feloldalas-kotott-felso\/\">Tov\u00e1bb<\/a><\/p>","protected":false},"featured_media":2379,"comment_status":"open","ping_status":"closed","template":"","meta":[],"product_brand":[76],"product_cat":[42],"product_tag":[],"class_list":{"0":"post-2381","1":"product","2":"type-product","3":"status-publish","4":"has-post-thumbnail","6":"product_brand-zara","7":"product_cat-felso-ruhazat-top-triko-polo-body-felsoresz","9":"first","10":"instock","11":"taxable","12":"shipping-taxable","13":"purchasable","14":"product-type-variable","15":"add-to-wishlist-before_add_to_cart"},"supplier_id":null,"supplier_sku":"","barcode":null,"atum_controlled":true,"out_stock_date":null,"out_stock_threshold":null,"inheritable":false,"inbound_stock":null,"stock_on_hold":0,"sold_today":0,"sales_last_days":0,"reserved_stock":null,"customer_returns":null,"warehouse_damage":null,"lost_in_post":null,"other_logs":null,"out_stock_days":0,"lost_sales":0,"has_location":null,"update_date":"2026-03-18T12:20:15","atum_locations":[],"atum_stock_status":"instock","restock_status":false,"low_stock_amount":"","sales_update_date":"2026-03-17T19:15:08","calc_backorders":null,"_links":{"self":[{"href":"https:\/\/vizomix.hu\/en\/wp-json\/wp\/v2\/product\/2381","targetHints":{"allow":["GET"]}}],"collection":[{"href":"https:\/\/vizomix.hu\/en\/wp-json\/wp\/v2\/product"}],"about":[{"href":"https:\/\/vizomix.hu\/en\/wp-json\/wp\/v2\/types\/product"}],"replies":[{"embeddable":true,"href":"https:\/\/vizomix.hu\/en\/wp-json\/wp\/v2\/comments?post=2381"}],"wp:featuredmedia":[{"embeddable":true,"href":"https:\/\/vizomix.hu\/en\/wp-json\/wp\/v2\/media\/2379"}],"wp:attachment":[{"href":"https:\/\/vizomix.hu\/en\/wp-json\/wp\/v2\/media?parent=2381"}],"wp:term":[{"taxonomy":"product_brand","embeddable":true,"href":"https:\/\/vizomix.hu\/en\/wp-json\/wp\/v2\/product_brand?post=2381"},{"taxonomy":"product_cat","embeddable":true,"href":"https:\/\/vizomix.hu\/en\/wp-json\/wp\/v2\/product_cat?post=2381"},{"taxonomy":"product_tag","embeddable":true,"href":"https:\/\/vizomix.hu\/en\/wp-json\/wp\/v2\/product_tag?post=2381"}],"curies":[{"name":"wp","href":"https:\/\/api.w.org\/{rel}","templated":true}]}}