{"id":2375,"date":"2026-02-18T20:26:16","date_gmt":"2026-02-18T19:26:16","guid":{"rendered":"https:\/\/vizomix.hu\/termek\/zara-lemone-sarga-es-szurke-passzes-felso\/"},"modified":"2026-03-18T13:20:14","modified_gmt":"2026-03-18T12:20:14","slug":"zara-lemone-sarga-es-szurke-passzes-felso","status":"publish","type":"product","link":"https:\/\/vizomix.hu\/en\/product\/zara-lemone-sarga-es-szurke-passzes-felso\/","title":{"rendered":"Zara lemon s\u00e1rga \u00e9s sz\u00fcrke passz\u00e9s fels\u0151"},"content":{"rendered":"<p>Zara citroms\u00e1rga \u00e9s sz\u00fcrke passz\u00e9s fels\u0151 \u2013 passz\u00e9s aljjal \u00e9s ujjal<\/p>\n<p>K\u00e9nyelmes \u00e9s st\u00edlusos darab, amely sportos, m\u00e9gis trendi megjelen\u00e9st biztos\u00edt. Ez a Zara citroms\u00e1rga \u00e9s sz\u00fcrke kellemes tapint\u00e1s\u00fa anyagb\u00f3l k\u00e9sz\u00fclt, \u00edgy k\u00e9nyelmes viseletet ny\u00fajt.<\/p>\n<p>A passz\u00e9s alj \u00e9s ujjak praktikus r\u00e9szletk\u00e9nt seg\u00edtik a jobb illeszked\u00e9st, mik\u00f6zben modern, lezser hat\u00e1st adnak. Ide\u00e1lis v\u00e1laszt\u00e1s h\u00e9tk\u00f6znapi outfitekhez, farmerrel vagy nadr\u00e1ggal kombin\u00e1lva.<br \/>\nM\u00e9retez\u00e9s: m\u00e9reth\u0171<\/p>","protected":false},"excerpt":{"rendered":"<p>Zara citroms\u00e1rga \u00e9s sz\u00fcrke passz\u00e9s fels\u0151 \u2013 passz\u00e9s aljjal \u00e9s ujjal K\u00e9nyelmes \u00e9s st\u00edlusos darab, amely sportos, m\u00e9gis trendi megjelen\u00e9st<a class=\"read-more\" href=\"https:\/\/vizomix.hu\/en\/product\/zara-lemone-sarga-es-szurke-passzes-felso\/\">Tov\u00e1bb<\/a><\/p>","protected":false},"featured_media":2373,"comment_status":"open","ping_status":"closed","template":"","meta":[],"product_brand":[76],"product_cat":[24],"product_tag":[],"class_list":{"0":"post-2375","1":"product","2":"type-product","3":"status-publish","4":"has-post-thumbnail","6":"product_brand-zara","7":"product_cat-puloverek","9":"first","10":"instock","11":"taxable","12":"shipping-taxable","13":"purchasable","14":"product-type-variable","15":"add-to-wishlist-before_add_to_cart"},"supplier_id":null,"supplier_sku":"","barcode":null,"atum_controlled":true,"out_stock_date":null,"out_stock_threshold":null,"inheritable":false,"inbound_stock":null,"stock_on_hold":0,"sold_today":0,"sales_last_days":0,"reserved_stock":null,"customer_returns":null,"warehouse_damage":null,"lost_in_post":null,"other_logs":null,"out_stock_days":0,"lost_sales":0,"has_location":null,"update_date":"2026-03-18T12:20:15","atum_locations":[],"atum_stock_status":"instock","restock_status":false,"low_stock_amount":"","sales_update_date":"2026-03-17T19:15:08","calc_backorders":null,"_links":{"self":[{"href":"https:\/\/vizomix.hu\/en\/wp-json\/wp\/v2\/product\/2375","targetHints":{"allow":["GET"]}}],"collection":[{"href":"https:\/\/vizomix.hu\/en\/wp-json\/wp\/v2\/product"}],"about":[{"href":"https:\/\/vizomix.hu\/en\/wp-json\/wp\/v2\/types\/product"}],"replies":[{"embeddable":true,"href":"https:\/\/vizomix.hu\/en\/wp-json\/wp\/v2\/comments?post=2375"}],"wp:featuredmedia":[{"embeddable":true,"href":"https:\/\/vizomix.hu\/en\/wp-json\/wp\/v2\/media\/2373"}],"wp:attachment":[{"href":"https:\/\/vizomix.hu\/en\/wp-json\/wp\/v2\/media?parent=2375"}],"wp:term":[{"taxonomy":"product_brand","embeddable":true,"href":"https:\/\/vizomix.hu\/en\/wp-json\/wp\/v2\/product_brand?post=2375"},{"taxonomy":"product_cat","embeddable":true,"href":"https:\/\/vizomix.hu\/en\/wp-json\/wp\/v2\/product_cat?post=2375"},{"taxonomy":"product_tag","embeddable":true,"href":"https:\/\/vizomix.hu\/en\/wp-json\/wp\/v2\/product_tag?post=2375"}],"curies":[{"name":"wp","href":"https:\/\/api.w.org\/{rel}","templated":true}]}}