{"id":2367,"date":"2026-02-18T20:22:17","date_gmt":"2026-02-18T19:22:17","guid":{"rendered":"https:\/\/vizomix.hu\/termek\/zara-kavebarna-organikus-fodros-testhezallo-ruha\/"},"modified":"2026-03-19T16:23:26","modified_gmt":"2026-03-19T15:23:26","slug":"zara-kavebarna-organikus-fodros-testhezallo-ruha","status":"publish","type":"product","link":"https:\/\/vizomix.hu\/en\/product\/zara-kavebarna-organikus-fodros-testhezallo-ruha\/","title":{"rendered":"Zara k\u00e1v\u00e9barna organikus fodros testhez\u00e1ll\u00f3 ruha"},"content":{"rendered":"<p>Zara k\u00e1v\u00e9barna organikus fodros testhez\u00e1ll\u00f3 ruha<\/p>\n<p>N\u0151ies \u00e9s eleg\u00e1ns darab, amely kiemeli a sziluettet. Ez a Zara k\u00e1v\u00e9barna testhez\u00e1ll\u00f3 ruha organikus anyagb\u00f3l k\u00e9sz\u00fclt, \u00edgy k\u00e9nyelmes \u00e9s kellemes viseletet biztos\u00edt.<\/p>\n<p>A fodros r\u00e9szletek finom, romantikus hangulatot adnak a ruh\u00e1nak, mik\u00f6zben a karcs\u00fas\u00edtott fazon el\u0151ny\u00f6sen hangs\u00falyozza az alakot. T\u00f6k\u00e9letes v\u00e1laszt\u00e1s alkalmi esem\u00e9nyekre, vacsor\u00e1kra vagy csinos h\u00e9tk\u00f6znapi megjelen\u00e9shez.<br \/>\nM\u00e9retez\u00e9s: m\u00e9retazonos<\/p>","protected":false},"excerpt":{"rendered":"<p>Zara k\u00e1v\u00e9barna organikus fodros testhez\u00e1ll\u00f3 ruha N\u0151ies \u00e9s eleg\u00e1ns darab, amely kiemeli a sziluettet. Ez a Zara k\u00e1v\u00e9barna testhez\u00e1ll\u00f3 ruha<a class=\"read-more\" href=\"https:\/\/vizomix.hu\/en\/product\/zara-kavebarna-organikus-fodros-testhezallo-ruha\/\">Tov\u00e1bb<\/a><\/p>","protected":false},"featured_media":6970,"comment_status":"open","ping_status":"closed","template":"","meta":[],"product_brand":[76],"product_cat":[34],"product_tag":[],"class_list":{"0":"post-2367","1":"product","2":"type-product","3":"status-publish","4":"has-post-thumbnail","6":"product_brand-zara","7":"product_cat-rovid-ruhak-overalok","9":"first","10":"instock","11":"taxable","12":"shipping-taxable","13":"purchasable","14":"product-type-variable","15":"add-to-wishlist-before_add_to_cart"},"supplier_id":null,"supplier_sku":"","barcode":null,"atum_controlled":true,"out_stock_date":null,"out_stock_threshold":null,"inheritable":false,"inbound_stock":null,"stock_on_hold":0,"sold_today":0,"sales_last_days":0,"reserved_stock":null,"customer_returns":null,"warehouse_damage":null,"lost_in_post":null,"other_logs":null,"out_stock_days":0,"lost_sales":0,"has_location":null,"update_date":"2026-03-19T15:23:26","atum_locations":[],"atum_stock_status":"instock","restock_status":false,"low_stock_amount":"","sales_update_date":"2026-03-17T19:15:08","calc_backorders":null,"_links":{"self":[{"href":"https:\/\/vizomix.hu\/en\/wp-json\/wp\/v2\/product\/2367","targetHints":{"allow":["GET"]}}],"collection":[{"href":"https:\/\/vizomix.hu\/en\/wp-json\/wp\/v2\/product"}],"about":[{"href":"https:\/\/vizomix.hu\/en\/wp-json\/wp\/v2\/types\/product"}],"replies":[{"embeddable":true,"href":"https:\/\/vizomix.hu\/en\/wp-json\/wp\/v2\/comments?post=2367"}],"wp:featuredmedia":[{"embeddable":true,"href":"https:\/\/vizomix.hu\/en\/wp-json\/wp\/v2\/media\/6970"}],"wp:attachment":[{"href":"https:\/\/vizomix.hu\/en\/wp-json\/wp\/v2\/media?parent=2367"}],"wp:term":[{"taxonomy":"product_brand","embeddable":true,"href":"https:\/\/vizomix.hu\/en\/wp-json\/wp\/v2\/product_brand?post=2367"},{"taxonomy":"product_cat","embeddable":true,"href":"https:\/\/vizomix.hu\/en\/wp-json\/wp\/v2\/product_cat?post=2367"},{"taxonomy":"product_tag","embeddable":true,"href":"https:\/\/vizomix.hu\/en\/wp-json\/wp\/v2\/product_tag?post=2367"}],"curies":[{"name":"wp","href":"https:\/\/api.w.org\/{rel}","templated":true}]}}