{"id":2321,"date":"2026-02-18T20:11:00","date_gmt":"2026-02-18T19:11:00","guid":{"rendered":"https:\/\/vizomix.hu\/termek\/zara-puha-velur-csinos-poloruha\/"},"modified":"2026-03-18T13:20:14","modified_gmt":"2026-03-18T12:20:14","slug":"zara-puha-velur-csinos-poloruha","status":"publish","type":"product","link":"https:\/\/vizomix.hu\/en\/product\/zara-puha-velur-csinos-poloruha\/","title":{"rendered":"Zara soft suede pretty t-shirt dress"},"content":{"rendered":"<p>Zara puha vel\u00far csinos p\u00f3l\u00f3ruha \u2013 piros, fekete \u00e9s b\u00e9zs sz\u00ednben<\/p>\n<p>K\u00e9nyelmes \u00e9s n\u0151ies darab, amely st\u00edlusos megjelen\u00e9st biztos\u00edt. Ez a Zara p\u00f3l\u00f3ruha puha vel\u00far anyagb\u00f3l k\u00e9sz\u00fclt, \u00edgy kellemes viseletet ny\u00fajt eg\u00e9sz nap.<\/p>\n<p>Letisztult szab\u00e1sa csinos, m\u00e9gis k\u00f6nnyed megjelen\u00e9st ad. Piros, fekete \u00e9s b\u00e9zs sz\u00ednekben is el\u00e9rhet\u0151, \u00edgy k\u00f6nnyen megtal\u00e1lhatod a hozz\u00e1d legink\u00e1bb ill\u0151 v\u00e1ltozatot. Ide\u00e1lis v\u00e1laszt\u00e1s h\u00e9tk\u00f6znapi outfitekhez vagy laz\u00e1n eleg\u00e1ns megjelen\u00e9shez.<br \/>\nM\u00e9retez\u00e9s: m\u00e9reth\u0171<\/p>","protected":false},"excerpt":{"rendered":"<p>Zara puha vel\u00far csinos p\u00f3l\u00f3ruha \u2013 piros, fekete \u00e9s b\u00e9zs sz\u00ednben K\u00e9nyelmes \u00e9s n\u0151ies darab, amely st\u00edlusos megjelen\u00e9st biztos\u00edt. Ez<a class=\"read-more\" href=\"https:\/\/vizomix.hu\/en\/product\/zara-puha-velur-csinos-poloruha\/\">Tov\u00e1bb<\/a><\/p>","protected":false},"featured_media":6100,"comment_status":"open","ping_status":"closed","template":"","meta":[],"product_brand":[76],"product_cat":[34],"product_tag":[],"class_list":{"0":"post-2321","1":"product","2":"type-product","3":"status-publish","4":"has-post-thumbnail","6":"product_brand-zara","7":"product_cat-rovid-ruhak-overalok","9":"first","10":"instock","11":"taxable","12":"shipping-taxable","13":"purchasable","14":"product-type-variable","15":"add-to-wishlist-before_add_to_cart"},"supplier_id":null,"supplier_sku":"","barcode":null,"atum_controlled":true,"out_stock_date":null,"out_stock_threshold":null,"inheritable":false,"inbound_stock":null,"stock_on_hold":0,"sold_today":0,"sales_last_days":0,"reserved_stock":null,"customer_returns":null,"warehouse_damage":null,"lost_in_post":null,"other_logs":null,"out_stock_days":0,"lost_sales":0,"has_location":null,"update_date":"2026-03-18T12:20:15","atum_locations":[],"atum_stock_status":"instock","restock_status":false,"low_stock_amount":"","sales_update_date":"2026-03-17T19:15:08","calc_backorders":null,"_links":{"self":[{"href":"https:\/\/vizomix.hu\/en\/wp-json\/wp\/v2\/product\/2321","targetHints":{"allow":["GET"]}}],"collection":[{"href":"https:\/\/vizomix.hu\/en\/wp-json\/wp\/v2\/product"}],"about":[{"href":"https:\/\/vizomix.hu\/en\/wp-json\/wp\/v2\/types\/product"}],"replies":[{"embeddable":true,"href":"https:\/\/vizomix.hu\/en\/wp-json\/wp\/v2\/comments?post=2321"}],"wp:featuredmedia":[{"embeddable":true,"href":"https:\/\/vizomix.hu\/en\/wp-json\/wp\/v2\/media\/6100"}],"wp:attachment":[{"href":"https:\/\/vizomix.hu\/en\/wp-json\/wp\/v2\/media?parent=2321"}],"wp:term":[{"taxonomy":"product_brand","embeddable":true,"href":"https:\/\/vizomix.hu\/en\/wp-json\/wp\/v2\/product_brand?post=2321"},{"taxonomy":"product_cat","embeddable":true,"href":"https:\/\/vizomix.hu\/en\/wp-json\/wp\/v2\/product_cat?post=2321"},{"taxonomy":"product_tag","embeddable":true,"href":"https:\/\/vizomix.hu\/en\/wp-json\/wp\/v2\/product_tag?post=2321"}],"curies":[{"name":"wp","href":"https:\/\/api.w.org\/{rel}","templated":true}]}}