{"id":2286,"date":"2026-02-18T20:01:15","date_gmt":"2026-02-18T19:01:15","guid":{"rendered":"https:\/\/vizomix.hu\/termek\/zara-fekete-zw-kollekcios-biker-meleg-kabat-jacket\/"},"modified":"2026-03-18T13:20:14","modified_gmt":"2026-03-18T12:20:14","slug":"zara-fekete-zw-kollekcios-biker-meleg-kabat-jacket","status":"publish","type":"product","link":"https:\/\/vizomix.hu\/en\/product\/zara-fekete-zw-kollekcios-biker-meleg-kabat-jacket\/","title":{"rendered":"Zara fekete ZW kollekci\u00f3s Biker meleg kab\u00e1t\/jacket"},"content":{"rendered":"<p>Zara fekete ZW kollekci\u00f3s biker kab\u00e1t\/jacket \u2013 meleg kialak\u00edt\u00e1ssal<\/p>\n<p>St\u00edlusos \u00e9s karakteres darab a Zara ZW kollekci\u00f3b\u00f3l, amely modern megjelen\u00e9st biztos\u00edt. Ez a fekete biker fazon\u00fa kab\u00e1t meleg kialak\u00edt\u00e1s\u00e1nak k\u00f6sz\u00f6nhet\u0151en k\u00e9nyelmes viselet a h\u0171v\u00f6sebb napokon.<\/p>\n<p>A klasszikus biker st\u00edlus vag\u00e1ny, id\u0151t\u00e1ll\u00f3 hat\u00e1st ad, mik\u00f6zben k\u00f6nnyen kombin\u00e1lhat\u00f3 farmerrel, nadr\u00e1ggal vagy ruh\u00e1val. Ide\u00e1lis v\u00e1laszt\u00e1s h\u00e9tk\u00f6znapi outfitekhez vagy trendi, v\u00e1rosi megjelen\u00e9shez.<br \/>\nM\u00e9retez\u00e9s: nagyobb m\u00e9ret<\/p>","protected":false},"excerpt":{"rendered":"<p>Zara fekete ZW kollekci\u00f3s biker kab\u00e1t\/jacket \u2013 meleg kialak\u00edt\u00e1ssal St\u00edlusos \u00e9s karakteres darab a Zara ZW kollekci\u00f3b\u00f3l, amely modern megjelen\u00e9st<a class=\"read-more\" href=\"https:\/\/vizomix.hu\/en\/product\/zara-fekete-zw-kollekcios-biker-meleg-kabat-jacket\/\">Tov\u00e1bb<\/a><\/p>","protected":false},"featured_media":2283,"comment_status":"open","ping_status":"closed","template":"","meta":[],"product_brand":[76],"product_cat":[23],"product_tag":[],"class_list":{"0":"post-2286","1":"product","2":"type-product","3":"status-publish","4":"has-post-thumbnail","6":"product_brand-zara","7":"product_cat-kabatok","9":"first","10":"instock","11":"taxable","12":"shipping-taxable","13":"purchasable","14":"product-type-variable","15":"add-to-wishlist-before_add_to_cart"},"supplier_id":null,"supplier_sku":"","barcode":null,"atum_controlled":true,"out_stock_date":null,"out_stock_threshold":null,"inheritable":false,"inbound_stock":0,"stock_on_hold":0,"sold_today":0,"sales_last_days":0,"reserved_stock":0,"customer_returns":0,"warehouse_damage":0,"lost_in_post":0,"other_logs":0,"out_stock_days":0,"lost_sales":0,"has_location":false,"update_date":"2026-03-18T12:20:15","atum_locations":[],"atum_stock_status":"instock","restock_status":false,"low_stock_amount":"","sales_update_date":"2026-03-17T19:15:08","calc_backorders":null,"_links":{"self":[{"href":"https:\/\/vizomix.hu\/en\/wp-json\/wp\/v2\/product\/2286","targetHints":{"allow":["GET"]}}],"collection":[{"href":"https:\/\/vizomix.hu\/en\/wp-json\/wp\/v2\/product"}],"about":[{"href":"https:\/\/vizomix.hu\/en\/wp-json\/wp\/v2\/types\/product"}],"replies":[{"embeddable":true,"href":"https:\/\/vizomix.hu\/en\/wp-json\/wp\/v2\/comments?post=2286"}],"wp:featuredmedia":[{"embeddable":true,"href":"https:\/\/vizomix.hu\/en\/wp-json\/wp\/v2\/media\/2283"}],"wp:attachment":[{"href":"https:\/\/vizomix.hu\/en\/wp-json\/wp\/v2\/media?parent=2286"}],"wp:term":[{"taxonomy":"product_brand","embeddable":true,"href":"https:\/\/vizomix.hu\/en\/wp-json\/wp\/v2\/product_brand?post=2286"},{"taxonomy":"product_cat","embeddable":true,"href":"https:\/\/vizomix.hu\/en\/wp-json\/wp\/v2\/product_cat?post=2286"},{"taxonomy":"product_tag","embeddable":true,"href":"https:\/\/vizomix.hu\/en\/wp-json\/wp\/v2\/product_tag?post=2286"}],"curies":[{"name":"wp","href":"https:\/\/api.w.org\/{rel}","templated":true}]}}