{"id":2280,"date":"2026-02-18T19:58:00","date_gmt":"2026-02-18T18:58:00","guid":{"rendered":"https:\/\/vizomix.hu\/termek\/zara-piros-hosszitott-50-gyapju-tartalmu-dogos-szovetkabat\/"},"modified":"2026-03-18T13:20:14","modified_gmt":"2026-03-18T12:20:14","slug":"zara-piros-hosszitott-50-gyapju-tartalmu-dogos-szovetkabat","status":"publish","type":"product","link":"https:\/\/vizomix.hu\/en\/product\/zara-piros-hosszitott-50-gyapju-tartalmu-dogos-szovetkabat\/","title":{"rendered":"Zara piros hossz\u00edtott 50% gyapj\u00fa tartalm\u00fa d\u00f6g\u00f6s sz\u00f6vetkab\u00e1t"},"content":{"rendered":"<p>Zara piros hossz\u00edtott sz\u00f6vetkab\u00e1t \u2013 50% gyapj\u00fa<\/p>\n<p>Karakteres \u00e9s eleg\u00e1ns darab, amely igaz\u00e1n felt\u0171n\u0151 megjelen\u00e9st biztos\u00edt. Ez a Zara piros hossz\u00edtott sz\u00f6vetkab\u00e1t 50% gyapj\u00fa tartalm\u00e1nak k\u00f6sz\u00f6nhet\u0151en meleg \u00e9s k\u00e9nyelmes viseletet ny\u00fajt a h\u0171v\u00f6sebb napokon.<\/p>\n<p>A hossz\u00edtott fazon n\u0151ies, kifinomult sziluettet ad, mik\u00f6zben a piros sz\u00edn magabiztos, \u201ed\u00f6g\u00f6s\u201d megjelen\u00e9st k\u00f6lcs\u00f6n\u00f6z. Ide\u00e1lis v\u00e1laszt\u00e1s irod\u00e1ba, alkalmi esem\u00e9nyekre vagy amikor egy igaz\u00e1n st\u00edlusos kab\u00e1tot szeretn\u00e9l viselni.<br \/>\nM\u00e9retez\u00e9s: nagyobb m\u00e9ret<\/p>","protected":false},"excerpt":{"rendered":"<p>Zara piros hossz\u00edtott sz\u00f6vetkab\u00e1t \u2013 50% gyapj\u00fa Karakteres \u00e9s eleg\u00e1ns darab, amely igaz\u00e1n felt\u0171n\u0151 megjelen\u00e9st biztos\u00edt. Ez a Zara piros<a class=\"read-more\" href=\"https:\/\/vizomix.hu\/en\/product\/zara-piros-hosszitott-50-gyapju-tartalmu-dogos-szovetkabat\/\">Tov\u00e1bb<\/a><\/p>","protected":false},"featured_media":2277,"comment_status":"open","ping_status":"closed","template":"","meta":[],"product_brand":[76],"product_cat":[23],"product_tag":[],"class_list":{"0":"post-2280","1":"product","2":"type-product","3":"status-publish","4":"has-post-thumbnail","6":"product_brand-zara","7":"product_cat-kabatok","9":"first","10":"instock","11":"taxable","12":"shipping-taxable","13":"purchasable","14":"product-type-variable","15":"add-to-wishlist-before_add_to_cart"},"supplier_id":null,"supplier_sku":"","barcode":null,"atum_controlled":true,"out_stock_date":null,"out_stock_threshold":null,"inheritable":false,"inbound_stock":0,"stock_on_hold":0,"sold_today":0,"sales_last_days":0,"reserved_stock":0,"customer_returns":0,"warehouse_damage":0,"lost_in_post":0,"other_logs":0,"out_stock_days":0,"lost_sales":0,"has_location":false,"update_date":"2026-03-18T12:20:15","atum_locations":[],"atum_stock_status":"instock","restock_status":false,"low_stock_amount":"","sales_update_date":"2026-03-17T19:15:08","calc_backorders":null,"_links":{"self":[{"href":"https:\/\/vizomix.hu\/en\/wp-json\/wp\/v2\/product\/2280","targetHints":{"allow":["GET"]}}],"collection":[{"href":"https:\/\/vizomix.hu\/en\/wp-json\/wp\/v2\/product"}],"about":[{"href":"https:\/\/vizomix.hu\/en\/wp-json\/wp\/v2\/types\/product"}],"replies":[{"embeddable":true,"href":"https:\/\/vizomix.hu\/en\/wp-json\/wp\/v2\/comments?post=2280"}],"wp:featuredmedia":[{"embeddable":true,"href":"https:\/\/vizomix.hu\/en\/wp-json\/wp\/v2\/media\/2277"}],"wp:attachment":[{"href":"https:\/\/vizomix.hu\/en\/wp-json\/wp\/v2\/media?parent=2280"}],"wp:term":[{"taxonomy":"product_brand","embeddable":true,"href":"https:\/\/vizomix.hu\/en\/wp-json\/wp\/v2\/product_brand?post=2280"},{"taxonomy":"product_cat","embeddable":true,"href":"https:\/\/vizomix.hu\/en\/wp-json\/wp\/v2\/product_cat?post=2280"},{"taxonomy":"product_tag","embeddable":true,"href":"https:\/\/vizomix.hu\/en\/wp-json\/wp\/v2\/product_tag?post=2280"}],"curies":[{"name":"wp","href":"https:\/\/api.w.org\/{rel}","templated":true}]}}