{"id":2274,"date":"2026-02-18T19:54:17","date_gmt":"2026-02-18T18:54:17","guid":{"rendered":"https:\/\/vizomix.hu\/termek\/zara-csodaszep-bordo-75-gyapju-tartalmu-elegans-szovetkabat-arany-diszgombokkal\/"},"modified":"2026-03-18T13:20:14","modified_gmt":"2026-03-18T12:20:14","slug":"zara-csodaszep-bordo-75-gyapju-tartalmu-elegans-szovetkabat-arany-diszgombokkal","status":"publish","type":"product","link":"https:\/\/vizomix.hu\/en\/product\/zara-csodaszep-bordo-75-gyapju-tartalmu-elegans-szovetkabat-arany-diszgombokkal\/","title":{"rendered":"Zara csodasz\u00e9p bord\u00f3 75% gyapj\u00fa tartalm\u00fa eleg\u00e1ns sz\u00f6vetkab\u00e1t arany d\u00edszgombokkal"},"content":{"rendered":"<p>Zara bord\u00f3 eleg\u00e1ns sz\u00f6vetkab\u00e1t \u2013 75% gyapj\u00fa, arany d\u00edszgombokkal<\/p>\n<p>Csodasz\u00e9p \u00e9s kifinomult darab, amely eleg\u00e1ns megjelen\u00e9st biztos\u00edt a h\u0171v\u00f6sebb napokon. Ez a Zara bord\u00f3 sz\u00f6vetkab\u00e1t 75% gyapj\u00fa tartalm\u00e1nak k\u00f6sz\u00f6nhet\u0151en meleg \u00e9s k\u00e9nyelmes viseletet ny\u00fajt.<\/p>\n<p>Az arany d\u00edszgombok exkluz\u00edv, n\u0151ies r\u00e9szletk\u00e9nt emelik ki a fazont, mik\u00f6zben a klasszikus szab\u00e1s id\u0151t\u00e1ll\u00f3 megjelen\u00e9st ad. Ide\u00e1lis v\u00e1laszt\u00e1s irodai outfitekhez, alkalmi esem\u00e9nyekre vagy eleg\u00e1ns h\u00e9tk\u00f6znapi megjelen\u00e9shez.<br \/>\nM\u00e9retez\u00e9s: m\u00e9reth\u0171<\/p>","protected":false},"excerpt":{"rendered":"<p>Zara bord\u00f3 eleg\u00e1ns sz\u00f6vetkab\u00e1t \u2013 75% gyapj\u00fa, arany d\u00edszgombokkal Csodasz\u00e9p \u00e9s kifinomult darab, amely eleg\u00e1ns megjelen\u00e9st biztos\u00edt a h\u0171v\u00f6sebb napokon.<a class=\"read-more\" href=\"https:\/\/vizomix.hu\/en\/product\/zara-csodaszep-bordo-75-gyapju-tartalmu-elegans-szovetkabat-arany-diszgombokkal\/\">Tov\u00e1bb<\/a><\/p>","protected":false},"featured_media":2301,"comment_status":"open","ping_status":"closed","template":"","meta":[],"product_brand":[76],"product_cat":[23],"product_tag":[],"class_list":{"0":"post-2274","1":"product","2":"type-product","3":"status-publish","4":"has-post-thumbnail","6":"product_brand-zara","7":"product_cat-kabatok","9":"first","10":"instock","11":"taxable","12":"shipping-taxable","13":"purchasable","14":"product-type-variable","15":"add-to-wishlist-before_add_to_cart"},"supplier_id":null,"supplier_sku":"","barcode":null,"atum_controlled":true,"out_stock_date":null,"out_stock_threshold":null,"inheritable":false,"inbound_stock":0,"stock_on_hold":0,"sold_today":0,"sales_last_days":0,"reserved_stock":0,"customer_returns":0,"warehouse_damage":0,"lost_in_post":0,"other_logs":0,"out_stock_days":0,"lost_sales":0,"has_location":false,"update_date":"2026-03-18T12:20:15","atum_locations":[],"atum_stock_status":"instock","restock_status":false,"low_stock_amount":"","sales_update_date":"2026-03-17T19:15:08","calc_backorders":null,"_links":{"self":[{"href":"https:\/\/vizomix.hu\/en\/wp-json\/wp\/v2\/product\/2274","targetHints":{"allow":["GET"]}}],"collection":[{"href":"https:\/\/vizomix.hu\/en\/wp-json\/wp\/v2\/product"}],"about":[{"href":"https:\/\/vizomix.hu\/en\/wp-json\/wp\/v2\/types\/product"}],"replies":[{"embeddable":true,"href":"https:\/\/vizomix.hu\/en\/wp-json\/wp\/v2\/comments?post=2274"}],"wp:featuredmedia":[{"embeddable":true,"href":"https:\/\/vizomix.hu\/en\/wp-json\/wp\/v2\/media\/2301"}],"wp:attachment":[{"href":"https:\/\/vizomix.hu\/en\/wp-json\/wp\/v2\/media?parent=2274"}],"wp:term":[{"taxonomy":"product_brand","embeddable":true,"href":"https:\/\/vizomix.hu\/en\/wp-json\/wp\/v2\/product_brand?post=2274"},{"taxonomy":"product_cat","embeddable":true,"href":"https:\/\/vizomix.hu\/en\/wp-json\/wp\/v2\/product_cat?post=2274"},{"taxonomy":"product_tag","embeddable":true,"href":"https:\/\/vizomix.hu\/en\/wp-json\/wp\/v2\/product_tag?post=2274"}],"curies":[{"name":"wp","href":"https:\/\/api.w.org\/{rel}","templated":true}]}}