{"id":2265,"date":"2026-02-18T19:49:40","date_gmt":"2026-02-18T18:49:40","guid":{"rendered":"https:\/\/vizomix.hu\/termek\/zara-hosszu-bezs-42-gyapju-tartalmu-csinos-szovetkabat-kotovel\/"},"modified":"2026-03-18T13:20:14","modified_gmt":"2026-03-18T12:20:14","slug":"zara-hosszu-bezs-42-gyapju-tartalmu-csinos-szovetkabat-kotovel","status":"publish","type":"product","link":"https:\/\/vizomix.hu\/en\/product\/zara-hosszu-bezs-42-gyapju-tartalmu-csinos-szovetkabat-kotovel\/","title":{"rendered":"Zara hossz\u00fa b\u00e9zs 42% gyapj\u00fa tartalm\u00fa csinos sz\u00f6vetkab\u00e1t k\u00f6t\u0151vel"},"content":{"rendered":"<p>Zara hossz\u00fa b\u00e9zs sz\u00f6vetkab\u00e1t \u2013 42% gyapj\u00fa, k\u00f6t\u0151vel<\/p>\n<p>Eleg\u00e1ns \u00e9s id\u0151t\u00e1ll\u00f3 darab, amely t\u00f6k\u00e9letes v\u00e1laszt\u00e1s a h\u0171v\u00f6sebb napokra. Ez a Zara hossz\u00fa b\u00e9zs sz\u00f6vetkab\u00e1t 42% gyapj\u00fa tartalm\u00e1nak k\u00f6sz\u00f6nhet\u0151en meleg \u00e9s k\u00e9nyelmes viseletet biztos\u00edt, mik\u00f6zben kifinomult megjelen\u00e9st ad.<\/p>\n<p>A hozz\u00e1 tartoz\u00f3 k\u00f6t\u0151 finoman hangs\u00falyozza a der\u00e9kvonalat, n\u0151ies, csinos sziluettet teremtve. Ide\u00e1lis v\u00e1laszt\u00e1s irod\u00e1ba, alkalmi esem\u00e9nyekre vagy st\u00edlusos h\u00e9tk\u00f6znapi megjelen\u00e9shez.<br \/>\nM\u00e9retez\u00e9s: nagyobb m\u00e9ret<\/p>","protected":false},"excerpt":{"rendered":"<p>Zara hossz\u00fa b\u00e9zs sz\u00f6vetkab\u00e1t \u2013 42% gyapj\u00fa, k\u00f6t\u0151vel Eleg\u00e1ns \u00e9s id\u0151t\u00e1ll\u00f3 darab, amely t\u00f6k\u00e9letes v\u00e1laszt\u00e1s a h\u0171v\u00f6sebb napokra. Ez a<a class=\"read-more\" href=\"https:\/\/vizomix.hu\/en\/product\/zara-hosszu-bezs-42-gyapju-tartalmu-csinos-szovetkabat-kotovel\/\">Tov\u00e1bb<\/a><\/p>","protected":false},"featured_media":2263,"comment_status":"open","ping_status":"closed","template":"","meta":[],"product_brand":[76],"product_cat":[23],"product_tag":[],"class_list":{"0":"post-2265","1":"product","2":"type-product","3":"status-publish","4":"has-post-thumbnail","6":"product_brand-zara","7":"product_cat-kabatok","9":"first","10":"instock","11":"taxable","12":"shipping-taxable","13":"purchasable","14":"product-type-variable","15":"add-to-wishlist-before_add_to_cart"},"supplier_id":null,"supplier_sku":"","barcode":null,"atum_controlled":true,"out_stock_date":null,"out_stock_threshold":null,"inheritable":false,"inbound_stock":0,"stock_on_hold":0,"sold_today":0,"sales_last_days":0,"reserved_stock":0,"customer_returns":0,"warehouse_damage":0,"lost_in_post":0,"other_logs":0,"out_stock_days":0,"lost_sales":0,"has_location":false,"update_date":"2026-03-18T12:20:15","atum_locations":[],"atum_stock_status":"instock","restock_status":false,"low_stock_amount":"","sales_update_date":"2026-03-17T19:15:08","calc_backorders":null,"_links":{"self":[{"href":"https:\/\/vizomix.hu\/en\/wp-json\/wp\/v2\/product\/2265","targetHints":{"allow":["GET"]}}],"collection":[{"href":"https:\/\/vizomix.hu\/en\/wp-json\/wp\/v2\/product"}],"about":[{"href":"https:\/\/vizomix.hu\/en\/wp-json\/wp\/v2\/types\/product"}],"replies":[{"embeddable":true,"href":"https:\/\/vizomix.hu\/en\/wp-json\/wp\/v2\/comments?post=2265"}],"wp:featuredmedia":[{"embeddable":true,"href":"https:\/\/vizomix.hu\/en\/wp-json\/wp\/v2\/media\/2263"}],"wp:attachment":[{"href":"https:\/\/vizomix.hu\/en\/wp-json\/wp\/v2\/media?parent=2265"}],"wp:term":[{"taxonomy":"product_brand","embeddable":true,"href":"https:\/\/vizomix.hu\/en\/wp-json\/wp\/v2\/product_brand?post=2265"},{"taxonomy":"product_cat","embeddable":true,"href":"https:\/\/vizomix.hu\/en\/wp-json\/wp\/v2\/product_cat?post=2265"},{"taxonomy":"product_tag","embeddable":true,"href":"https:\/\/vizomix.hu\/en\/wp-json\/wp\/v2\/product_tag?post=2265"}],"curies":[{"name":"wp","href":"https:\/\/api.w.org\/{rel}","templated":true}]}}