{"id":2260,"date":"2026-02-18T19:47:43","date_gmt":"2026-02-18T18:47:43","guid":{"rendered":"https:\/\/vizomix.hu\/termek\/zara-kek-feher-kockas-textured-blezer-nagy-diszgombokkal\/"},"modified":"2026-04-03T01:07:00","modified_gmt":"2026-04-02T23:07:00","slug":"zara-kek-feher-kockas-textured-blezer-nagy-diszgombokkal","status":"publish","type":"product","link":"https:\/\/vizomix.hu\/en\/product\/zara-kek-feher-kockas-textured-blezer-nagy-diszgombokkal\/","title":{"rendered":"Zara k\u00e9k\/feh\u00e9r kock\u00e1s textured bl\u00e9zer nagy d\u00edszgombokkal"},"content":{"rendered":"<p>Zara k\u00e9k\u2013feh\u00e9r kock\u00e1s textur\u00e1lt bl\u00e9zer \u2013 nagy d\u00edszgombokkal<\/p>\n<p>Eleg\u00e1ns \u00e9s karakteres darab, amely st\u00edlusos megjelen\u00e9st biztos\u00edt. Ez a Zara k\u00e9k \u00e9s feh\u00e9r kock\u00e1s, textur\u00e1lt anyag\u00fa bl\u00e9zer klasszikus mint\u00e1j\u00e1val \u00e9s k\u00fcl\u00f6nleges fel\u00fclet\u00e9vel kifinomult hat\u00e1st kelt.<\/p>\n<p>A nagy d\u00edszgombok felt\u0171n\u0151, eleg\u00e1ns r\u00e9szletk\u00e9nt emelik ki a fazont. T\u00f6k\u00e9letes v\u00e1laszt\u00e1s irodai outfitekhez, alkalmi esem\u00e9nyekre vagy csinos h\u00e9tk\u00f6znapi megjelen\u00e9shez, k\u00f6nnyen kombin\u00e1lhat\u00f3 nadr\u00e1ggal vagy szokny\u00e1val is.<br \/>\nM\u00e9retez\u00e9s: m\u00e9reth\u0171<\/p>","protected":false},"excerpt":{"rendered":"<p>Zara k\u00e9k\u2013feh\u00e9r kock\u00e1s textur\u00e1lt bl\u00e9zer \u2013 nagy d\u00edszgombokkal Eleg\u00e1ns \u00e9s karakteres darab, amely st\u00edlusos megjelen\u00e9st biztos\u00edt. Ez a Zara k\u00e9k<a class=\"read-more\" href=\"https:\/\/vizomix.hu\/en\/product\/zara-kek-feher-kockas-textured-blezer-nagy-diszgombokkal\/\">Tov\u00e1bb<\/a><\/p>","protected":false},"featured_media":6594,"comment_status":"open","ping_status":"closed","template":"","meta":[],"product_brand":[76],"product_cat":[38],"product_tag":[],"class_list":{"0":"post-2260","1":"product","2":"type-product","3":"status-publish","4":"has-post-thumbnail","6":"product_brand-zara","7":"product_cat-blezerek","9":"first","10":"instock","11":"taxable","12":"shipping-taxable","13":"purchasable","14":"product-type-variable","15":"add-to-wishlist-before_add_to_cart"},"supplier_id":null,"supplier_sku":"","barcode":null,"atum_controlled":true,"out_stock_date":null,"out_stock_threshold":null,"inheritable":false,"inbound_stock":null,"stock_on_hold":0,"sold_today":0,"sales_last_days":1,"reserved_stock":null,"customer_returns":null,"warehouse_damage":null,"lost_in_post":null,"other_logs":null,"out_stock_days":0,"lost_sales":0,"has_location":null,"update_date":"2026-04-02T23:07:01","atum_locations":[],"atum_stock_status":"instock","restock_status":false,"low_stock_amount":"","sales_update_date":"2026-03-19T05:38:02","calc_backorders":null,"_links":{"self":[{"href":"https:\/\/vizomix.hu\/en\/wp-json\/wp\/v2\/product\/2260","targetHints":{"allow":["GET"]}}],"collection":[{"href":"https:\/\/vizomix.hu\/en\/wp-json\/wp\/v2\/product"}],"about":[{"href":"https:\/\/vizomix.hu\/en\/wp-json\/wp\/v2\/types\/product"}],"replies":[{"embeddable":true,"href":"https:\/\/vizomix.hu\/en\/wp-json\/wp\/v2\/comments?post=2260"}],"wp:featuredmedia":[{"embeddable":true,"href":"https:\/\/vizomix.hu\/en\/wp-json\/wp\/v2\/media\/6594"}],"wp:attachment":[{"href":"https:\/\/vizomix.hu\/en\/wp-json\/wp\/v2\/media?parent=2260"}],"wp:term":[{"taxonomy":"product_brand","embeddable":true,"href":"https:\/\/vizomix.hu\/en\/wp-json\/wp\/v2\/product_brand?post=2260"},{"taxonomy":"product_cat","embeddable":true,"href":"https:\/\/vizomix.hu\/en\/wp-json\/wp\/v2\/product_cat?post=2260"},{"taxonomy":"product_tag","embeddable":true,"href":"https:\/\/vizomix.hu\/en\/wp-json\/wp\/v2\/product_tag?post=2260"}],"curies":[{"name":"wp","href":"https:\/\/api.w.org\/{rel}","templated":true}]}}