{"id":2219,"date":"2026-02-18T14:33:49","date_gmt":"2026-02-18T13:33:49","guid":{"rendered":"https:\/\/vizomix.hu\/termek\/zara-fekete-feher-husszinu-csodaszep-laza-szaten-ing-felso-gombokkal\/"},"modified":"2026-03-18T13:20:38","modified_gmt":"2026-03-18T12:20:38","slug":"zara-fekete-feher-husszinu-csodaszep-laza-szaten-ing-felso-gombokkal","status":"publish","type":"product","link":"https:\/\/vizomix.hu\/en\/product\/zara-fekete-feher-husszinu-csodaszep-laza-szaten-ing-felso-gombokkal\/","title":{"rendered":"Zara black and white beautiful loose satin shirt with buttons on top"},"content":{"rendered":"<p>Zara fekete \u00e9s feh\u00e9r laza szat\u00e9n ing\/fels\u0151 \u2013 gombos kialak\u00edt\u00e1ssal<\/p>\n<p>Eleg\u00e1ns \u00e9s n\u0151ies darab, amely l\u00e1gy es\u00e9s\u0171 szat\u00e9n anyag\u00e1nak k\u00f6sz\u00f6nhet\u0151en kifinomult megjelen\u00e9st biztos\u00edt. A laza szab\u00e1s k\u00e9nyelmes viseletet ny\u00fajt, az el\u00fcls\u0151 gombos z\u00e1r\u00f3d\u00e1s pedig klasszikus, id\u0151t\u00e1ll\u00f3 r\u00e9szlet.<\/p>\n<p>A fekete v\u00e1ltozat XS \u00e9s S m\u00e9retben \u00e9rhet\u0151 el, oldalt nem felv\u00e1gott kialak\u00edt\u00e1ssal. A feh\u00e9r v\u00e1ltozat S m\u00e9retben el\u00e9rhet\u0151, oldalt felv\u00e1gott fazonnal, ami k\u00f6nnyedebb es\u00e9st \u00e9s modernebb megjelen\u00e9st ad.<\/p>\n<p>T\u00f6k\u00e9letes v\u00e1laszt\u00e1s eleg\u00e1ns h\u00e9tk\u00f6znapi outfitekhez, irod\u00e1ba vagy alkalmi megjelen\u00e9shez.<br \/>\nM\u00e9retez\u00e9s: nagyobb m\u00e9ret<\/p>","protected":false},"excerpt":{"rendered":"<p>Zara fekete \u00e9s feh\u00e9r laza szat\u00e9n ing\/fels\u0151 \u2013 gombos kialak\u00edt\u00e1ssal Eleg\u00e1ns \u00e9s n\u0151ies darab, amely l\u00e1gy es\u00e9s\u0171 szat\u00e9n anyag\u00e1nak k\u00f6sz\u00f6nhet\u0151en<a class=\"read-more\" href=\"https:\/\/vizomix.hu\/en\/product\/zara-fekete-feher-husszinu-csodaszep-laza-szaten-ing-felso-gombokkal\/\">Tov\u00e1bb<\/a><\/p>","protected":false},"featured_media":2215,"comment_status":"open","ping_status":"closed","template":"","meta":[],"product_brand":[76],"product_cat":[26],"product_tag":[],"class_list":{"0":"post-2219","1":"product","2":"type-product","3":"status-publish","4":"has-post-thumbnail","6":"product_brand-zara","7":"product_cat-ingek","9":"first","10":"instock","11":"taxable","12":"shipping-taxable","13":"purchasable","14":"product-type-variable","15":"add-to-wishlist-before_add_to_cart"},"supplier_id":null,"supplier_sku":"","barcode":null,"atum_controlled":true,"out_stock_date":null,"out_stock_threshold":null,"inheritable":false,"inbound_stock":null,"stock_on_hold":0,"sold_today":0,"sales_last_days":0,"reserved_stock":null,"customer_returns":null,"warehouse_damage":null,"lost_in_post":null,"other_logs":null,"out_stock_days":0,"lost_sales":0,"has_location":null,"update_date":"2026-03-18T12:20:40","atum_locations":[],"atum_stock_status":"instock","restock_status":false,"low_stock_amount":"","sales_update_date":"2026-03-17T19:15:08","calc_backorders":null,"_links":{"self":[{"href":"https:\/\/vizomix.hu\/en\/wp-json\/wp\/v2\/product\/2219","targetHints":{"allow":["GET"]}}],"collection":[{"href":"https:\/\/vizomix.hu\/en\/wp-json\/wp\/v2\/product"}],"about":[{"href":"https:\/\/vizomix.hu\/en\/wp-json\/wp\/v2\/types\/product"}],"replies":[{"embeddable":true,"href":"https:\/\/vizomix.hu\/en\/wp-json\/wp\/v2\/comments?post=2219"}],"wp:featuredmedia":[{"embeddable":true,"href":"https:\/\/vizomix.hu\/en\/wp-json\/wp\/v2\/media\/2215"}],"wp:attachment":[{"href":"https:\/\/vizomix.hu\/en\/wp-json\/wp\/v2\/media?parent=2219"}],"wp:term":[{"taxonomy":"product_brand","embeddable":true,"href":"https:\/\/vizomix.hu\/en\/wp-json\/wp\/v2\/product_brand?post=2219"},{"taxonomy":"product_cat","embeddable":true,"href":"https:\/\/vizomix.hu\/en\/wp-json\/wp\/v2\/product_cat?post=2219"},{"taxonomy":"product_tag","embeddable":true,"href":"https:\/\/vizomix.hu\/en\/wp-json\/wp\/v2\/product_tag?post=2219"}],"curies":[{"name":"wp","href":"https:\/\/api.w.org\/{rel}","templated":true}]}}