{"id":2213,"date":"2026-02-18T14:31:08","date_gmt":"2026-02-18T13:31:08","guid":{"rendered":"https:\/\/vizomix.hu\/termek\/zara-fekete-kotott-gyongyos-kapucnis-pulover\/"},"modified":"2026-03-18T13:20:38","modified_gmt":"2026-03-18T12:20:38","slug":"zara-fekete-kotott-gyongyos-kapucnis-pulover","status":"publish","type":"product","link":"https:\/\/vizomix.hu\/en\/product\/zara-fekete-kotott-gyongyos-kapucnis-pulover\/","title":{"rendered":"Zara fekete k\u00f6t\u00f6tt gy\u00f6ngy\u00f6s kapucnis pul\u00f3ver"},"content":{"rendered":"<p>Zara fekete k\u00f6t\u00f6tt kapucnis pul\u00f3ver \u2013 gy\u00f6ngy\u00f6s d\u00edsz\u00edt\u00e9ssel<\/p>\n<p>K\u00e9nyelmes \u00e9s k\u00fcl\u00f6nleges darab, amely st\u00edlusos megjelen\u00e9st biztos\u00edt. Ez a Zara fekete k\u00f6t\u00f6tt kapucnis pul\u00f3ver puha anyagb\u00f3l k\u00e9sz\u00fclt, \u00edgy kellemes viseletet ny\u00fajt a h\u0171v\u00f6sebb napokon.<\/p>\n<p>A gy\u00f6ngy\u00f6s d\u00edsz\u00edt\u00e9s eleg\u00e1ns, n\u0151ies r\u00e9szletk\u00e9nt emeli ki a ruhadarabot, mik\u00f6zben a kapucni sportos, modern hat\u00e1st ad. K\u00f6nnyen kombin\u00e1lhat\u00f3 farmerrel vagy nadr\u00e1ggal, \u00edgy ide\u00e1lis v\u00e1laszt\u00e1s h\u00e9tk\u00f6znapi outfitekhez.<br \/>\nM\u00e9retez\u00e9s: nagyobb m\u00e9ret<\/p>","protected":false},"excerpt":{"rendered":"<p>Zara fekete k\u00f6t\u00f6tt kapucnis pul\u00f3ver \u2013 gy\u00f6ngy\u00f6s d\u00edsz\u00edt\u00e9ssel K\u00e9nyelmes \u00e9s k\u00fcl\u00f6nleges darab, amely st\u00edlusos megjelen\u00e9st biztos\u00edt. Ez a Zara fekete<a class=\"read-more\" href=\"https:\/\/vizomix.hu\/en\/product\/zara-fekete-kotott-gyongyos-kapucnis-pulover\/\">Tov\u00e1bb<\/a><\/p>","protected":false},"featured_media":2211,"comment_status":"open","ping_status":"closed","template":"","meta":[],"product_brand":[76],"product_cat":[24],"product_tag":[],"class_list":{"0":"post-2213","1":"product","2":"type-product","3":"status-publish","4":"has-post-thumbnail","6":"product_brand-zara","7":"product_cat-puloverek","9":"first","10":"instock","11":"taxable","12":"shipping-taxable","13":"purchasable","14":"product-type-variable","15":"add-to-wishlist-before_add_to_cart"},"supplier_id":null,"supplier_sku":"","barcode":null,"atum_controlled":true,"out_stock_date":null,"out_stock_threshold":null,"inheritable":false,"inbound_stock":null,"stock_on_hold":0,"sold_today":0,"sales_last_days":0,"reserved_stock":null,"customer_returns":null,"warehouse_damage":null,"lost_in_post":null,"other_logs":null,"out_stock_days":0,"lost_sales":0,"has_location":null,"update_date":"2026-03-18T12:20:40","atum_locations":[],"atum_stock_status":"instock","restock_status":false,"low_stock_amount":"","sales_update_date":"2026-03-17T19:15:08","calc_backorders":null,"_links":{"self":[{"href":"https:\/\/vizomix.hu\/en\/wp-json\/wp\/v2\/product\/2213","targetHints":{"allow":["GET"]}}],"collection":[{"href":"https:\/\/vizomix.hu\/en\/wp-json\/wp\/v2\/product"}],"about":[{"href":"https:\/\/vizomix.hu\/en\/wp-json\/wp\/v2\/types\/product"}],"replies":[{"embeddable":true,"href":"https:\/\/vizomix.hu\/en\/wp-json\/wp\/v2\/comments?post=2213"}],"wp:featuredmedia":[{"embeddable":true,"href":"https:\/\/vizomix.hu\/en\/wp-json\/wp\/v2\/media\/2211"}],"wp:attachment":[{"href":"https:\/\/vizomix.hu\/en\/wp-json\/wp\/v2\/media?parent=2213"}],"wp:term":[{"taxonomy":"product_brand","embeddable":true,"href":"https:\/\/vizomix.hu\/en\/wp-json\/wp\/v2\/product_brand?post=2213"},{"taxonomy":"product_cat","embeddable":true,"href":"https:\/\/vizomix.hu\/en\/wp-json\/wp\/v2\/product_cat?post=2213"},{"taxonomy":"product_tag","embeddable":true,"href":"https:\/\/vizomix.hu\/en\/wp-json\/wp\/v2\/product_tag?post=2213"}],"curies":[{"name":"wp","href":"https:\/\/api.w.org\/{rel}","templated":true}]}}