{"id":2207,"date":"2026-02-18T14:29:21","date_gmt":"2026-02-18T13:29:21","guid":{"rendered":"https:\/\/vizomix.hu\/termek\/zara-kifordithato-hosszu-melleny-barna-pink-es-khaki-fekete\/"},"modified":"2026-03-18T13:20:38","modified_gmt":"2026-03-18T12:20:38","slug":"zara-kifordithato-hosszu-melleny-barna-pink-es-khaki-fekete","status":"publish","type":"product","link":"https:\/\/vizomix.hu\/en\/product\/zara-kifordithato-hosszu-melleny-barna-pink-es-khaki-fekete\/","title":{"rendered":"Zara kiford\u00edthat\u00f3 hossz\u00fa mell\u00e9ny \u2013 barna\/pink \u00e9s khaki\/fekete"},"content":{"rendered":"<p>Zara kiford\u00edthat\u00f3 hossz\u00fa mell\u00e9ny \u2013 barna\/pink \u00e9s khaki\/fekete<\/p>\n<p>Praktikus \u00e9s st\u00edlusos darab, amely t\u00f6bbf\u00e9lek\u00e9ppen viselhet\u0151. Ez a Zara hossz\u00fa mell\u00e9ny kiford\u00edthat\u00f3 kialak\u00edt\u00e1s\u00e1nak k\u00f6sz\u00f6nhet\u0151en k\u00e9t k\u00fcl\u00f6nb\u00f6z\u0151 sz\u00ednkombin\u00e1ci\u00f3ban hordhat\u00f3: barna\u2013pink, illetve khaki\u2013fekete oldalon.<\/p>\n<p>A hossz\u00edtott fazon k\u00e9nyelmes viseletet biztos\u00edt, \u00e9s ide\u00e1lis r\u00e9teges \u00f6lt\u00f6zk\u00f6d\u00e9shez. K\u00f6nnyen kombin\u00e1lhat\u00f3 pul\u00f3verrel, farmerrel vagy nadr\u00e1ggal, \u00edgy t\u00f6k\u00e9letes v\u00e1laszt\u00e1s h\u00e9tk\u00f6znapi outfitekhez vagy v\u00e1rosi s\u00e9t\u00e1khoz.<br \/>\nM\u00e9retez\u00e9s: nagyobb m\u00e9ret<\/p>","protected":false},"excerpt":{"rendered":"<p>Zara kiford\u00edthat\u00f3 hossz\u00fa mell\u00e9ny \u2013 barna\/pink \u00e9s khaki\/fekete Praktikus \u00e9s st\u00edlusos darab, amely t\u00f6bbf\u00e9lek\u00e9ppen viselhet\u0151. Ez a Zara hossz\u00fa mell\u00e9ny<a class=\"read-more\" href=\"https:\/\/vizomix.hu\/en\/product\/zara-kifordithato-hosszu-melleny-barna-pink-es-khaki-fekete\/\">Tov\u00e1bb<\/a><\/p>","protected":false},"featured_media":2203,"comment_status":"open","ping_status":"closed","template":"","meta":[],"product_brand":[76],"product_cat":[37],"product_tag":[],"class_list":{"0":"post-2207","1":"product","2":"type-product","3":"status-publish","4":"has-post-thumbnail","6":"product_brand-zara","7":"product_cat-mellenyek","9":"first","10":"instock","11":"taxable","12":"shipping-taxable","13":"purchasable","14":"product-type-variable","15":"add-to-wishlist-before_add_to_cart"},"supplier_id":null,"supplier_sku":"","barcode":null,"atum_controlled":true,"out_stock_date":null,"out_stock_threshold":null,"inheritable":true,"inbound_stock":0,"stock_on_hold":0,"sold_today":0,"sales_last_days":0,"reserved_stock":0,"customer_returns":0,"warehouse_damage":0,"lost_in_post":0,"other_logs":0,"out_stock_days":0,"lost_sales":0,"has_location":false,"update_date":"2026-03-18T12:20:40","atum_locations":[],"atum_stock_status":"instock","restock_status":false,"low_stock_amount":"","sales_update_date":"2026-03-17T19:15:08","calc_backorders":null,"_links":{"self":[{"href":"https:\/\/vizomix.hu\/en\/wp-json\/wp\/v2\/product\/2207","targetHints":{"allow":["GET"]}}],"collection":[{"href":"https:\/\/vizomix.hu\/en\/wp-json\/wp\/v2\/product"}],"about":[{"href":"https:\/\/vizomix.hu\/en\/wp-json\/wp\/v2\/types\/product"}],"replies":[{"embeddable":true,"href":"https:\/\/vizomix.hu\/en\/wp-json\/wp\/v2\/comments?post=2207"}],"wp:featuredmedia":[{"embeddable":true,"href":"https:\/\/vizomix.hu\/en\/wp-json\/wp\/v2\/media\/2203"}],"wp:attachment":[{"href":"https:\/\/vizomix.hu\/en\/wp-json\/wp\/v2\/media?parent=2207"}],"wp:term":[{"taxonomy":"product_brand","embeddable":true,"href":"https:\/\/vizomix.hu\/en\/wp-json\/wp\/v2\/product_brand?post=2207"},{"taxonomy":"product_cat","embeddable":true,"href":"https:\/\/vizomix.hu\/en\/wp-json\/wp\/v2\/product_cat?post=2207"},{"taxonomy":"product_tag","embeddable":true,"href":"https:\/\/vizomix.hu\/en\/wp-json\/wp\/v2\/product_tag?post=2207"}],"curies":[{"name":"wp","href":"https:\/\/api.w.org\/{rel}","templated":true}]}}