{"id":2196,"date":"2026-02-18T14:25:41","date_gmt":"2026-02-18T13:25:41","guid":{"rendered":"https:\/\/vizomix.hu\/termek\/zara-bezs-es-szurke-gombos-elegans-szovet-melleny\/"},"modified":"2026-03-18T13:20:38","modified_gmt":"2026-03-18T12:20:38","slug":"zara-bezs-es-szurke-gombos-elegans-szovet-melleny","status":"publish","type":"product","link":"https:\/\/vizomix.hu\/en\/product\/zara-bezs-es-szurke-gombos-elegans-szovet-melleny\/","title":{"rendered":"Zara b\u00e9zs \u00e9s sz\u00fcrke gombos eleg\u00e1ns sz\u00f6vet mell\u00e9ny"},"content":{"rendered":"<p>Zara b\u00e9zs\u2013sz\u00fcrke eleg\u00e1ns sz\u00f6vet mell\u00e9ny \u2013 gombos kialak\u00edt\u00e1ssal<\/p>\n<p>St\u00edlusos \u00e9s kifinomult darab, amely eleg\u00e1ns megjelen\u00e9st biztos\u00edt. Ez a Zara b\u00e9zs \u00e9s sz\u00fcrke \u00e1rnyalat\u00fa sz\u00f6vet mell\u00e9ny letisztult szab\u00e1s\u00e1nak k\u00f6sz\u00f6nhet\u0151en k\u00f6nnyen kombin\u00e1lhat\u00f3 k\u00fcl\u00f6nb\u00f6z\u0151 outfitekkel.<\/p>\n<p>A gombos kialak\u00edt\u00e1s klasszikus, eleg\u00e1ns r\u00e9szletk\u00e9nt emeli ki a fazont, mik\u00f6zben a mell\u00e9ny n\u0151ies \u00e9s modern megjelen\u00e9st ad. Ide\u00e1lis v\u00e1laszt\u00e1s irodai viselethez, alkalmi esem\u00e9nyekre vagy csinos h\u00e9tk\u00f6znapi \u00f6ssze\u00e1ll\u00edt\u00e1sokhoz.<br \/>\nM\u00e9retez\u00e9s: nagyobb m\u00e9ret<\/p>","protected":false},"excerpt":{"rendered":"<p>Zara b\u00e9zs\u2013sz\u00fcrke eleg\u00e1ns sz\u00f6vet mell\u00e9ny \u2013 gombos kialak\u00edt\u00e1ssal St\u00edlusos \u00e9s kifinomult darab, amely eleg\u00e1ns megjelen\u00e9st biztos\u00edt. Ez a Zara b\u00e9zs<a class=\"read-more\" href=\"https:\/\/vizomix.hu\/en\/product\/zara-bezs-es-szurke-gombos-elegans-szovet-melleny\/\">Tov\u00e1bb<\/a><\/p>","protected":false},"featured_media":2190,"comment_status":"open","ping_status":"closed","template":"","meta":[],"product_brand":[76],"product_cat":[37],"product_tag":[],"class_list":{"0":"post-2196","1":"product","2":"type-product","3":"status-publish","4":"has-post-thumbnail","6":"product_brand-zara","7":"product_cat-mellenyek","9":"first","10":"instock","11":"taxable","12":"shipping-taxable","13":"purchasable","14":"product-type-variable","15":"add-to-wishlist-before_add_to_cart"},"supplier_id":null,"supplier_sku":"","barcode":null,"atum_controlled":true,"out_stock_date":null,"out_stock_threshold":null,"inheritable":false,"inbound_stock":0,"stock_on_hold":0,"sold_today":0,"sales_last_days":0,"reserved_stock":0,"customer_returns":0,"warehouse_damage":0,"lost_in_post":0,"other_logs":0,"out_stock_days":0,"lost_sales":0,"has_location":false,"update_date":"2026-03-18T12:20:40","atum_locations":[],"atum_stock_status":"instock","restock_status":false,"low_stock_amount":"","sales_update_date":"2026-03-17T19:15:08","calc_backorders":null,"_links":{"self":[{"href":"https:\/\/vizomix.hu\/en\/wp-json\/wp\/v2\/product\/2196","targetHints":{"allow":["GET"]}}],"collection":[{"href":"https:\/\/vizomix.hu\/en\/wp-json\/wp\/v2\/product"}],"about":[{"href":"https:\/\/vizomix.hu\/en\/wp-json\/wp\/v2\/types\/product"}],"replies":[{"embeddable":true,"href":"https:\/\/vizomix.hu\/en\/wp-json\/wp\/v2\/comments?post=2196"}],"wp:featuredmedia":[{"embeddable":true,"href":"https:\/\/vizomix.hu\/en\/wp-json\/wp\/v2\/media\/2190"}],"wp:attachment":[{"href":"https:\/\/vizomix.hu\/en\/wp-json\/wp\/v2\/media?parent=2196"}],"wp:term":[{"taxonomy":"product_brand","embeddable":true,"href":"https:\/\/vizomix.hu\/en\/wp-json\/wp\/v2\/product_brand?post=2196"},{"taxonomy":"product_cat","embeddable":true,"href":"https:\/\/vizomix.hu\/en\/wp-json\/wp\/v2\/product_cat?post=2196"},{"taxonomy":"product_tag","embeddable":true,"href":"https:\/\/vizomix.hu\/en\/wp-json\/wp\/v2\/product_tag?post=2196"}],"curies":[{"name":"wp","href":"https:\/\/api.w.org\/{rel}","templated":true}]}}