{"id":2188,"date":"2026-02-18T14:24:01","date_gmt":"2026-02-18T13:24:01","guid":{"rendered":"https:\/\/vizomix.hu\/termek\/zara-fekete-hosszu-textured-elegans-szovet-melleny\/"},"modified":"2026-03-18T13:20:38","modified_gmt":"2026-03-18T12:20:38","slug":"zara-fekete-hosszu-textured-elegans-szovet-melleny","status":"publish","type":"product","link":"https:\/\/vizomix.hu\/en\/product\/zara-fekete-hosszu-textured-elegans-szovet-melleny\/","title":{"rendered":"Zara fekete hossz\u00fa textured eleg\u00e1ns sz\u00f6vet mell\u00e9ny"},"content":{"rendered":"<p>Zara fekete hossz\u00fa textur\u00e1lt eleg\u00e1ns sz\u00f6vet mell\u00e9ny<\/p>\n<p>Eleg\u00e1ns \u00e9s st\u00edlusos darab, amely k\u00fcl\u00f6nleges megjelen\u00e9st biztos\u00edt. Ez a Zara fekete hossz\u00fa sz\u00f6vet mell\u00e9ny textur\u00e1lt anyag\u00e1nak k\u00f6sz\u00f6nhet\u0151en kifinomult \u00e9s modern hat\u00e1st kelt.<\/p>\n<p>A hossz\u00edtott fazon n\u0151ies, letisztult sziluettet ad, mik\u00f6zben k\u00f6nnyen kombin\u00e1lhat\u00f3 inggel, pul\u00f3verrel vagy ruh\u00e1val is. Ide\u00e1lis v\u00e1laszt\u00e1s irodai outfitekhez, alkalmi esem\u00e9nyekre vagy eleg\u00e1ns h\u00e9tk\u00f6znapi megjelen\u00e9shez.<br \/>\nM\u00e9retez\u00e9s: m\u00e9reth\u0171<\/p>","protected":false},"excerpt":{"rendered":"<p>Zara fekete hossz\u00fa textur\u00e1lt eleg\u00e1ns sz\u00f6vet mell\u00e9ny Eleg\u00e1ns \u00e9s st\u00edlusos darab, amely k\u00fcl\u00f6nleges megjelen\u00e9st biztos\u00edt. Ez a Zara fekete hossz\u00fa<a class=\"read-more\" href=\"https:\/\/vizomix.hu\/en\/product\/zara-fekete-hosszu-textured-elegans-szovet-melleny\/\">Tov\u00e1bb<\/a><\/p>","protected":false},"featured_media":2186,"comment_status":"open","ping_status":"closed","template":"","meta":[],"product_brand":[76],"product_cat":[37],"product_tag":[],"class_list":{"0":"post-2188","1":"product","2":"type-product","3":"status-publish","4":"has-post-thumbnail","6":"product_brand-zara","7":"product_cat-mellenyek","9":"first","10":"instock","11":"taxable","12":"shipping-taxable","13":"purchasable","14":"product-type-variable","15":"add-to-wishlist-before_add_to_cart"},"supplier_id":null,"supplier_sku":"","barcode":null,"atum_controlled":true,"out_stock_date":null,"out_stock_threshold":null,"inheritable":false,"inbound_stock":0,"stock_on_hold":0,"sold_today":0,"sales_last_days":0,"reserved_stock":0,"customer_returns":0,"warehouse_damage":0,"lost_in_post":0,"other_logs":0,"out_stock_days":0,"lost_sales":0,"has_location":false,"update_date":"2026-03-18T12:20:40","atum_locations":[],"atum_stock_status":"instock","restock_status":false,"low_stock_amount":"","sales_update_date":"2026-03-17T19:15:08","calc_backorders":null,"_links":{"self":[{"href":"https:\/\/vizomix.hu\/en\/wp-json\/wp\/v2\/product\/2188","targetHints":{"allow":["GET"]}}],"collection":[{"href":"https:\/\/vizomix.hu\/en\/wp-json\/wp\/v2\/product"}],"about":[{"href":"https:\/\/vizomix.hu\/en\/wp-json\/wp\/v2\/types\/product"}],"replies":[{"embeddable":true,"href":"https:\/\/vizomix.hu\/en\/wp-json\/wp\/v2\/comments?post=2188"}],"wp:featuredmedia":[{"embeddable":true,"href":"https:\/\/vizomix.hu\/en\/wp-json\/wp\/v2\/media\/2186"}],"wp:attachment":[{"href":"https:\/\/vizomix.hu\/en\/wp-json\/wp\/v2\/media?parent=2188"}],"wp:term":[{"taxonomy":"product_brand","embeddable":true,"href":"https:\/\/vizomix.hu\/en\/wp-json\/wp\/v2\/product_brand?post=2188"},{"taxonomy":"product_cat","embeddable":true,"href":"https:\/\/vizomix.hu\/en\/wp-json\/wp\/v2\/product_cat?post=2188"},{"taxonomy":"product_tag","embeddable":true,"href":"https:\/\/vizomix.hu\/en\/wp-json\/wp\/v2\/product_tag?post=2188"}],"curies":[{"name":"wp","href":"https:\/\/api.w.org\/{rel}","templated":true}]}}