{"id":2175,"date":"2026-02-18T14:11:21","date_gmt":"2026-02-18T13:11:21","guid":{"rendered":"https:\/\/vizomix.hu\/termek\/zara-bezs-puha-anyagu-csinos-szormekabat-kotovel-elulso-zsebekkel\/"},"modified":"2026-03-18T13:20:38","modified_gmt":"2026-03-18T12:20:38","slug":"zara-bezs-puha-anyagu-csinos-szormekabat-kotovel-elulso-zsebekkel","status":"publish","type":"product","link":"https:\/\/vizomix.hu\/en\/product\/zara-bezs-puha-anyagu-csinos-szormekabat-kotovel-elulso-zsebekkel\/","title":{"rendered":"Zara b\u00e9zs puha anyag\u00fa csinos sz\u0151rmekab\u00e1t k\u00f6t\u0151vel, el\u00fcls\u0151 zsebekkel"},"content":{"rendered":"<p>Zara b\u00e9zs sz\u0151rmekab\u00e1t \u2013 k\u00f6t\u0151vel, el\u00fcls\u0151 zsebekkel<\/p>\n<p>Puha \u00e9s eleg\u00e1ns darab, amely meleg \u00e9s st\u00edlusos megjelen\u00e9st biztos\u00edt a h\u0171v\u00f6sebb napokon. Ez a Zara b\u00e9zs sz\u0151rmekab\u00e1t kellemes tapint\u00e1s\u00fa anyagb\u00f3l k\u00e9sz\u00fclt, \u00edgy k\u00e9nyelmes viseletet ny\u00fajt.<\/p>\n<p>A hozz\u00e1 tartoz\u00f3 k\u00f6t\u0151 finoman hangs\u00falyozza a der\u00e9kvonalat, m\u00edg az el\u00fcls\u0151 zsebek praktikus r\u00e9szletk\u00e9nt eg\u00e9sz\u00edtik ki a kab\u00e1tot. Ide\u00e1lis v\u00e1laszt\u00e1s h\u00e9tk\u00f6znapi outfitekhez vagy csinos, eleg\u00e1ns megjelen\u00e9shez.<br \/>\nM\u00e9retez\u00e9s: nagyobb m\u00e9ret <\/p>","protected":false},"excerpt":{"rendered":"<p>Zara b\u00e9zs sz\u0151rmekab\u00e1t \u2013 k\u00f6t\u0151vel, el\u00fcls\u0151 zsebekkel Puha \u00e9s eleg\u00e1ns darab, amely meleg \u00e9s st\u00edlusos megjelen\u00e9st biztos\u00edt a h\u0171v\u00f6sebb napokon.<a class=\"read-more\" href=\"https:\/\/vizomix.hu\/en\/product\/zara-bezs-puha-anyagu-csinos-szormekabat-kotovel-elulso-zsebekkel\/\">Tov\u00e1bb<\/a><\/p>","protected":false},"featured_media":2173,"comment_status":"open","ping_status":"closed","template":"","meta":[],"product_brand":[76],"product_cat":[35],"product_tag":[],"class_list":{"0":"post-2175","1":"product","2":"type-product","3":"status-publish","4":"has-post-thumbnail","6":"product_brand-zara","7":"product_cat-atmeneti-kabatok","9":"first","10":"instock","11":"taxable","12":"shipping-taxable","13":"purchasable","14":"product-type-variable","15":"add-to-wishlist-before_add_to_cart"},"supplier_id":null,"supplier_sku":"","barcode":null,"atum_controlled":true,"out_stock_date":null,"out_stock_threshold":null,"inheritable":false,"inbound_stock":null,"stock_on_hold":0,"sold_today":0,"sales_last_days":0,"reserved_stock":null,"customer_returns":null,"warehouse_damage":null,"lost_in_post":null,"other_logs":null,"out_stock_days":0,"lost_sales":0,"has_location":null,"update_date":"2026-03-18T12:20:40","atum_locations":[],"atum_stock_status":"instock","restock_status":false,"low_stock_amount":"","sales_update_date":"2026-03-17T19:15:08","calc_backorders":null,"_links":{"self":[{"href":"https:\/\/vizomix.hu\/en\/wp-json\/wp\/v2\/product\/2175","targetHints":{"allow":["GET"]}}],"collection":[{"href":"https:\/\/vizomix.hu\/en\/wp-json\/wp\/v2\/product"}],"about":[{"href":"https:\/\/vizomix.hu\/en\/wp-json\/wp\/v2\/types\/product"}],"replies":[{"embeddable":true,"href":"https:\/\/vizomix.hu\/en\/wp-json\/wp\/v2\/comments?post=2175"}],"wp:featuredmedia":[{"embeddable":true,"href":"https:\/\/vizomix.hu\/en\/wp-json\/wp\/v2\/media\/2173"}],"wp:attachment":[{"href":"https:\/\/vizomix.hu\/en\/wp-json\/wp\/v2\/media?parent=2175"}],"wp:term":[{"taxonomy":"product_brand","embeddable":true,"href":"https:\/\/vizomix.hu\/en\/wp-json\/wp\/v2\/product_brand?post=2175"},{"taxonomy":"product_cat","embeddable":true,"href":"https:\/\/vizomix.hu\/en\/wp-json\/wp\/v2\/product_cat?post=2175"},{"taxonomy":"product_tag","embeddable":true,"href":"https:\/\/vizomix.hu\/en\/wp-json\/wp\/v2\/product_tag?post=2175"}],"curies":[{"name":"wp","href":"https:\/\/api.w.org\/{rel}","templated":true}]}}