{"id":2136,"date":"2026-02-18T13:53:41","date_gmt":"2026-02-18T12:53:41","guid":{"rendered":"https:\/\/vizomix.hu\/termek\/zara-fekete-hosszitott-pufi-mubor-melleny\/"},"modified":"2026-03-18T13:20:38","modified_gmt":"2026-03-18T12:20:38","slug":"zara-fekete-hosszitott-pufi-mubor-melleny","status":"publish","type":"product","link":"https:\/\/vizomix.hu\/en\/product\/zara-fekete-hosszitott-pufi-mubor-melleny\/","title":{"rendered":"Zara fekete hossz\u00edtott pufi m\u0171b\u0151r mell\u00e9ny"},"content":{"rendered":"<p>Zara fekete hossz\u00edtott pufi m\u0171b\u0151r mell\u00e9ny<\/p>\n<p>St\u00edlusos \u00e9s praktikus darab, amely t\u00f6k\u00e9letes v\u00e1laszt\u00e1s a h\u0171v\u00f6sebb napokra. Ez a Zara fekete hossz\u00edtott pufi mell\u00e9ny m\u0171b\u0151r anyagb\u00f3l k\u00e9sz\u00fclt, modern \u00e9s karakteres megjelen\u00e9st biztos\u00edt.<\/p>\n<p>A hossz\u00edtott fazon extra komfortot ny\u00fajt, \u00e9s ide\u00e1lis r\u00e9teges \u00f6lt\u00f6zk\u00f6d\u00e9shez. K\u00f6nnyen kombin\u00e1lhat\u00f3 pul\u00f3verrel, farmerrel vagy nadr\u00e1ggal, \u00edgy remek v\u00e1laszt\u00e1s h\u00e9tk\u00f6znapi outfitekhez \u00e9s sportos, divatos megjelen\u00e9shez.<br \/>\nM\u00e9retez\u00e9s: nagyobb m\u00e9ret<\/p>","protected":false},"excerpt":{"rendered":"<p>Zara fekete hossz\u00edtott pufi m\u0171b\u0151r mell\u00e9ny St\u00edlusos \u00e9s praktikus darab, amely t\u00f6k\u00e9letes v\u00e1laszt\u00e1s a h\u0171v\u00f6sebb napokra. Ez a Zara fekete<a class=\"read-more\" href=\"https:\/\/vizomix.hu\/en\/product\/zara-fekete-hosszitott-pufi-mubor-melleny\/\">Tov\u00e1bb<\/a><\/p>","protected":false},"featured_media":2134,"comment_status":"open","ping_status":"closed","template":"","meta":[],"product_brand":[76],"product_cat":[37],"product_tag":[],"class_list":{"0":"post-2136","1":"product","2":"type-product","3":"status-publish","4":"has-post-thumbnail","6":"product_brand-zara","7":"product_cat-mellenyek","9":"first","10":"instock","11":"taxable","12":"shipping-taxable","13":"purchasable","14":"product-type-variable","15":"add-to-wishlist-before_add_to_cart"},"supplier_id":null,"supplier_sku":"","barcode":null,"atum_controlled":true,"out_stock_date":null,"out_stock_threshold":null,"inheritable":true,"inbound_stock":0,"stock_on_hold":0,"sold_today":0,"sales_last_days":0,"reserved_stock":0,"customer_returns":0,"warehouse_damage":0,"lost_in_post":0,"other_logs":0,"out_stock_days":0,"lost_sales":0,"has_location":false,"update_date":"2026-03-18T12:20:40","atum_locations":[],"atum_stock_status":"instock","restock_status":false,"low_stock_amount":"","sales_update_date":"2026-03-17T19:15:08","calc_backorders":null,"_links":{"self":[{"href":"https:\/\/vizomix.hu\/en\/wp-json\/wp\/v2\/product\/2136","targetHints":{"allow":["GET"]}}],"collection":[{"href":"https:\/\/vizomix.hu\/en\/wp-json\/wp\/v2\/product"}],"about":[{"href":"https:\/\/vizomix.hu\/en\/wp-json\/wp\/v2\/types\/product"}],"replies":[{"embeddable":true,"href":"https:\/\/vizomix.hu\/en\/wp-json\/wp\/v2\/comments?post=2136"}],"wp:featuredmedia":[{"embeddable":true,"href":"https:\/\/vizomix.hu\/en\/wp-json\/wp\/v2\/media\/2134"}],"wp:attachment":[{"href":"https:\/\/vizomix.hu\/en\/wp-json\/wp\/v2\/media?parent=2136"}],"wp:term":[{"taxonomy":"product_brand","embeddable":true,"href":"https:\/\/vizomix.hu\/en\/wp-json\/wp\/v2\/product_brand?post=2136"},{"taxonomy":"product_cat","embeddable":true,"href":"https:\/\/vizomix.hu\/en\/wp-json\/wp\/v2\/product_cat?post=2136"},{"taxonomy":"product_tag","embeddable":true,"href":"https:\/\/vizomix.hu\/en\/wp-json\/wp\/v2\/product_tag?post=2136"}],"curies":[{"name":"wp","href":"https:\/\/api.w.org\/{rel}","templated":true}]}}