{"id":2132,"date":"2026-02-18T13:51:39","date_gmt":"2026-02-18T12:51:39","guid":{"rendered":"https:\/\/vizomix.hu\/termek\/zara-kiralykek-feher-csikos-ingruha-ovvel\/"},"modified":"2026-03-18T13:20:38","modified_gmt":"2026-03-18T12:20:38","slug":"zara-kiralykek-feher-csikos-ingruha-ovvel","status":"publish","type":"product","link":"https:\/\/vizomix.hu\/en\/product\/zara-kiralykek-feher-csikos-ingruha-ovvel\/","title":{"rendered":"Zara kir\u00e1lyk\u00e9k\/feh\u00e9r cs\u00edkos ingruha \u00f6vvel"},"content":{"rendered":"<p>Zara kir\u00e1lyk\u00e9k\u2013feh\u00e9r cs\u00edkos ingruha \u2013 \u00f6vvel<\/p>\n<p>Friss \u00e9s eleg\u00e1ns darab, amely st\u00edlusos megjelen\u00e9st biztos\u00edt. Ez a Zara kir\u00e1lyk\u00e9k \u00e9s feh\u00e9r cs\u00edkos ingruha k\u00f6nnyed, n\u0151ies fazonj\u00e1nak k\u00f6sz\u00f6nhet\u0151en k\u00e9nyelmes viseletet ny\u00fajt.<\/p>\n<p>A hozz\u00e1 tartoz\u00f3 \u00f6v finoman hangs\u00falyozza a der\u00e9kvonalat, csinos sziluettet teremtve. T\u00f6k\u00e9letes v\u00e1laszt\u00e1s h\u00e9tk\u00f6znapi viselethez, irod\u00e1ba vagy ny\u00e1ri programokra, amikor egy k\u00f6nnyed, m\u00e9gis eleg\u00e1ns outfitet szeretn\u00e9l.<br \/>\nM\u00e9retez\u00e9s: m\u00e9reth\u0171<\/p>","protected":false},"excerpt":{"rendered":"<p>Zara kir\u00e1lyk\u00e9k\u2013feh\u00e9r cs\u00edkos ingruha \u2013 \u00f6vvel Friss \u00e9s eleg\u00e1ns darab, amely st\u00edlusos megjelen\u00e9st biztos\u00edt. Ez a Zara kir\u00e1lyk\u00e9k \u00e9s feh\u00e9r<a class=\"read-more\" href=\"https:\/\/vizomix.hu\/en\/product\/zara-kiralykek-feher-csikos-ingruha-ovvel\/\">Tov\u00e1bb<\/a><\/p>","protected":false},"featured_media":2130,"comment_status":"open","ping_status":"closed","template":"","meta":[],"product_brand":[76],"product_cat":[33],"product_tag":[],"class_list":{"0":"post-2132","1":"product","2":"type-product","3":"status-publish","4":"has-post-thumbnail","6":"product_brand-zara","7":"product_cat-hosszu-ruhak-midi-ruhak-overalok","9":"first","10":"instock","11":"taxable","12":"shipping-taxable","13":"purchasable","14":"product-type-variable","15":"add-to-wishlist-before_add_to_cart"},"supplier_id":null,"supplier_sku":"","barcode":null,"atum_controlled":true,"out_stock_date":null,"out_stock_threshold":null,"inheritable":false,"inbound_stock":0,"stock_on_hold":0,"sold_today":0,"sales_last_days":0,"reserved_stock":0,"customer_returns":0,"warehouse_damage":0,"lost_in_post":0,"other_logs":0,"out_stock_days":0,"lost_sales":0,"has_location":false,"update_date":"2026-03-18T12:20:40","atum_locations":[],"atum_stock_status":"instock","restock_status":false,"low_stock_amount":"","sales_update_date":"2026-03-17T19:15:08","calc_backorders":null,"_links":{"self":[{"href":"https:\/\/vizomix.hu\/en\/wp-json\/wp\/v2\/product\/2132","targetHints":{"allow":["GET"]}}],"collection":[{"href":"https:\/\/vizomix.hu\/en\/wp-json\/wp\/v2\/product"}],"about":[{"href":"https:\/\/vizomix.hu\/en\/wp-json\/wp\/v2\/types\/product"}],"replies":[{"embeddable":true,"href":"https:\/\/vizomix.hu\/en\/wp-json\/wp\/v2\/comments?post=2132"}],"wp:featuredmedia":[{"embeddable":true,"href":"https:\/\/vizomix.hu\/en\/wp-json\/wp\/v2\/media\/2130"}],"wp:attachment":[{"href":"https:\/\/vizomix.hu\/en\/wp-json\/wp\/v2\/media?parent=2132"}],"wp:term":[{"taxonomy":"product_brand","embeddable":true,"href":"https:\/\/vizomix.hu\/en\/wp-json\/wp\/v2\/product_brand?post=2132"},{"taxonomy":"product_cat","embeddable":true,"href":"https:\/\/vizomix.hu\/en\/wp-json\/wp\/v2\/product_cat?post=2132"},{"taxonomy":"product_tag","embeddable":true,"href":"https:\/\/vizomix.hu\/en\/wp-json\/wp\/v2\/product_tag?post=2132"}],"curies":[{"name":"wp","href":"https:\/\/api.w.org\/{rel}","templated":true}]}}