{"id":2121,"date":"2026-02-18T13:47:47","date_gmt":"2026-02-18T12:47:47","guid":{"rendered":"https:\/\/vizomix.hu\/termek\/zara-khaki-extra-hosszu-meleg-teli-tollkabat\/"},"modified":"2026-03-18T13:20:38","modified_gmt":"2026-03-18T12:20:38","slug":"zara-khaki-extra-hosszu-meleg-teli-tollkabat","status":"publish","type":"product","link":"https:\/\/vizomix.hu\/en\/product\/zara-khaki-extra-hosszu-meleg-teli-tollkabat\/","title":{"rendered":"Zara khaki extra hossz\u00fa meleg t\u00e9li tollkab\u00e1t"},"content":{"rendered":"<p>Zara khaki extra hossz\u00fa t\u00e9li tollkab\u00e1t<\/p>\n<p>Meleg \u00e9s praktikus darab, amely t\u00f6k\u00e9letes v\u00e1laszt\u00e1s a hideg t\u00e9li napokra. Ez a Zara khaki extra hossz\u00fa tollkab\u00e1t kiv\u00e1l\u00f3 h\u0151szigetel\u00e9st biztos\u00edt, mik\u00f6zben k\u00e9nyelmes \u00e9s st\u00edlusos viselet marad.<\/p>\n<p>Az extra hossz\u00fa fazon fokozott v\u00e9delmet ny\u00fajt a hideg ellen, \u00edgy ide\u00e1lis v\u00e1laszt\u00e1s h\u00e9tk\u00f6znapi viselethez, v\u00e1rosi s\u00e9t\u00e1khoz vagy szabadt\u00e9ri programokra a t\u00e9li id\u0151szakban.<br \/>\nM\u00e9retez\u00e9s: nagyobb m\u00e9ret<br \/>\nA m\u00e9retek kiter\u00edtve m\u00e9rve az al\u00e1bbiak:<br \/>\nMell 52 cm<br \/>\nHossz 122 cm<br \/>\nDer\u00e9k 53 cm<\/p>","protected":false},"excerpt":{"rendered":"<p>Zara khaki extra hossz\u00fa t\u00e9li tollkab\u00e1t Meleg \u00e9s praktikus darab, amely t\u00f6k\u00e9letes v\u00e1laszt\u00e1s a hideg t\u00e9li napokra. Ez a Zara<a class=\"read-more\" href=\"https:\/\/vizomix.hu\/en\/product\/zara-khaki-extra-hosszu-meleg-teli-tollkabat\/\">Tov\u00e1bb<\/a><\/p>","protected":false},"featured_media":2119,"comment_status":"open","ping_status":"closed","template":"","meta":[],"product_brand":[76],"product_cat":[23],"product_tag":[],"class_list":{"0":"post-2121","1":"product","2":"type-product","3":"status-publish","4":"has-post-thumbnail","6":"product_brand-zara","7":"product_cat-kabatok","9":"first","10":"instock","11":"taxable","12":"shipping-taxable","13":"purchasable","14":"product-type-variable","15":"add-to-wishlist-before_add_to_cart"},"supplier_id":null,"supplier_sku":"","barcode":null,"atum_controlled":true,"out_stock_date":null,"out_stock_threshold":null,"inheritable":false,"inbound_stock":0,"stock_on_hold":0,"sold_today":0,"sales_last_days":0,"reserved_stock":0,"customer_returns":0,"warehouse_damage":0,"lost_in_post":0,"other_logs":0,"out_stock_days":0,"lost_sales":0,"has_location":false,"update_date":"2026-03-18T12:20:40","atum_locations":[],"atum_stock_status":"instock","restock_status":false,"low_stock_amount":"","sales_update_date":"2026-03-17T19:15:08","calc_backorders":null,"_links":{"self":[{"href":"https:\/\/vizomix.hu\/en\/wp-json\/wp\/v2\/product\/2121","targetHints":{"allow":["GET"]}}],"collection":[{"href":"https:\/\/vizomix.hu\/en\/wp-json\/wp\/v2\/product"}],"about":[{"href":"https:\/\/vizomix.hu\/en\/wp-json\/wp\/v2\/types\/product"}],"replies":[{"embeddable":true,"href":"https:\/\/vizomix.hu\/en\/wp-json\/wp\/v2\/comments?post=2121"}],"wp:featuredmedia":[{"embeddable":true,"href":"https:\/\/vizomix.hu\/en\/wp-json\/wp\/v2\/media\/2119"}],"wp:attachment":[{"href":"https:\/\/vizomix.hu\/en\/wp-json\/wp\/v2\/media?parent=2121"}],"wp:term":[{"taxonomy":"product_brand","embeddable":true,"href":"https:\/\/vizomix.hu\/en\/wp-json\/wp\/v2\/product_brand?post=2121"},{"taxonomy":"product_cat","embeddable":true,"href":"https:\/\/vizomix.hu\/en\/wp-json\/wp\/v2\/product_cat?post=2121"},{"taxonomy":"product_tag","embeddable":true,"href":"https:\/\/vizomix.hu\/en\/wp-json\/wp\/v2\/product_tag?post=2121"}],"curies":[{"name":"wp","href":"https:\/\/api.w.org\/{rel}","templated":true}]}}