{"id":2094,"date":"2026-02-18T13:36:01","date_gmt":"2026-02-18T12:36:01","guid":{"rendered":"https:\/\/vizomix.hu\/termek\/zara-barna-plisszirozott-csinos-szoknya\/"},"modified":"2026-03-18T13:20:38","modified_gmt":"2026-03-18T12:20:38","slug":"zara-barna-plisszirozott-csinos-szoknya","status":"publish","type":"product","link":"https:\/\/vizomix.hu\/en\/product\/zara-barna-plisszirozott-csinos-szoknya\/","title":{"rendered":"Zara barna plissz\u00edrozott csinos szoknya"},"content":{"rendered":"<p>Zara barna plissz\u00edrozott szoknya \u2013 csinos fazon<\/p>\n<p>Eleg\u00e1ns \u00e9s n\u0151ies darab, amely k\u00f6nnyed, kifinomult megjelen\u00e9st biztos\u00edt. Ez a Zara barna plissz\u00edrozott szoknya l\u00e1gy es\u00e9s\u0171 anyag\u00e1nak k\u00f6sz\u00f6nhet\u0151en sz\u00e9pen k\u00f6veti a mozg\u00e1st.<\/p>\n<p>A klasszikus barna sz\u00edn \u00e9s a plissz\u00edrozott kialak\u00edt\u00e1s id\u0151t\u00e1ll\u00f3, csinos \u00f6sszhat\u00e1st ad. K\u00f6nnyen kombin\u00e1lhat\u00f3 bl\u00fazzal, pul\u00f3verrel vagy inggel, \u00edgy ide\u00e1lis v\u00e1laszt\u00e1s h\u00e9tk\u00f6znapi viselethez, irod\u00e1ba vagy alkalmi megjelen\u00e9shez.<br \/>\nM\u00e9retez\u00e9s: m\u00e9reth\u0171<\/p>","protected":false},"excerpt":{"rendered":"<p>Zara barna plissz\u00edrozott szoknya \u2013 csinos fazon Eleg\u00e1ns \u00e9s n\u0151ies darab, amely k\u00f6nnyed, kifinomult megjelen\u00e9st biztos\u00edt. Ez a Zara barna<a class=\"read-more\" href=\"https:\/\/vizomix.hu\/en\/product\/zara-barna-plisszirozott-csinos-szoknya\/\">Tov\u00e1bb<\/a><\/p>","protected":false},"featured_media":2092,"comment_status":"open","ping_status":"closed","template":"","meta":[],"product_brand":[76],"product_cat":[28],"product_tag":[],"class_list":{"0":"post-2094","1":"product","2":"type-product","3":"status-publish","4":"has-post-thumbnail","6":"product_brand-zara","7":"product_cat-szoknyak-skortok","9":"first","10":"instock","11":"taxable","12":"shipping-taxable","13":"purchasable","14":"product-type-variable","15":"add-to-wishlist-before_add_to_cart"},"supplier_id":null,"supplier_sku":"","barcode":null,"atum_controlled":true,"out_stock_date":null,"out_stock_threshold":null,"inheritable":false,"inbound_stock":null,"stock_on_hold":0,"sold_today":0,"sales_last_days":0,"reserved_stock":null,"customer_returns":null,"warehouse_damage":null,"lost_in_post":null,"other_logs":null,"out_stock_days":0,"lost_sales":0,"has_location":null,"update_date":"2026-03-18T12:20:40","atum_locations":[],"atum_stock_status":"instock","restock_status":false,"low_stock_amount":"","sales_update_date":"2026-03-17T19:15:08","calc_backorders":null,"_links":{"self":[{"href":"https:\/\/vizomix.hu\/en\/wp-json\/wp\/v2\/product\/2094","targetHints":{"allow":["GET"]}}],"collection":[{"href":"https:\/\/vizomix.hu\/en\/wp-json\/wp\/v2\/product"}],"about":[{"href":"https:\/\/vizomix.hu\/en\/wp-json\/wp\/v2\/types\/product"}],"replies":[{"embeddable":true,"href":"https:\/\/vizomix.hu\/en\/wp-json\/wp\/v2\/comments?post=2094"}],"wp:featuredmedia":[{"embeddable":true,"href":"https:\/\/vizomix.hu\/en\/wp-json\/wp\/v2\/media\/2092"}],"wp:attachment":[{"href":"https:\/\/vizomix.hu\/en\/wp-json\/wp\/v2\/media?parent=2094"}],"wp:term":[{"taxonomy":"product_brand","embeddable":true,"href":"https:\/\/vizomix.hu\/en\/wp-json\/wp\/v2\/product_brand?post=2094"},{"taxonomy":"product_cat","embeddable":true,"href":"https:\/\/vizomix.hu\/en\/wp-json\/wp\/v2\/product_cat?post=2094"},{"taxonomy":"product_tag","embeddable":true,"href":"https:\/\/vizomix.hu\/en\/wp-json\/wp\/v2\/product_tag?post=2094"}],"curies":[{"name":"wp","href":"https:\/\/api.w.org\/{rel}","templated":true}]}}