{"id":2089,"date":"2026-02-18T13:34:05","date_gmt":"2026-02-18T12:34:05","guid":{"rendered":"https:\/\/vizomix.hu\/termek\/zara-szurke-gyapju-tartalmu-hosszu-melleny-kotovel\/"},"modified":"2026-03-18T13:20:38","modified_gmt":"2026-03-18T12:20:38","slug":"zara-szurke-gyapju-tartalmu-hosszu-melleny-kotovel","status":"publish","type":"product","link":"https:\/\/vizomix.hu\/en\/product\/zara-szurke-gyapju-tartalmu-hosszu-melleny-kotovel\/","title":{"rendered":"Zara sz\u00fcrke gyapj\u00fa tartalm\u00fa hossz\u00fa mell\u00e9ny k\u00f6t\u0151vel"},"content":{"rendered":"<p>Zara sz\u00fcrke gyapj\u00fa tartalm\u00fa hossz\u00fa mell\u00e9ny \u2013 k\u00f6t\u0151vel<\/p>\n<p>Eleg\u00e1ns \u00e9s praktikus darab, amely t\u00f6k\u00e9letes v\u00e1laszt\u00e1s az \u00e1tmeneti id\u0151szakokra. Ez a Zara sz\u00fcrke hossz\u00fa mell\u00e9ny gyapj\u00fa tartalm\u00e1nak k\u00f6sz\u00f6nhet\u0151en meleg \u00e9s k\u00e9nyelmes viseletet biztos\u00edt, mik\u00f6zben st\u00edlusos megjelen\u00e9st ad.<\/p>\n<p>A hozz\u00e1 tartoz\u00f3 k\u00f6t\u0151 finoman hangs\u00falyozza a der\u00e9kvonalat, el\u0151ny\u00f6s sziluettet teremtve. K\u00f6nnyen kombin\u00e1lhat\u00f3 pul\u00f3verrel, inggel vagy ruh\u00e1val, \u00edgy ide\u00e1lis v\u00e1laszt\u00e1s h\u00e9tk\u00f6znapi \u00e9s eleg\u00e1ns outfitekhez egyar\u00e1nt.<br \/>\nM\u00e9retez\u00e9s: nagyobb m\u00e9ret<\/p>","protected":false},"excerpt":{"rendered":"<p>Zara sz\u00fcrke gyapj\u00fa tartalm\u00fa hossz\u00fa mell\u00e9ny \u2013 k\u00f6t\u0151vel Eleg\u00e1ns \u00e9s praktikus darab, amely t\u00f6k\u00e9letes v\u00e1laszt\u00e1s az \u00e1tmeneti id\u0151szakokra. Ez a<a class=\"read-more\" href=\"https:\/\/vizomix.hu\/en\/product\/zara-szurke-gyapju-tartalmu-hosszu-melleny-kotovel\/\">Tov\u00e1bb<\/a><\/p>","protected":false},"featured_media":2085,"comment_status":"open","ping_status":"closed","template":"","meta":[],"product_brand":[76],"product_cat":[37],"product_tag":[],"class_list":{"0":"post-2089","1":"product","2":"type-product","3":"status-publish","4":"has-post-thumbnail","6":"product_brand-zara","7":"product_cat-mellenyek","9":"first","10":"instock","11":"taxable","12":"shipping-taxable","13":"purchasable","14":"product-type-variable","15":"add-to-wishlist-before_add_to_cart"},"supplier_id":null,"supplier_sku":"","barcode":null,"atum_controlled":true,"out_stock_date":null,"out_stock_threshold":null,"inheritable":false,"inbound_stock":0,"stock_on_hold":0,"sold_today":0,"sales_last_days":0,"reserved_stock":0,"customer_returns":0,"warehouse_damage":0,"lost_in_post":0,"other_logs":0,"out_stock_days":0,"lost_sales":0,"has_location":false,"update_date":"2026-03-18T12:20:40","atum_locations":[],"atum_stock_status":"instock","restock_status":false,"low_stock_amount":"","sales_update_date":"2026-03-17T19:15:08","calc_backorders":null,"_links":{"self":[{"href":"https:\/\/vizomix.hu\/en\/wp-json\/wp\/v2\/product\/2089","targetHints":{"allow":["GET"]}}],"collection":[{"href":"https:\/\/vizomix.hu\/en\/wp-json\/wp\/v2\/product"}],"about":[{"href":"https:\/\/vizomix.hu\/en\/wp-json\/wp\/v2\/types\/product"}],"replies":[{"embeddable":true,"href":"https:\/\/vizomix.hu\/en\/wp-json\/wp\/v2\/comments?post=2089"}],"wp:featuredmedia":[{"embeddable":true,"href":"https:\/\/vizomix.hu\/en\/wp-json\/wp\/v2\/media\/2085"}],"wp:attachment":[{"href":"https:\/\/vizomix.hu\/en\/wp-json\/wp\/v2\/media?parent=2089"}],"wp:term":[{"taxonomy":"product_brand","embeddable":true,"href":"https:\/\/vizomix.hu\/en\/wp-json\/wp\/v2\/product_brand?post=2089"},{"taxonomy":"product_cat","embeddable":true,"href":"https:\/\/vizomix.hu\/en\/wp-json\/wp\/v2\/product_cat?post=2089"},{"taxonomy":"product_tag","embeddable":true,"href":"https:\/\/vizomix.hu\/en\/wp-json\/wp\/v2\/product_tag?post=2089"}],"curies":[{"name":"wp","href":"https:\/\/api.w.org\/{rel}","templated":true}]}}