{"id":2047,"date":"2026-02-18T13:22:49","date_gmt":"2026-02-18T12:22:49","guid":{"rendered":"https:\/\/vizomix.hu\/termek\/zara-barna-szurke-gyapju-tartalmu-hosszitott-szovetkabat\/"},"modified":"2026-03-18T13:20:38","modified_gmt":"2026-03-18T12:20:38","slug":"zara-barna-szurke-gyapju-tartalmu-hosszitott-szovetkabat","status":"publish","type":"product","link":"https:\/\/vizomix.hu\/en\/product\/zara-barna-szurke-gyapju-tartalmu-hosszitott-szovetkabat\/","title":{"rendered":"Zara brown and grey wool longline fabric jacket"},"content":{"rendered":"<p>Zara brown and grey wool longline fabric jacket<\/p>\n<p>Eleg\u00e1ns \u00e9s id\u0151t\u00e1ll\u00f3 darab, amely t\u00f6k\u00e9letes v\u00e1laszt\u00e1s a h\u0171v\u00f6sebb napokra. Ez a Zara barna \u00e9s sz\u00fcrke \u00e1rnyalat\u00fa, hossz\u00edtott sz\u00f6vetkab\u00e1t gyapj\u00fa tartalm\u00e1nak k\u00f6sz\u00f6nhet\u0151en meleg \u00e9s k\u00e9nyelmes viseletet biztos\u00edt.<\/p>\n<p>A hossz\u00edtott fazon kifinomult, n\u0151ies megjelen\u00e9st ad, mik\u00f6zben k\u00f6nnyen kombin\u00e1lhat\u00f3 eleg\u00e1ns \u00e9s h\u00e9tk\u00f6znapi outfitekkel egyar\u00e1nt. Ide\u00e1lis v\u00e1laszt\u00e1s irod\u00e1ba, alkalmi esem\u00e9nyekre vagy st\u00edlusos \u0151szi-t\u00e9li megjelen\u00e9shez.<br \/>\nM\u00e9retez\u00e9s: m\u00e9reth\u0171<\/p>","protected":false},"excerpt":{"rendered":"<p>Zara barna \u00e9s sz\u00fcrke gyapj\u00fa tartalm\u00fa hossz\u00edtott sz\u00f6vetkab\u00e1t Eleg\u00e1ns \u00e9s id\u0151t\u00e1ll\u00f3 darab, amely t\u00f6k\u00e9letes v\u00e1laszt\u00e1s a h\u0171v\u00f6sebb napokra. Ez a<a class=\"read-more\" href=\"https:\/\/vizomix.hu\/en\/product\/zara-barna-szurke-gyapju-tartalmu-hosszitott-szovetkabat\/\">Tov\u00e1bb<\/a><\/p>","protected":false},"featured_media":2043,"comment_status":"open","ping_status":"closed","template":"","meta":[],"product_brand":[76],"product_cat":[23],"product_tag":[],"class_list":{"0":"post-2047","1":"product","2":"type-product","3":"status-publish","4":"has-post-thumbnail","6":"product_brand-zara","7":"product_cat-kabatok","9":"first","10":"instock","11":"taxable","12":"shipping-taxable","13":"purchasable","14":"product-type-variable","15":"add-to-wishlist-before_add_to_cart"},"supplier_id":null,"supplier_sku":"","barcode":null,"atum_controlled":true,"out_stock_date":null,"out_stock_threshold":null,"inheritable":false,"inbound_stock":null,"stock_on_hold":0,"sold_today":0,"sales_last_days":0,"reserved_stock":null,"customer_returns":null,"warehouse_damage":null,"lost_in_post":null,"other_logs":null,"out_stock_days":0,"lost_sales":0,"has_location":null,"update_date":"2026-03-18T12:20:40","atum_locations":[],"atum_stock_status":"instock","restock_status":false,"low_stock_amount":"","sales_update_date":"2026-03-17T19:15:08","calc_backorders":null,"_links":{"self":[{"href":"https:\/\/vizomix.hu\/en\/wp-json\/wp\/v2\/product\/2047","targetHints":{"allow":["GET"]}}],"collection":[{"href":"https:\/\/vizomix.hu\/en\/wp-json\/wp\/v2\/product"}],"about":[{"href":"https:\/\/vizomix.hu\/en\/wp-json\/wp\/v2\/types\/product"}],"replies":[{"embeddable":true,"href":"https:\/\/vizomix.hu\/en\/wp-json\/wp\/v2\/comments?post=2047"}],"wp:featuredmedia":[{"embeddable":true,"href":"https:\/\/vizomix.hu\/en\/wp-json\/wp\/v2\/media\/2043"}],"wp:attachment":[{"href":"https:\/\/vizomix.hu\/en\/wp-json\/wp\/v2\/media?parent=2047"}],"wp:term":[{"taxonomy":"product_brand","embeddable":true,"href":"https:\/\/vizomix.hu\/en\/wp-json\/wp\/v2\/product_brand?post=2047"},{"taxonomy":"product_cat","embeddable":true,"href":"https:\/\/vizomix.hu\/en\/wp-json\/wp\/v2\/product_cat?post=2047"},{"taxonomy":"product_tag","embeddable":true,"href":"https:\/\/vizomix.hu\/en\/wp-json\/wp\/v2\/product_tag?post=2047"}],"curies":[{"name":"wp","href":"https:\/\/api.w.org\/{rel}","templated":true}]}}