{"id":2007,"date":"2026-02-18T13:08:48","date_gmt":"2026-02-18T12:08:48","guid":{"rendered":"https:\/\/vizomix.hu\/termek\/zara-barna-hosszitott-pufi-tollkabat-kapucnival-szormevel\/"},"modified":"2026-03-18T13:20:38","modified_gmt":"2026-03-18T12:20:38","slug":"zara-barna-hosszitott-pufi-tollkabat-kapucnival-szormevel","status":"publish","type":"product","link":"https:\/\/vizomix.hu\/en\/product\/zara-barna-hosszitott-pufi-tollkabat-kapucnival-szormevel\/","title":{"rendered":"Zara barna hossz\u00edtott pufi tollkab\u00e1t kapucnival. sz\u0151rm\u00e9vel"},"content":{"rendered":"<p>Zara barna hossz\u00edtott pufi tollkab\u00e1t \u2013 kapucnival, sz\u0151rm\u00e9vel<\/p>\n<p>Meleg \u00e9s st\u00edlusos darab, amely t\u00f6k\u00e9letes v\u00e1laszt\u00e1s a hideg t\u00e9li napokra. Ez a Zara barna hossz\u00edtott pufi kab\u00e1t toll t\u00f6ltet\u00e9nek k\u00f6sz\u00f6nhet\u0151en kiv\u00e1l\u00f3 h\u0151szigetel\u00e9st \u00e9s k\u00e9nyelmes viseletet biztos\u00edt.<\/p>\n<p>A kapucni sz\u0151rm\u00e9vel d\u00edsz\u00edtett, ami extra v\u00e9delmet ny\u00fajt a hideg \u00e9s a sz\u00e9l ellen, mik\u00f6zben eleg\u00e1ns r\u00e9szletk\u00e9nt emeli ki a kab\u00e1tot. Ide\u00e1lis v\u00e1laszt\u00e1s h\u00e9tk\u00f6znapi viselethez, v\u00e1rosi s\u00e9t\u00e1khoz vagy t\u00e9li programokra.<br \/>\nM\u00e9retez\u00e9s: m\u00e9reth\u0171<\/p>","protected":false},"excerpt":{"rendered":"<p>Zara barna hossz\u00edtott pufi tollkab\u00e1t \u2013 kapucnival, sz\u0151rm\u00e9vel Meleg \u00e9s st\u00edlusos darab, amely t\u00f6k\u00e9letes v\u00e1laszt\u00e1s a hideg t\u00e9li napokra. Ez<a class=\"read-more\" href=\"https:\/\/vizomix.hu\/en\/product\/zara-barna-hosszitott-pufi-tollkabat-kapucnival-szormevel\/\">Tov\u00e1bb<\/a><\/p>","protected":false},"featured_media":2005,"comment_status":"open","ping_status":"closed","template":"","meta":[],"product_brand":[76],"product_cat":[23],"product_tag":[],"class_list":{"0":"post-2007","1":"product","2":"type-product","3":"status-publish","4":"has-post-thumbnail","6":"product_brand-zara","7":"product_cat-kabatok","9":"first","10":"instock","11":"taxable","12":"shipping-taxable","13":"purchasable","14":"product-type-variable","15":"add-to-wishlist-before_add_to_cart"},"supplier_id":null,"supplier_sku":"","barcode":null,"atum_controlled":true,"out_stock_date":null,"out_stock_threshold":null,"inheritable":false,"inbound_stock":null,"stock_on_hold":0,"sold_today":0,"sales_last_days":0,"reserved_stock":null,"customer_returns":null,"warehouse_damage":null,"lost_in_post":null,"other_logs":null,"out_stock_days":0,"lost_sales":0,"has_location":null,"update_date":"2026-03-18T12:20:40","atum_locations":[],"atum_stock_status":"instock","restock_status":false,"low_stock_amount":"","sales_update_date":"2026-03-17T19:15:08","calc_backorders":null,"_links":{"self":[{"href":"https:\/\/vizomix.hu\/en\/wp-json\/wp\/v2\/product\/2007","targetHints":{"allow":["GET"]}}],"collection":[{"href":"https:\/\/vizomix.hu\/en\/wp-json\/wp\/v2\/product"}],"about":[{"href":"https:\/\/vizomix.hu\/en\/wp-json\/wp\/v2\/types\/product"}],"replies":[{"embeddable":true,"href":"https:\/\/vizomix.hu\/en\/wp-json\/wp\/v2\/comments?post=2007"}],"wp:featuredmedia":[{"embeddable":true,"href":"https:\/\/vizomix.hu\/en\/wp-json\/wp\/v2\/media\/2005"}],"wp:attachment":[{"href":"https:\/\/vizomix.hu\/en\/wp-json\/wp\/v2\/media?parent=2007"}],"wp:term":[{"taxonomy":"product_brand","embeddable":true,"href":"https:\/\/vizomix.hu\/en\/wp-json\/wp\/v2\/product_brand?post=2007"},{"taxonomy":"product_cat","embeddable":true,"href":"https:\/\/vizomix.hu\/en\/wp-json\/wp\/v2\/product_cat?post=2007"},{"taxonomy":"product_tag","embeddable":true,"href":"https:\/\/vizomix.hu\/en\/wp-json\/wp\/v2\/product_tag?post=2007"}],"curies":[{"name":"wp","href":"https:\/\/api.w.org\/{rel}","templated":true}]}}