{"id":2003,"date":"2026-02-18T13:06:09","date_gmt":"2026-02-18T12:06:09","guid":{"rendered":"https:\/\/vizomix.hu\/termek\/zara-gumis-alju-barna-teddy-bunda-felso\/"},"modified":"2026-03-18T13:20:38","modified_gmt":"2026-03-18T12:20:38","slug":"zara-gumis-alju-barna-teddy-bunda-felso","status":"publish","type":"product","link":"https:\/\/vizomix.hu\/en\/product\/zara-gumis-alju-barna-teddy-bunda-felso\/","title":{"rendered":"Zara gumis alj\u00fa barna teddy bunda\/fels\u0151"},"content":{"rendered":"<p>Zara barna teddy bunda\/fels\u0151 \u2013 gumis aljjal<\/p>\n<p>Meleg \u00e9s k\u00e9nyelmes darab, amely t\u00f6k\u00e9letes v\u00e1laszt\u00e1s a h\u0171v\u00f6sebb napokra. Ez a Zara barna teddy fels\u0151 puha, bolyhos anyagb\u00f3l k\u00e9sz\u00fclt, \u00edgy kellemes \u00e9s komfortos viseletet biztos\u00edt.<\/p>\n<p>A gumis alj praktikus \u00e9s csinos r\u00e9szletk\u00e9nt seg\u00edti a jobb illeszked\u00e9st, mik\u00f6zben sportos, lezser megjelen\u00e9st ad. K\u00f6nnyen kombin\u00e1lhat\u00f3 farmerrel vagy nadr\u00e1ggal, \u00edgy ide\u00e1lis v\u00e1laszt\u00e1s h\u00e9tk\u00f6znapi outfitekhez vagy otthonos, m\u00e9gis st\u00edlusos viselethez.<br \/>\nM\u00e9retez\u00e9s: nagyobb m\u00e9ret (bele\u00edrt m\u00e9ret: XS-S)<\/p>","protected":false},"excerpt":{"rendered":"<p>Zara barna teddy bunda\/fels\u0151 \u2013 gumis aljjal Meleg \u00e9s k\u00e9nyelmes darab, amely t\u00f6k\u00e9letes v\u00e1laszt\u00e1s a h\u0171v\u00f6sebb napokra. Ez a Zara<a class=\"read-more\" href=\"https:\/\/vizomix.hu\/en\/product\/zara-gumis-alju-barna-teddy-bunda-felso\/\">Tov\u00e1bb<\/a><\/p>","protected":false},"featured_media":2002,"comment_status":"open","ping_status":"closed","template":"","meta":[],"product_brand":[76],"product_cat":[35],"product_tag":[],"class_list":{"0":"post-2003","1":"product","2":"type-product","3":"status-publish","4":"has-post-thumbnail","6":"product_brand-zara","7":"product_cat-atmeneti-kabatok","9":"first","10":"instock","11":"taxable","12":"shipping-taxable","13":"purchasable","14":"product-type-variable","15":"add-to-wishlist-before_add_to_cart"},"supplier_id":null,"supplier_sku":"","barcode":null,"atum_controlled":true,"out_stock_date":null,"out_stock_threshold":null,"inheritable":false,"inbound_stock":null,"stock_on_hold":0,"sold_today":0,"sales_last_days":0,"reserved_stock":null,"customer_returns":null,"warehouse_damage":null,"lost_in_post":null,"other_logs":null,"out_stock_days":0,"lost_sales":0,"has_location":null,"update_date":"2026-03-18T12:20:40","atum_locations":[],"atum_stock_status":"instock","restock_status":false,"low_stock_amount":"","sales_update_date":"2026-03-17T19:15:08","calc_backorders":null,"_links":{"self":[{"href":"https:\/\/vizomix.hu\/en\/wp-json\/wp\/v2\/product\/2003","targetHints":{"allow":["GET"]}}],"collection":[{"href":"https:\/\/vizomix.hu\/en\/wp-json\/wp\/v2\/product"}],"about":[{"href":"https:\/\/vizomix.hu\/en\/wp-json\/wp\/v2\/types\/product"}],"replies":[{"embeddable":true,"href":"https:\/\/vizomix.hu\/en\/wp-json\/wp\/v2\/comments?post=2003"}],"wp:featuredmedia":[{"embeddable":true,"href":"https:\/\/vizomix.hu\/en\/wp-json\/wp\/v2\/media\/2002"}],"wp:attachment":[{"href":"https:\/\/vizomix.hu\/en\/wp-json\/wp\/v2\/media?parent=2003"}],"wp:term":[{"taxonomy":"product_brand","embeddable":true,"href":"https:\/\/vizomix.hu\/en\/wp-json\/wp\/v2\/product_brand?post=2003"},{"taxonomy":"product_cat","embeddable":true,"href":"https:\/\/vizomix.hu\/en\/wp-json\/wp\/v2\/product_cat?post=2003"},{"taxonomy":"product_tag","embeddable":true,"href":"https:\/\/vizomix.hu\/en\/wp-json\/wp\/v2\/product_tag?post=2003"}],"curies":[{"name":"wp","href":"https:\/\/api.w.org\/{rel}","templated":true}]}}