{"id":1982,"date":"2026-02-17T13:19:43","date_gmt":"2026-02-17T12:19:43","guid":{"rendered":"https:\/\/vizomix.hu\/termek\/zara-fekete-rovid-csinos-ruha-kivagott-pantos-hattal\/"},"modified":"2026-03-18T13:20:38","modified_gmt":"2026-03-18T12:20:38","slug":"zara-fekete-rovid-csinos-ruha-kivagott-pantos-hattal","status":"publish","type":"product","link":"https:\/\/vizomix.hu\/en\/product\/zara-fekete-rovid-csinos-ruha-kivagott-pantos-hattal\/","title":{"rendered":"Zara fekete r\u00f6vid csinos ruha, kiv\u00e1gott p\u00e1ntos h\u00e1ttal"},"content":{"rendered":"<p>Zara fekete r\u00f6vid csinos ruha \u2013 kiv\u00e1gott, p\u00e1ntos h\u00e1ttal<\/p>\n<p>Eleg\u00e1ns \u00e9s n\u0151ies darab, amely k\u00fcl\u00f6nleges megjelen\u00e9st biztos\u00edt. Ez a Zara fekete r\u00f6vid ruha letisztult szab\u00e1s\u00e1val \u00e9s id\u0151tlen sz\u00edn\u00e9vel kifinomult hat\u00e1st kelt.<\/p>\n<p>A kiv\u00e1gott, p\u00e1ntos h\u00e1tr\u00e9sz modern \u00e9s figyelemfelkelt\u0151 r\u00e9szletk\u00e9nt emeli ki a ruhadarabot. T\u00f6k\u00e9letes v\u00e1laszt\u00e1s alkalmi esem\u00e9nyekre, esti programokra vagy csinos megjelen\u00e9shez.<br \/>\nM\u00e9retez\u00e9s: m\u00e9reth\u0171<\/p>","protected":false},"excerpt":{"rendered":"<p>Zara fekete r\u00f6vid csinos ruha \u2013 kiv\u00e1gott, p\u00e1ntos h\u00e1ttal Eleg\u00e1ns \u00e9s n\u0151ies darab, amely k\u00fcl\u00f6nleges megjelen\u00e9st biztos\u00edt. Ez a Zara<a class=\"read-more\" href=\"https:\/\/vizomix.hu\/en\/product\/zara-fekete-rovid-csinos-ruha-kivagott-pantos-hattal\/\">Tov\u00e1bb<\/a><\/p>","protected":false},"featured_media":1980,"comment_status":"open","ping_status":"closed","template":"","meta":[],"product_brand":[76],"product_cat":[34],"product_tag":[],"class_list":{"0":"post-1982","1":"product","2":"type-product","3":"status-publish","4":"has-post-thumbnail","6":"product_brand-zara","7":"product_cat-rovid-ruhak-overalok","9":"first","10":"instock","11":"taxable","12":"shipping-taxable","13":"purchasable","14":"product-type-variable","15":"add-to-wishlist-before_add_to_cart"},"supplier_id":null,"supplier_sku":"","barcode":null,"atum_controlled":true,"out_stock_date":null,"out_stock_threshold":null,"inheritable":false,"inbound_stock":null,"stock_on_hold":0,"sold_today":0,"sales_last_days":0,"reserved_stock":null,"customer_returns":null,"warehouse_damage":null,"lost_in_post":null,"other_logs":null,"out_stock_days":0,"lost_sales":0,"has_location":null,"update_date":"2026-03-18T12:20:40","atum_locations":[],"atum_stock_status":"instock","restock_status":false,"low_stock_amount":"","sales_update_date":"2026-03-17T19:15:08","calc_backorders":null,"_links":{"self":[{"href":"https:\/\/vizomix.hu\/en\/wp-json\/wp\/v2\/product\/1982","targetHints":{"allow":["GET"]}}],"collection":[{"href":"https:\/\/vizomix.hu\/en\/wp-json\/wp\/v2\/product"}],"about":[{"href":"https:\/\/vizomix.hu\/en\/wp-json\/wp\/v2\/types\/product"}],"replies":[{"embeddable":true,"href":"https:\/\/vizomix.hu\/en\/wp-json\/wp\/v2\/comments?post=1982"}],"wp:featuredmedia":[{"embeddable":true,"href":"https:\/\/vizomix.hu\/en\/wp-json\/wp\/v2\/media\/1980"}],"wp:attachment":[{"href":"https:\/\/vizomix.hu\/en\/wp-json\/wp\/v2\/media?parent=1982"}],"wp:term":[{"taxonomy":"product_brand","embeddable":true,"href":"https:\/\/vizomix.hu\/en\/wp-json\/wp\/v2\/product_brand?post=1982"},{"taxonomy":"product_cat","embeddable":true,"href":"https:\/\/vizomix.hu\/en\/wp-json\/wp\/v2\/product_cat?post=1982"},{"taxonomy":"product_tag","embeddable":true,"href":"https:\/\/vizomix.hu\/en\/wp-json\/wp\/v2\/product_tag?post=1982"}],"curies":[{"name":"wp","href":"https:\/\/api.w.org\/{rel}","templated":true}]}}