{"id":1974,"date":"2026-02-17T13:15:41","date_gmt":"2026-02-17T12:15:41","guid":{"rendered":"https:\/\/vizomix.hu\/termek\/zara-teglavoros-lezser-szaten-csinos-hosszu-ruha-kotokkel\/"},"modified":"2026-03-18T13:20:38","modified_gmt":"2026-03-18T12:20:38","slug":"zara-teglavoros-lezser-szaten-csinos-hosszu-ruha-kotokkel","status":"publish","type":"product","link":"https:\/\/vizomix.hu\/en\/product\/zara-teglavoros-lezser-szaten-csinos-hosszu-ruha-kotokkel\/","title":{"rendered":"Zara t\u00e9glav\u00f6r\u00f6s lezser szat\u00e9n csinos hossz\u00fa ruha k\u00f6t\u0151kkel"},"content":{"rendered":"<p>Zara t\u00e9glav\u00f6r\u00f6s lezser szat\u00e9n hossz\u00fa ruha \u2013 k\u00f6t\u0151kkel<\/p>\n<p>Eleg\u00e1ns \u00e9s n\u0151ies darab, amely k\u00fcl\u00f6nleges megjelen\u00e9st biztos\u00edt. Ez a Zara t\u00e9glav\u00f6r\u00f6s hossz\u00fa ruha finom, szat\u00e9n hat\u00e1s\u00fa anyagb\u00f3l k\u00e9sz\u00fclt, l\u00e1gy es\u00e9s\u00e9vel \u00e9s lezser szab\u00e1s\u00e1val egyszerre k\u00e9nyelmes \u00e9s kifinomult viselet.<\/p>\n<p>A k\u00f6t\u0151s r\u00e9szletek j\u00e1t\u00e9kos, st\u00edlusos elemekk\u00e9nt emelik ki a fazont, mik\u00f6zben finoman hangs\u00falyozz\u00e1k a sziluettet. T\u00f6k\u00e9letes v\u00e1laszt\u00e1s alkalmi esem\u00e9nyekre, vacsor\u00e1kra vagy eleg\u00e1nsabb h\u00e9tk\u00f6znapi outfitekhez.<br \/>\nM\u00e9retez\u00e9s: m\u00e9reth\u0171<\/p>","protected":false},"excerpt":{"rendered":"<p>Zara t\u00e9glav\u00f6r\u00f6s lezser szat\u00e9n hossz\u00fa ruha \u2013 k\u00f6t\u0151kkel Eleg\u00e1ns \u00e9s n\u0151ies darab, amely k\u00fcl\u00f6nleges megjelen\u00e9st biztos\u00edt. Ez a Zara t\u00e9glav\u00f6r\u00f6s<a class=\"read-more\" href=\"https:\/\/vizomix.hu\/en\/product\/zara-teglavoros-lezser-szaten-csinos-hosszu-ruha-kotokkel\/\">Tov\u00e1bb<\/a><\/p>","protected":false},"featured_media":1972,"comment_status":"open","ping_status":"closed","template":"","meta":[],"product_brand":[76],"product_cat":[33],"product_tag":[],"class_list":{"0":"post-1974","1":"product","2":"type-product","3":"status-publish","4":"has-post-thumbnail","6":"product_brand-zara","7":"product_cat-hosszu-ruhak-midi-ruhak-overalok","9":"first","10":"instock","11":"taxable","12":"shipping-taxable","13":"purchasable","14":"product-type-variable","15":"add-to-wishlist-before_add_to_cart"},"supplier_id":null,"supplier_sku":"","barcode":null,"atum_controlled":true,"out_stock_date":null,"out_stock_threshold":null,"inheritable":false,"inbound_stock":0,"stock_on_hold":0,"sold_today":0,"sales_last_days":0,"reserved_stock":0,"customer_returns":0,"warehouse_damage":0,"lost_in_post":0,"other_logs":0,"out_stock_days":0,"lost_sales":0,"has_location":false,"update_date":"2026-03-18T12:20:40","atum_locations":[],"atum_stock_status":"instock","restock_status":false,"low_stock_amount":"","sales_update_date":"2026-03-17T19:15:08","calc_backorders":null,"_links":{"self":[{"href":"https:\/\/vizomix.hu\/en\/wp-json\/wp\/v2\/product\/1974","targetHints":{"allow":["GET"]}}],"collection":[{"href":"https:\/\/vizomix.hu\/en\/wp-json\/wp\/v2\/product"}],"about":[{"href":"https:\/\/vizomix.hu\/en\/wp-json\/wp\/v2\/types\/product"}],"replies":[{"embeddable":true,"href":"https:\/\/vizomix.hu\/en\/wp-json\/wp\/v2\/comments?post=1974"}],"wp:featuredmedia":[{"embeddable":true,"href":"https:\/\/vizomix.hu\/en\/wp-json\/wp\/v2\/media\/1972"}],"wp:attachment":[{"href":"https:\/\/vizomix.hu\/en\/wp-json\/wp\/v2\/media?parent=1974"}],"wp:term":[{"taxonomy":"product_brand","embeddable":true,"href":"https:\/\/vizomix.hu\/en\/wp-json\/wp\/v2\/product_brand?post=1974"},{"taxonomy":"product_cat","embeddable":true,"href":"https:\/\/vizomix.hu\/en\/wp-json\/wp\/v2\/product_cat?post=1974"},{"taxonomy":"product_tag","embeddable":true,"href":"https:\/\/vizomix.hu\/en\/wp-json\/wp\/v2\/product_tag?post=1974"}],"curies":[{"name":"wp","href":"https:\/\/api.w.org\/{rel}","templated":true}]}}