{"id":1933,"date":"2026-02-17T12:52:49","date_gmt":"2026-02-17T11:52:49","guid":{"rendered":"https:\/\/vizomix.hu\/termek\/zara-sotetszurke-crop-gyongyos-pulover\/"},"modified":"2026-03-18T13:20:38","modified_gmt":"2026-03-18T12:20:38","slug":"zara-sotetszurke-crop-gyongyos-pulover","status":"publish","type":"product","link":"https:\/\/vizomix.hu\/en\/product\/zara-sotetszurke-crop-gyongyos-pulover\/","title":{"rendered":"Zara s\u00f6t\u00e9tsz\u00fcrke crop gy\u00f6ngy\u00f6s pul\u00f3ver"},"content":{"rendered":"<p>Zara s\u00f6t\u00e9tsz\u00fcrke crop pul\u00f3ver \u2013 gy\u00f6ngy\u00f6s d\u00edsz\u00edt\u00e9ssel<\/p>\n<p>K\u00fcl\u00f6nleges \u00e9s n\u0151ies darab, amely st\u00edlusos megjelen\u00e9st biztos\u00edt. Ez a Zara s\u00f6t\u00e9tsz\u00fcrke crop pul\u00f3ver r\u00f6videbb szab\u00e1s\u00e1nak k\u00f6sz\u00f6nhet\u0151en modern \u00e9s trendi hat\u00e1st kelt.<\/p>\n<p>A gy\u00f6ngy\u00f6s d\u00edsz\u00edt\u00e9s eleg\u00e1ns, finom r\u00e9szletk\u00e9nt emeli ki a ruhadarabot, mik\u00f6zben puha anyaga k\u00e9nyelmes viseletet ny\u00fajt. K\u00f6nnyen kombin\u00e1lhat\u00f3 magas derek\u00fa nadr\u00e1ggal vagy szokny\u00e1val, \u00edgy ide\u00e1lis v\u00e1laszt\u00e1s h\u00e9tk\u00f6znapi vagy csinosabb outfitekhez.<br \/>\nM\u00e9retez\u00e9s: m\u00e9reth\u0171<\/p>","protected":false},"excerpt":{"rendered":"<p>Zara s\u00f6t\u00e9tsz\u00fcrke crop pul\u00f3ver \u2013 gy\u00f6ngy\u00f6s d\u00edsz\u00edt\u00e9ssel K\u00fcl\u00f6nleges \u00e9s n\u0151ies darab, amely st\u00edlusos megjelen\u00e9st biztos\u00edt. Ez a Zara s\u00f6t\u00e9tsz\u00fcrke crop<a class=\"read-more\" href=\"https:\/\/vizomix.hu\/en\/product\/zara-sotetszurke-crop-gyongyos-pulover\/\">Tov\u00e1bb<\/a><\/p>","protected":false},"featured_media":1931,"comment_status":"open","ping_status":"closed","template":"","meta":[],"product_brand":[76],"product_cat":[24],"product_tag":[],"class_list":{"0":"post-1933","1":"product","2":"type-product","3":"status-publish","4":"has-post-thumbnail","6":"product_brand-zara","7":"product_cat-puloverek","9":"first","10":"instock","11":"taxable","12":"shipping-taxable","13":"purchasable","14":"product-type-variable","15":"add-to-wishlist-before_add_to_cart"},"supplier_id":null,"supplier_sku":"","barcode":null,"atum_controlled":true,"out_stock_date":null,"out_stock_threshold":null,"inheritable":false,"inbound_stock":null,"stock_on_hold":0,"sold_today":0,"sales_last_days":0,"reserved_stock":null,"customer_returns":null,"warehouse_damage":null,"lost_in_post":null,"other_logs":null,"out_stock_days":0,"lost_sales":0,"has_location":null,"update_date":"2026-03-18T12:20:40","atum_locations":[],"atum_stock_status":"instock","restock_status":false,"low_stock_amount":"","sales_update_date":"2026-03-17T19:15:08","calc_backorders":null,"_links":{"self":[{"href":"https:\/\/vizomix.hu\/en\/wp-json\/wp\/v2\/product\/1933","targetHints":{"allow":["GET"]}}],"collection":[{"href":"https:\/\/vizomix.hu\/en\/wp-json\/wp\/v2\/product"}],"about":[{"href":"https:\/\/vizomix.hu\/en\/wp-json\/wp\/v2\/types\/product"}],"replies":[{"embeddable":true,"href":"https:\/\/vizomix.hu\/en\/wp-json\/wp\/v2\/comments?post=1933"}],"wp:featuredmedia":[{"embeddable":true,"href":"https:\/\/vizomix.hu\/en\/wp-json\/wp\/v2\/media\/1931"}],"wp:attachment":[{"href":"https:\/\/vizomix.hu\/en\/wp-json\/wp\/v2\/media?parent=1933"}],"wp:term":[{"taxonomy":"product_brand","embeddable":true,"href":"https:\/\/vizomix.hu\/en\/wp-json\/wp\/v2\/product_brand?post=1933"},{"taxonomy":"product_cat","embeddable":true,"href":"https:\/\/vizomix.hu\/en\/wp-json\/wp\/v2\/product_cat?post=1933"},{"taxonomy":"product_tag","embeddable":true,"href":"https:\/\/vizomix.hu\/en\/wp-json\/wp\/v2\/product_tag?post=1933"}],"curies":[{"name":"wp","href":"https:\/\/api.w.org\/{rel}","templated":true}]}}