{"id":1929,"date":"2026-02-17T12:50:04","date_gmt":"2026-02-17T11:50:04","guid":{"rendered":"https:\/\/vizomix.hu\/termek\/zara-fekete-mubor-hosszu-ujju-plisszirozott-hosszu-ruha\/"},"modified":"2026-03-18T13:20:38","modified_gmt":"2026-03-18T12:20:38","slug":"zara-fekete-mubor-hosszu-ujju-plisszirozott-hosszu-ruha","status":"publish","type":"product","link":"https:\/\/vizomix.hu\/en\/product\/zara-fekete-mubor-hosszu-ujju-plisszirozott-hosszu-ruha\/","title":{"rendered":"Zara fekete m\u0171b\u0151r hossz\u00fa ujj\u00fa plissz\u00edrozott hossz\u00fa ruha"},"content":{"rendered":"<p>Zara fekete m\u0171b\u0151r hossz\u00fa ujj\u00fa plissz\u00edrozott hossz\u00fa ruha<\/p>\n<p>Karakteres \u00e9s eleg\u00e1ns darab, amely k\u00fcl\u00f6nleges megjelen\u00e9st biztos\u00edt. Ez a Zara fekete hossz\u00fa ruha m\u0171b\u0151r hat\u00e1s\u00fa anyagb\u00f3l k\u00e9sz\u00fclt, amely modern \u00e9s figyelemfelkelt\u0151 st\u00edlust ad.<\/p>\n<p>A hossz\u00fa ujjak \u00e9s a plissz\u00edrozott kialak\u00edt\u00e1s n\u0151ies, kifinomult vonalvezet\u00e9st biztos\u00edt, mik\u00f6zben a ruha k\u00e9nyelmes viselet marad. T\u00f6k\u00e9letes v\u00e1laszt\u00e1s alkalmi esem\u00e9nyekre, esti programokra vagy st\u00edlusos, egyedi megjelen\u00e9shez.<br \/>\nM\u00e9retez\u00e9s: m\u00e9reth\u0171<\/p>","protected":false},"excerpt":{"rendered":"<p>Zara fekete m\u0171b\u0151r hossz\u00fa ujj\u00fa plissz\u00edrozott hossz\u00fa ruha Karakteres \u00e9s eleg\u00e1ns darab, amely k\u00fcl\u00f6nleges megjelen\u00e9st biztos\u00edt. Ez a Zara fekete<a class=\"read-more\" href=\"https:\/\/vizomix.hu\/en\/product\/zara-fekete-mubor-hosszu-ujju-plisszirozott-hosszu-ruha\/\">Tov\u00e1bb<\/a><\/p>","protected":false},"featured_media":1926,"comment_status":"open","ping_status":"closed","template":"","meta":[],"product_brand":[76],"product_cat":[33],"product_tag":[],"class_list":{"0":"post-1929","1":"product","2":"type-product","3":"status-publish","4":"has-post-thumbnail","6":"product_brand-zara","7":"product_cat-hosszu-ruhak-midi-ruhak-overalok","9":"first","10":"instock","11":"taxable","12":"shipping-taxable","13":"purchasable","14":"product-type-variable","15":"add-to-wishlist-before_add_to_cart"},"supplier_id":null,"supplier_sku":"","barcode":null,"atum_controlled":true,"out_stock_date":null,"out_stock_threshold":null,"inheritable":false,"inbound_stock":0,"stock_on_hold":0,"sold_today":0,"sales_last_days":0,"reserved_stock":0,"customer_returns":0,"warehouse_damage":0,"lost_in_post":0,"other_logs":0,"out_stock_days":0,"lost_sales":0,"has_location":false,"update_date":"2026-03-18T12:20:40","atum_locations":[],"atum_stock_status":"instock","restock_status":false,"low_stock_amount":"","sales_update_date":"2026-03-17T19:15:08","calc_backorders":null,"_links":{"self":[{"href":"https:\/\/vizomix.hu\/en\/wp-json\/wp\/v2\/product\/1929","targetHints":{"allow":["GET"]}}],"collection":[{"href":"https:\/\/vizomix.hu\/en\/wp-json\/wp\/v2\/product"}],"about":[{"href":"https:\/\/vizomix.hu\/en\/wp-json\/wp\/v2\/types\/product"}],"replies":[{"embeddable":true,"href":"https:\/\/vizomix.hu\/en\/wp-json\/wp\/v2\/comments?post=1929"}],"wp:featuredmedia":[{"embeddable":true,"href":"https:\/\/vizomix.hu\/en\/wp-json\/wp\/v2\/media\/1926"}],"wp:attachment":[{"href":"https:\/\/vizomix.hu\/en\/wp-json\/wp\/v2\/media?parent=1929"}],"wp:term":[{"taxonomy":"product_brand","embeddable":true,"href":"https:\/\/vizomix.hu\/en\/wp-json\/wp\/v2\/product_brand?post=1929"},{"taxonomy":"product_cat","embeddable":true,"href":"https:\/\/vizomix.hu\/en\/wp-json\/wp\/v2\/product_cat?post=1929"},{"taxonomy":"product_tag","embeddable":true,"href":"https:\/\/vizomix.hu\/en\/wp-json\/wp\/v2\/product_tag?post=1929"}],"curies":[{"name":"wp","href":"https:\/\/api.w.org\/{rel}","templated":true}]}}