{"id":1918,"date":"2026-02-17T12:44:26","date_gmt":"2026-02-17T11:44:26","guid":{"rendered":"https:\/\/vizomix.hu\/termek\/zara-feher-inges-textured-rovid-ruha-feher-inggel\/"},"modified":"2026-03-18T13:20:38","modified_gmt":"2026-03-18T12:20:38","slug":"zara-feher-inges-textured-rovid-ruha-feher-inggel","status":"publish","type":"product","link":"https:\/\/vizomix.hu\/en\/product\/zara-feher-inges-textured-rovid-ruha-feher-inggel\/","title":{"rendered":"Zara feh\u00e9r textur\u00e1lt r\u00f6vid ruha feh\u00e9r inggel"},"content":{"rendered":"<p>Zara feh\u00e9r textur\u00e1lt r\u00f6vid ruha \u2013 feh\u00e9r inggel<\/p>\n<p>St\u00edlusos \u00e9s k\u00fcl\u00f6nleges darab, amely eleg\u00e1ns megjelen\u00e9st biztos\u00edt. Ez a Zara feh\u00e9r textur\u00e1lt r\u00f6vid ruha a hozz\u00e1 tartoz\u00f3 feh\u00e9r inggel egy\u00fctt modern, r\u00e9teges hat\u00e1st kelt.<\/p>\n<p>A k\u00fcl\u00f6nleges fel\u00fclet\u0171 anyag kifinomult megjelen\u00e9st ad, m\u00edg az inges kialak\u00edt\u00e1s klasszikus \u00e9s n\u0151ies \u00f6sszhat\u00e1st teremt. T\u00f6k\u00e9letes v\u00e1laszt\u00e1s alkalmi esem\u00e9nyekre, irod\u00e1ba vagy csinos h\u00e9tk\u00f6znapi outfitekhez.<br \/>\nM\u00e9retez\u00e9s: m\u00e9reth\u0171<\/p>","protected":false},"excerpt":{"rendered":"<p>Zara feh\u00e9r textur\u00e1lt r\u00f6vid ruha \u2013 feh\u00e9r inggel St\u00edlusos \u00e9s k\u00fcl\u00f6nleges darab, amely eleg\u00e1ns megjelen\u00e9st biztos\u00edt. Ez a Zara feh\u00e9r<a class=\"read-more\" href=\"https:\/\/vizomix.hu\/en\/product\/zara-feher-inges-textured-rovid-ruha-feher-inggel\/\">Tov\u00e1bb<\/a><\/p>","protected":false},"featured_media":2231,"comment_status":"open","ping_status":"closed","template":"","meta":[],"product_brand":[76],"product_cat":[34],"product_tag":[],"class_list":{"0":"post-1918","1":"product","2":"type-product","3":"status-publish","4":"has-post-thumbnail","6":"product_brand-zara","7":"product_cat-rovid-ruhak-overalok","9":"first","10":"instock","11":"taxable","12":"shipping-taxable","13":"purchasable","14":"product-type-variable","15":"add-to-wishlist-before_add_to_cart"},"supplier_id":null,"supplier_sku":"","barcode":null,"atum_controlled":true,"out_stock_date":null,"out_stock_threshold":null,"inheritable":false,"inbound_stock":null,"stock_on_hold":0,"sold_today":0,"sales_last_days":0,"reserved_stock":null,"customer_returns":null,"warehouse_damage":null,"lost_in_post":null,"other_logs":null,"out_stock_days":0,"lost_sales":0,"has_location":null,"update_date":"2026-03-18T12:20:40","atum_locations":[],"atum_stock_status":"instock","restock_status":false,"low_stock_amount":"","sales_update_date":"2026-03-17T19:15:08","calc_backorders":null,"_links":{"self":[{"href":"https:\/\/vizomix.hu\/en\/wp-json\/wp\/v2\/product\/1918","targetHints":{"allow":["GET"]}}],"collection":[{"href":"https:\/\/vizomix.hu\/en\/wp-json\/wp\/v2\/product"}],"about":[{"href":"https:\/\/vizomix.hu\/en\/wp-json\/wp\/v2\/types\/product"}],"replies":[{"embeddable":true,"href":"https:\/\/vizomix.hu\/en\/wp-json\/wp\/v2\/comments?post=1918"}],"wp:featuredmedia":[{"embeddable":true,"href":"https:\/\/vizomix.hu\/en\/wp-json\/wp\/v2\/media\/2231"}],"wp:attachment":[{"href":"https:\/\/vizomix.hu\/en\/wp-json\/wp\/v2\/media?parent=1918"}],"wp:term":[{"taxonomy":"product_brand","embeddable":true,"href":"https:\/\/vizomix.hu\/en\/wp-json\/wp\/v2\/product_brand?post=1918"},{"taxonomy":"product_cat","embeddable":true,"href":"https:\/\/vizomix.hu\/en\/wp-json\/wp\/v2\/product_cat?post=1918"},{"taxonomy":"product_tag","embeddable":true,"href":"https:\/\/vizomix.hu\/en\/wp-json\/wp\/v2\/product_tag?post=1918"}],"curies":[{"name":"wp","href":"https:\/\/api.w.org\/{rel}","templated":true}]}}