{"id":1907,"date":"2026-02-17T12:38:49","date_gmt":"2026-02-17T11:38:49","guid":{"rendered":"https:\/\/vizomix.hu\/termek\/zara-khaki-es-szurkesbarna-hosszitott-pufi-melleny\/"},"modified":"2026-03-18T13:20:39","modified_gmt":"2026-03-18T12:20:39","slug":"zara-khaki-es-szurkesbarna-hosszitott-pufi-melleny","status":"publish","type":"product","link":"https:\/\/vizomix.hu\/en\/product\/zara-khaki-es-szurkesbarna-hosszitott-pufi-melleny\/","title":{"rendered":"Zara khaki and grey-brown chubby vest"},"content":{"rendered":"<p>Zara khaki hossz\u00edtott pufi mell\u00e9ny<\/p>\n<p>K\u00e9nyelmes \u00e9s praktikus darab, amely t\u00f6k\u00e9letes v\u00e1laszt\u00e1s a h\u0171v\u00f6sebb napokra. Ez a Zara khaki hossz\u00edtott pufi mell\u00e9ny meleg \u00e9s k\u00f6nny\u0171 viseletet biztos\u00edt, mik\u00f6zben sportos, modern megjelen\u00e9st ad.<\/p>\n<p>A hossz\u00edtott fazon extra komfortot ny\u00fajt, \u00e9s ide\u00e1lis r\u00e9teges \u00f6lt\u00f6zk\u00f6d\u00e9shez. K\u00f6nnyen kombin\u00e1lhat\u00f3 pul\u00f3verrel, farmerrel vagy nadr\u00e1ggal, \u00edgy remek v\u00e1laszt\u00e1s h\u00e9tk\u00f6znapi outfitekhez \u00e9s szabadt\u00e9ri programokhoz.<br \/>\nM\u00e9retez\u00e9s: m\u00e9reth\u0171<\/p>","protected":false},"excerpt":{"rendered":"<p>Zara khaki hossz\u00edtott pufi mell\u00e9ny K\u00e9nyelmes \u00e9s praktikus darab, amely t\u00f6k\u00e9letes v\u00e1laszt\u00e1s a h\u0171v\u00f6sebb napokra. Ez a Zara khaki hossz\u00edtott<a class=\"read-more\" href=\"https:\/\/vizomix.hu\/en\/product\/zara-khaki-es-szurkesbarna-hosszitott-pufi-melleny\/\">Tov\u00e1bb<\/a><\/p>","protected":false},"featured_media":2419,"comment_status":"open","ping_status":"closed","template":"","meta":[],"product_brand":[76],"product_cat":[37],"product_tag":[],"class_list":{"0":"post-1907","1":"product","2":"type-product","3":"status-publish","4":"has-post-thumbnail","6":"product_brand-zara","7":"product_cat-mellenyek","9":"first","10":"instock","11":"taxable","12":"shipping-taxable","13":"purchasable","14":"product-type-variable","15":"add-to-wishlist-before_add_to_cart"},"supplier_id":null,"supplier_sku":"","barcode":null,"atum_controlled":true,"out_stock_date":null,"out_stock_threshold":null,"inheritable":false,"inbound_stock":0,"stock_on_hold":0,"sold_today":0,"sales_last_days":0,"reserved_stock":0,"customer_returns":0,"warehouse_damage":0,"lost_in_post":0,"other_logs":0,"out_stock_days":0,"lost_sales":0,"has_location":false,"update_date":"2026-03-18T12:20:40","atum_locations":[],"atum_stock_status":"instock","restock_status":false,"low_stock_amount":"","sales_update_date":"2026-03-17T19:15:08","calc_backorders":null,"_links":{"self":[{"href":"https:\/\/vizomix.hu\/en\/wp-json\/wp\/v2\/product\/1907","targetHints":{"allow":["GET"]}}],"collection":[{"href":"https:\/\/vizomix.hu\/en\/wp-json\/wp\/v2\/product"}],"about":[{"href":"https:\/\/vizomix.hu\/en\/wp-json\/wp\/v2\/types\/product"}],"replies":[{"embeddable":true,"href":"https:\/\/vizomix.hu\/en\/wp-json\/wp\/v2\/comments?post=1907"}],"wp:featuredmedia":[{"embeddable":true,"href":"https:\/\/vizomix.hu\/en\/wp-json\/wp\/v2\/media\/2419"}],"wp:attachment":[{"href":"https:\/\/vizomix.hu\/en\/wp-json\/wp\/v2\/media?parent=1907"}],"wp:term":[{"taxonomy":"product_brand","embeddable":true,"href":"https:\/\/vizomix.hu\/en\/wp-json\/wp\/v2\/product_brand?post=1907"},{"taxonomy":"product_cat","embeddable":true,"href":"https:\/\/vizomix.hu\/en\/wp-json\/wp\/v2\/product_cat?post=1907"},{"taxonomy":"product_tag","embeddable":true,"href":"https:\/\/vizomix.hu\/en\/wp-json\/wp\/v2\/product_tag?post=1907"}],"curies":[{"name":"wp","href":"https:\/\/api.w.org\/{rel}","templated":true}]}}