{"id":1868,"date":"2026-02-17T12:16:59","date_gmt":"2026-02-17T11:16:59","guid":{"rendered":"https:\/\/vizomix.hu\/termek\/zara-ecru-kotott-hosszu-kardigan-pulover\/"},"modified":"2026-03-18T13:20:39","modified_gmt":"2026-03-18T12:20:39","slug":"zara-ecru-kotott-hosszu-kardigan-pulover","status":"publish","type":"product","link":"https:\/\/vizomix.hu\/en\/product\/zara-ecru-kotott-hosszu-kardigan-pulover\/","title":{"rendered":"Zara ecr\u00fc k\u00f6t\u00f6tt hossz\u00fa kardig\u00e1n\/pul\u00f3ver"},"content":{"rendered":"<p>Zara ecr\u00fc k\u00f6t\u00f6tt hossz\u00fa kardig\u00e1n\/pul\u00f3ver \u2013 lezser fazon<\/p>\n<p>K\u00e9nyelmes \u00e9s st\u00edlusos darab, amely t\u00f6k\u00e9letes v\u00e1laszt\u00e1s a h\u0171v\u00f6sebb napokra. Ez a Zara ecr\u00fc hossz\u00fa k\u00f6t\u00f6tt kardig\u00e1n\/pul\u00f3ver puha anyagb\u00f3l k\u00e9sz\u00fclt, \u00edgy meleg \u00e9s komfortos viseletet biztos\u00edt.<\/p>\n<p>A nagyobb, lezser fazon k\u00f6nnyed, laza megjelen\u00e9st ad, mik\u00f6zben lehet\u0151v\u00e9 teszi a r\u00e9tegez\u00e9st. K\u00f6nnyen kombin\u00e1lhat\u00f3 farmerrel, nadr\u00e1ggal vagy ruh\u00e1val, \u00edgy ide\u00e1lis v\u00e1laszt\u00e1s h\u00e9tk\u00f6znapi outfitekhez \u00e9s otthonos, m\u00e9gis csinos megjelen\u00e9shez.<br \/>\nM\u00e9retez\u00e9s: nagyobb m\u00e9ret<\/p>","protected":false},"excerpt":{"rendered":"<p>Zara ecr\u00fc k\u00f6t\u00f6tt hossz\u00fa kardig\u00e1n\/pul\u00f3ver \u2013 lezser fazon K\u00e9nyelmes \u00e9s st\u00edlusos darab, amely t\u00f6k\u00e9letes v\u00e1laszt\u00e1s a h\u0171v\u00f6sebb napokra. Ez a<a class=\"read-more\" href=\"https:\/\/vizomix.hu\/en\/product\/zara-ecru-kotott-hosszu-kardigan-pulover\/\">Tov\u00e1bb<\/a><\/p>","protected":false},"featured_media":1866,"comment_status":"open","ping_status":"closed","template":"","meta":[],"product_brand":[76],"product_cat":[24],"product_tag":[],"class_list":{"0":"post-1868","1":"product","2":"type-product","3":"status-publish","4":"has-post-thumbnail","6":"product_brand-zara","7":"product_cat-puloverek","9":"first","10":"instock","11":"taxable","12":"shipping-taxable","13":"purchasable","14":"product-type-variable","15":"add-to-wishlist-before_add_to_cart"},"supplier_id":null,"supplier_sku":"","barcode":null,"atum_controlled":true,"out_stock_date":null,"out_stock_threshold":null,"inheritable":false,"inbound_stock":null,"stock_on_hold":0,"sold_today":0,"sales_last_days":0,"reserved_stock":null,"customer_returns":null,"warehouse_damage":null,"lost_in_post":null,"other_logs":null,"out_stock_days":0,"lost_sales":0,"has_location":null,"update_date":"2026-03-18T12:20:40","atum_locations":[],"atum_stock_status":"instock","restock_status":false,"low_stock_amount":"","sales_update_date":"2026-03-17T19:15:08","calc_backorders":null,"_links":{"self":[{"href":"https:\/\/vizomix.hu\/en\/wp-json\/wp\/v2\/product\/1868","targetHints":{"allow":["GET"]}}],"collection":[{"href":"https:\/\/vizomix.hu\/en\/wp-json\/wp\/v2\/product"}],"about":[{"href":"https:\/\/vizomix.hu\/en\/wp-json\/wp\/v2\/types\/product"}],"replies":[{"embeddable":true,"href":"https:\/\/vizomix.hu\/en\/wp-json\/wp\/v2\/comments?post=1868"}],"wp:featuredmedia":[{"embeddable":true,"href":"https:\/\/vizomix.hu\/en\/wp-json\/wp\/v2\/media\/1866"}],"wp:attachment":[{"href":"https:\/\/vizomix.hu\/en\/wp-json\/wp\/v2\/media?parent=1868"}],"wp:term":[{"taxonomy":"product_brand","embeddable":true,"href":"https:\/\/vizomix.hu\/en\/wp-json\/wp\/v2\/product_brand?post=1868"},{"taxonomy":"product_cat","embeddable":true,"href":"https:\/\/vizomix.hu\/en\/wp-json\/wp\/v2\/product_cat?post=1868"},{"taxonomy":"product_tag","embeddable":true,"href":"https:\/\/vizomix.hu\/en\/wp-json\/wp\/v2\/product_tag?post=1868"}],"curies":[{"name":"wp","href":"https:\/\/api.w.org\/{rel}","templated":true}]}}