{"id":1826,"date":"2026-02-17T12:01:34","date_gmt":"2026-02-17T11:01:34","guid":{"rendered":"https:\/\/vizomix.hu\/termek\/zara-barna-mubor-biker-aviator-jacket-kabat-meleg-belessel\/"},"modified":"2026-03-18T13:20:39","modified_gmt":"2026-03-18T12:20:39","slug":"zara-barna-mubor-biker-aviator-jacket-kabat-meleg-belessel","status":"publish","type":"product","link":"https:\/\/vizomix.hu\/en\/product\/zara-barna-mubor-biker-aviator-jacket-kabat-meleg-belessel\/","title":{"rendered":"Zara barna m\u0171b\u0151r biker\/ avi\u00e1tor jacket\/kab\u00e1t meleg b\u00e9l\u00e9ssel"},"content":{"rendered":"<p>Zara barna m\u0171b\u0151r biker\/avi\u00e1tor kab\u00e1t \u2013 meleg b\u00e9l\u00e9ssel<\/p>\n<p>Karakteres \u00e9s st\u00edlusos darab, amely t\u00f6k\u00e9letes v\u00e1laszt\u00e1s a h\u0171v\u00f6sebb napokra. Ez a Zara barna m\u0171b\u0151r biker\/avi\u00e1tor kab\u00e1t modern, m\u00e9gis id\u0151t\u00e1ll\u00f3 megjelen\u00e9st biztos\u00edt.<\/p>\n<p>A meleg b\u00e9l\u00e9s k\u00e9nyelmes viseletet ny\u00fajt, mik\u00f6zben a kab\u00e1t vag\u00e1ny, klasszikus fazonja k\u00f6nnyen kombin\u00e1lhat\u00f3 farmerrel, csizm\u00e1val vagy h\u00e9tk\u00f6znapi outfitekkel. Ide\u00e1lis v\u00e1laszt\u00e1s v\u00e1rosi s\u00e9t\u00e1khoz vagy st\u00edlusos, laza megjelen\u00e9shez.<\/p>","protected":false},"excerpt":{"rendered":"<p>Zara barna m\u0171b\u0151r biker\/avi\u00e1tor kab\u00e1t \u2013 meleg b\u00e9l\u00e9ssel Karakteres \u00e9s st\u00edlusos darab, amely t\u00f6k\u00e9letes v\u00e1laszt\u00e1s a h\u0171v\u00f6sebb napokra. Ez a<a class=\"read-more\" href=\"https:\/\/vizomix.hu\/en\/product\/zara-barna-mubor-biker-aviator-jacket-kabat-meleg-belessel\/\">Tov\u00e1bb<\/a><\/p>","protected":false},"featured_media":1824,"comment_status":"open","ping_status":"closed","template":"","meta":[],"product_brand":[76],"product_cat":[23],"product_tag":[],"class_list":{"0":"post-1826","1":"product","2":"type-product","3":"status-publish","4":"has-post-thumbnail","6":"product_brand-zara","7":"product_cat-kabatok","9":"first","10":"instock","11":"taxable","12":"shipping-taxable","13":"purchasable","14":"product-type-variable","15":"add-to-wishlist-before_add_to_cart"},"supplier_id":null,"supplier_sku":"","barcode":null,"atum_controlled":true,"out_stock_date":null,"out_stock_threshold":null,"inheritable":false,"inbound_stock":null,"stock_on_hold":0,"sold_today":0,"sales_last_days":0,"reserved_stock":null,"customer_returns":null,"warehouse_damage":null,"lost_in_post":null,"other_logs":null,"out_stock_days":0,"lost_sales":0,"has_location":null,"update_date":"2026-03-18T12:20:40","atum_locations":[],"atum_stock_status":"instock","restock_status":false,"low_stock_amount":"","sales_update_date":"2026-03-17T19:15:08","calc_backorders":null,"_links":{"self":[{"href":"https:\/\/vizomix.hu\/en\/wp-json\/wp\/v2\/product\/1826","targetHints":{"allow":["GET"]}}],"collection":[{"href":"https:\/\/vizomix.hu\/en\/wp-json\/wp\/v2\/product"}],"about":[{"href":"https:\/\/vizomix.hu\/en\/wp-json\/wp\/v2\/types\/product"}],"replies":[{"embeddable":true,"href":"https:\/\/vizomix.hu\/en\/wp-json\/wp\/v2\/comments?post=1826"}],"wp:featuredmedia":[{"embeddable":true,"href":"https:\/\/vizomix.hu\/en\/wp-json\/wp\/v2\/media\/1824"}],"wp:attachment":[{"href":"https:\/\/vizomix.hu\/en\/wp-json\/wp\/v2\/media?parent=1826"}],"wp:term":[{"taxonomy":"product_brand","embeddable":true,"href":"https:\/\/vizomix.hu\/en\/wp-json\/wp\/v2\/product_brand?post=1826"},{"taxonomy":"product_cat","embeddable":true,"href":"https:\/\/vizomix.hu\/en\/wp-json\/wp\/v2\/product_cat?post=1826"},{"taxonomy":"product_tag","embeddable":true,"href":"https:\/\/vizomix.hu\/en\/wp-json\/wp\/v2\/product_tag?post=1826"}],"curies":[{"name":"wp","href":"https:\/\/api.w.org\/{rel}","templated":true}]}}