{"id":1799,"date":"2026-02-17T11:50:23","date_gmt":"2026-02-17T10:50:23","guid":{"rendered":"https:\/\/vizomix.hu\/termek\/zara-rozsaszin-barbie-kollekcios-crop-csinos-blezer-tollas-ujjal\/"},"modified":"2026-04-03T16:20:23","modified_gmt":"2026-04-03T14:20:23","slug":"zara-rozsaszin-barbie-kollekcios-crop-csinos-blezer-tollas-ujjal","status":"publish","type":"product","link":"https:\/\/vizomix.hu\/en\/product\/zara-rozsaszin-barbie-kollekcios-crop-csinos-blezer-tollas-ujjal\/","title":{"rendered":"Zara r\u00f3zsasz\u00edn barbie kollekci\u00f3s crop csinos bl\u00e9zer tollas \u00fajjal"},"content":{"rendered":"<p>Zara r\u00f3zsasz\u00edn Barbie kollekci\u00f3s crop bl\u00e9zer \u2013 tollas ujjal<\/p>\n<p>K\u00fcl\u00f6nleges \u00e9s n\u0151ies darab, amely igaz\u00e1n figyelemfelkelt\u0151 megjelen\u00e9st biztos\u00edt. Ez a Zara r\u00f3zsasz\u00edn, Barbie kollekci\u00f3s crop bl\u00e9zer r\u00f6videbb szab\u00e1s\u00e1nak k\u00f6sz\u00f6nhet\u0151en modern \u00e9s trendi hat\u00e1st kelt.<\/p>\n<p>A tollas ujjak j\u00e1t\u00e9kos \u00e9s eleg\u00e1ns r\u00e9szletk\u00e9nt emelik ki a ruhadarabot, mik\u00f6zben egyedi st\u00edlust k\u00f6lcs\u00f6n\u00f6znek. T\u00f6k\u00e9letes v\u00e1laszt\u00e1s alkalmi esem\u00e9nyekre, bulikra vagy amikor egy igaz\u00e1n k\u00fcl\u00f6nleges outfitet szeretn\u00e9l viselni.<br \/>\nM\u00e9retez\u00e9s: nagyobb m\u00e9ret<\/p>","protected":false},"excerpt":{"rendered":"<p>Zara r\u00f3zsasz\u00edn Barbie kollekci\u00f3s crop bl\u00e9zer \u2013 tollas ujjal K\u00fcl\u00f6nleges \u00e9s n\u0151ies darab, amely igaz\u00e1n figyelemfelkelt\u0151 megjelen\u00e9st biztos\u00edt. Ez a<a class=\"read-more\" href=\"https:\/\/vizomix.hu\/en\/product\/zara-rozsaszin-barbie-kollekcios-crop-csinos-blezer-tollas-ujjal\/\">Tov\u00e1bb<\/a><\/p>","protected":false},"featured_media":6846,"comment_status":"open","ping_status":"closed","template":"","meta":[],"product_brand":[76],"product_cat":[38],"product_tag":[],"class_list":{"0":"post-1799","1":"product","2":"type-product","3":"status-publish","4":"has-post-thumbnail","6":"product_brand-zara","7":"product_cat-blezerek","9":"first","10":"instock","11":"taxable","12":"shipping-taxable","13":"purchasable","14":"product-type-variable","15":"add-to-wishlist-before_add_to_cart"},"supplier_id":null,"supplier_sku":"","barcode":null,"atum_controlled":true,"out_stock_date":null,"out_stock_threshold":null,"inheritable":false,"inbound_stock":null,"stock_on_hold":0,"sold_today":1,"sales_last_days":1,"reserved_stock":null,"customer_returns":null,"warehouse_damage":null,"lost_in_post":null,"other_logs":null,"out_stock_days":0,"lost_sales":0,"has_location":null,"update_date":"2026-04-03T19:44:09","atum_locations":[],"atum_stock_status":"instock","restock_status":false,"low_stock_amount":"","sales_update_date":"2026-03-17T19:15:20","calc_backorders":null,"_links":{"self":[{"href":"https:\/\/vizomix.hu\/en\/wp-json\/wp\/v2\/product\/1799","targetHints":{"allow":["GET"]}}],"collection":[{"href":"https:\/\/vizomix.hu\/en\/wp-json\/wp\/v2\/product"}],"about":[{"href":"https:\/\/vizomix.hu\/en\/wp-json\/wp\/v2\/types\/product"}],"replies":[{"embeddable":true,"href":"https:\/\/vizomix.hu\/en\/wp-json\/wp\/v2\/comments?post=1799"}],"wp:featuredmedia":[{"embeddable":true,"href":"https:\/\/vizomix.hu\/en\/wp-json\/wp\/v2\/media\/6846"}],"wp:attachment":[{"href":"https:\/\/vizomix.hu\/en\/wp-json\/wp\/v2\/media?parent=1799"}],"wp:term":[{"taxonomy":"product_brand","embeddable":true,"href":"https:\/\/vizomix.hu\/en\/wp-json\/wp\/v2\/product_brand?post=1799"},{"taxonomy":"product_cat","embeddable":true,"href":"https:\/\/vizomix.hu\/en\/wp-json\/wp\/v2\/product_cat?post=1799"},{"taxonomy":"product_tag","embeddable":true,"href":"https:\/\/vizomix.hu\/en\/wp-json\/wp\/v2\/product_tag?post=1799"}],"curies":[{"name":"wp","href":"https:\/\/api.w.org\/{rel}","templated":true}]}}