{"id":1795,"date":"2026-02-17T11:48:56","date_gmt":"2026-02-17T10:48:56","guid":{"rendered":"https:\/\/vizomix.hu\/termek\/zara-fekete-hosszu-pufi-premes-meleg-60-toll-es-40-pehely-kapucnis-kabat-ovvel\/"},"modified":"2026-03-18T13:21:17","modified_gmt":"2026-03-18T12:21:17","slug":"zara-fekete-hosszu-pufi-premes-meleg-60-toll-es-40-pehely-kapucnis-kabat-ovvel","status":"publish","type":"product","link":"https:\/\/vizomix.hu\/en\/product\/zara-fekete-hosszu-pufi-premes-meleg-60-toll-es-40-pehely-kapucnis-kabat-ovvel\/","title":{"rendered":"Zara fekete hossz\u00fa pufi pr\u00e9mes meleg 60% toll es 40% pehely kapucnis kab\u00e1t \u00f6vvel"},"content":{"rendered":"<p>Zara fekete hossz\u00fa pufi kab\u00e1t \u2013 pr\u00e9mes kapucnival, \u00f6vvel<\/p>\n<p>Meleg \u00e9s eleg\u00e1ns v\u00e1laszt\u00e1s a hideg t\u00e9li napokra. Ez a Zara fekete hossz\u00fa pufi kab\u00e1t 60% toll \u00e9s 40% pehely t\u00f6ltet\u00e9nek k\u00f6sz\u00f6nhet\u0151en kiv\u00e1l\u00f3 h\u0151szigetel\u00e9st \u00e9s k\u00e9nyelmes viseletet biztos\u00edt.<\/p>\n<p>A pr\u00e9mes kapucni extra v\u00e9delmet ny\u00fajt a hideg ellen, a hozz\u00e1 tartoz\u00f3 \u00f6v pedig sz\u00e9pen kiemeli a der\u00e9kvonalat. T\u00f6k\u00e9letes v\u00e1laszt\u00e1s h\u00e9tk\u00f6znapi viselethez, v\u00e1rosi s\u00e9t\u00e1khoz vagy t\u00e9li programokra, amikor a melegs\u00e9g \u00e9s a st\u00edlus egyar\u00e1nt fontos.<br \/>\nM\u00e9retez\u00e9s: m\u00e9reth\u0171<\/p>","protected":false},"excerpt":{"rendered":"<p>Zara fekete hossz\u00fa pufi kab\u00e1t \u2013 pr\u00e9mes kapucnival, \u00f6vvel Meleg \u00e9s eleg\u00e1ns v\u00e1laszt\u00e1s a hideg t\u00e9li napokra. Ez a Zara<a class=\"read-more\" href=\"https:\/\/vizomix.hu\/en\/product\/zara-fekete-hosszu-pufi-premes-meleg-60-toll-es-40-pehely-kapucnis-kabat-ovvel\/\">Tov\u00e1bb<\/a><\/p>","protected":false},"featured_media":1793,"comment_status":"open","ping_status":"closed","template":"","meta":[],"product_brand":[76],"product_cat":[23],"product_tag":[],"class_list":{"0":"post-1795","1":"product","2":"type-product","3":"status-publish","4":"has-post-thumbnail","6":"product_brand-zara","7":"product_cat-kabatok","9":"first","10":"instock","11":"taxable","12":"shipping-taxable","13":"purchasable","14":"product-type-variable","15":"add-to-wishlist-before_add_to_cart"},"supplier_id":null,"supplier_sku":"","barcode":null,"atum_controlled":true,"out_stock_date":null,"out_stock_threshold":null,"inheritable":false,"inbound_stock":null,"stock_on_hold":0,"sold_today":0,"sales_last_days":0,"reserved_stock":null,"customer_returns":null,"warehouse_damage":null,"lost_in_post":null,"other_logs":null,"out_stock_days":0,"lost_sales":0,"has_location":null,"update_date":"2026-03-18T12:21:19","atum_locations":[],"atum_stock_status":"instock","restock_status":false,"low_stock_amount":"","sales_update_date":"2026-03-17T19:15:20","calc_backorders":null,"_links":{"self":[{"href":"https:\/\/vizomix.hu\/en\/wp-json\/wp\/v2\/product\/1795","targetHints":{"allow":["GET"]}}],"collection":[{"href":"https:\/\/vizomix.hu\/en\/wp-json\/wp\/v2\/product"}],"about":[{"href":"https:\/\/vizomix.hu\/en\/wp-json\/wp\/v2\/types\/product"}],"replies":[{"embeddable":true,"href":"https:\/\/vizomix.hu\/en\/wp-json\/wp\/v2\/comments?post=1795"}],"wp:featuredmedia":[{"embeddable":true,"href":"https:\/\/vizomix.hu\/en\/wp-json\/wp\/v2\/media\/1793"}],"wp:attachment":[{"href":"https:\/\/vizomix.hu\/en\/wp-json\/wp\/v2\/media?parent=1795"}],"wp:term":[{"taxonomy":"product_brand","embeddable":true,"href":"https:\/\/vizomix.hu\/en\/wp-json\/wp\/v2\/product_brand?post=1795"},{"taxonomy":"product_cat","embeddable":true,"href":"https:\/\/vizomix.hu\/en\/wp-json\/wp\/v2\/product_cat?post=1795"},{"taxonomy":"product_tag","embeddable":true,"href":"https:\/\/vizomix.hu\/en\/wp-json\/wp\/v2\/product_tag?post=1795"}],"curies":[{"name":"wp","href":"https:\/\/api.w.org\/{rel}","templated":true}]}}