{"id":1790,"date":"2026-02-17T11:45:54","date_gmt":"2026-02-17T10:45:54","guid":{"rendered":"https:\/\/vizomix.hu\/termek\/zara-barna-hosszu-50-gyapju-tartalmu-oversize-szovetkabat\/"},"modified":"2026-03-18T13:21:17","modified_gmt":"2026-03-18T12:21:17","slug":"zara-barna-hosszu-50-gyapju-tartalmu-oversize-szovetkabat","status":"publish","type":"product","link":"https:\/\/vizomix.hu\/en\/product\/zara-barna-hosszu-50-gyapju-tartalmu-oversize-szovetkabat\/","title":{"rendered":"Zara brown long 50% wool oversize fabric jacket"},"content":{"rendered":"<p>Zara barna hossz\u00fa sz\u00f6vetkab\u00e1t \u2013 50% gyapj\u00fa, oversize fazon<\/p>\n<p>St\u00edlusos \u00e9s k\u00e9nyelmes darab, amely modern megjelen\u00e9st biztos\u00edt a h\u0171v\u00f6sebb napokon. Ez a Zara barna hossz\u00fa sz\u00f6vetkab\u00e1t 50% gyapj\u00fa tartalm\u00e1nak k\u00f6sz\u00f6nhet\u0151en meleg \u00e9s kellemes viseletet ny\u00fajt.<\/p>\n<p>Az oversize fazon laza, trendi megjelen\u00e9st ad, mik\u00f6zben lehet\u0151v\u00e9 teszi a k\u00e9nyelmes r\u00e9tegez\u00e9st. K\u00f6nnyen kombin\u00e1lhat\u00f3 farmerrel, nadr\u00e1ggal vagy eleg\u00e1nsabb outfitekkel is, \u00edgy ide\u00e1lis v\u00e1laszt\u00e1s h\u00e9tk\u00f6znapokra \u00e9s alkalmi megjelen\u00e9shez egyar\u00e1nt.<br \/>\nM\u00e9retez\u00e9s: nagyobb m\u00e9ret (Bele\u00edrt m\u00e9ret: XS-S \/\/ M-L)<\/p>","protected":false},"excerpt":{"rendered":"<p>Zara barna hossz\u00fa sz\u00f6vetkab\u00e1t \u2013 50% gyapj\u00fa, oversize fazon St\u00edlusos \u00e9s k\u00e9nyelmes darab, amely modern megjelen\u00e9st biztos\u00edt a h\u0171v\u00f6sebb napokon.<a class=\"read-more\" href=\"https:\/\/vizomix.hu\/en\/product\/zara-barna-hosszu-50-gyapju-tartalmu-oversize-szovetkabat\/\">Tov\u00e1bb<\/a><\/p>","protected":false},"featured_media":1789,"comment_status":"open","ping_status":"closed","template":"","meta":[],"product_brand":[76],"product_cat":[23],"product_tag":[],"class_list":{"0":"post-1790","1":"product","2":"type-product","3":"status-publish","4":"has-post-thumbnail","6":"product_brand-zara","7":"product_cat-kabatok","9":"first","10":"instock","11":"taxable","12":"shipping-taxable","13":"purchasable","14":"product-type-variable","15":"add-to-wishlist-before_add_to_cart"},"supplier_id":null,"supplier_sku":"","barcode":null,"atum_controlled":true,"out_stock_date":null,"out_stock_threshold":null,"inheritable":false,"inbound_stock":null,"stock_on_hold":0,"sold_today":0,"sales_last_days":0,"reserved_stock":null,"customer_returns":null,"warehouse_damage":null,"lost_in_post":null,"other_logs":null,"out_stock_days":0,"lost_sales":0,"has_location":null,"update_date":"2026-03-18T12:21:19","atum_locations":[],"atum_stock_status":"instock","restock_status":false,"low_stock_amount":"","sales_update_date":"2026-03-17T19:15:20","calc_backorders":null,"_links":{"self":[{"href":"https:\/\/vizomix.hu\/en\/wp-json\/wp\/v2\/product\/1790","targetHints":{"allow":["GET"]}}],"collection":[{"href":"https:\/\/vizomix.hu\/en\/wp-json\/wp\/v2\/product"}],"about":[{"href":"https:\/\/vizomix.hu\/en\/wp-json\/wp\/v2\/types\/product"}],"replies":[{"embeddable":true,"href":"https:\/\/vizomix.hu\/en\/wp-json\/wp\/v2\/comments?post=1790"}],"wp:featuredmedia":[{"embeddable":true,"href":"https:\/\/vizomix.hu\/en\/wp-json\/wp\/v2\/media\/1789"}],"wp:attachment":[{"href":"https:\/\/vizomix.hu\/en\/wp-json\/wp\/v2\/media?parent=1790"}],"wp:term":[{"taxonomy":"product_brand","embeddable":true,"href":"https:\/\/vizomix.hu\/en\/wp-json\/wp\/v2\/product_brand?post=1790"},{"taxonomy":"product_cat","embeddable":true,"href":"https:\/\/vizomix.hu\/en\/wp-json\/wp\/v2\/product_cat?post=1790"},{"taxonomy":"product_tag","embeddable":true,"href":"https:\/\/vizomix.hu\/en\/wp-json\/wp\/v2\/product_tag?post=1790"}],"curies":[{"name":"wp","href":"https:\/\/api.w.org\/{rel}","templated":true}]}}