{"id":1779,"date":"2026-02-17T11:39:00","date_gmt":"2026-02-17T10:39:00","guid":{"rendered":"https:\/\/vizomix.hu\/termek\/zara-rovid-csokibarna-mubor-meleg-teli-kabat-puha-szorme-belessel\/"},"modified":"2026-03-18T13:21:17","modified_gmt":"2026-03-18T12:21:17","slug":"zara-rovid-csokibarna-mubor-meleg-teli-kabat-puha-szorme-belessel","status":"publish","type":"product","link":"https:\/\/vizomix.hu\/en\/product\/zara-rovid-csokibarna-mubor-meleg-teli-kabat-puha-szorme-belessel\/","title":{"rendered":"Zara r\u00f6vid csokibarna m\u0171b\u0151r meleg t\u00e9li kab\u00e1t puha sz\u0151rme b\u00e9l\u00e9ssel"},"content":{"rendered":"<p>Zara r\u00f6vid csokibarna m\u0171b\u0151r t\u00e9li kab\u00e1t \u2013 puha sz\u0151rme b\u00e9l\u00e9ssel<\/p>\n<p>Meleg \u00e9s st\u00edlusos darab, amely t\u00f6k\u00e9letes v\u00e1laszt\u00e1s a hideg t\u00e9li napokra. Ez a Zara r\u00f6vid, csokibarna m\u0171b\u0151r kab\u00e1t puha sz\u0151rme b\u00e9l\u00e9s\u00e9nek k\u00f6sz\u00f6nhet\u0151en extra komfortot \u00e9s meleget biztos\u00edt.<\/p>\n<p>Modern szab\u00e1sa \u00e9s gazdag barna \u00e1rnyalata eleg\u00e1ns, m\u00e9gis trendi megjelen\u00e9st ad. K\u00f6nnyen kombin\u00e1lhat\u00f3 farmerrel, nadr\u00e1ggal vagy csizm\u00e1val, \u00edgy ide\u00e1lis v\u00e1laszt\u00e1s h\u00e9tk\u00f6znapi viselethez vagy st\u00edlusos t\u00e9li outfitekhez.<br \/>\nM\u00e9retez\u00e9s: nagyobb m\u00e9ret<\/p>","protected":false},"excerpt":{"rendered":"<p>Zara r\u00f6vid csokibarna m\u0171b\u0151r t\u00e9li kab\u00e1t \u2013 puha sz\u0151rme b\u00e9l\u00e9ssel Meleg \u00e9s st\u00edlusos darab, amely t\u00f6k\u00e9letes v\u00e1laszt\u00e1s a hideg t\u00e9li<a class=\"read-more\" href=\"https:\/\/vizomix.hu\/en\/product\/zara-rovid-csokibarna-mubor-meleg-teli-kabat-puha-szorme-belessel\/\">Tov\u00e1bb<\/a><\/p>","protected":false},"featured_media":1778,"comment_status":"open","ping_status":"closed","template":"","meta":[],"product_brand":[76],"product_cat":[23],"product_tag":[],"class_list":{"0":"post-1779","1":"product","2":"type-product","3":"status-publish","4":"has-post-thumbnail","6":"product_brand-zara","7":"product_cat-kabatok","9":"first","10":"instock","11":"taxable","12":"shipping-taxable","13":"purchasable","14":"product-type-variable","15":"add-to-wishlist-before_add_to_cart"},"supplier_id":null,"supplier_sku":"","barcode":null,"atum_controlled":true,"out_stock_date":null,"out_stock_threshold":null,"inheritable":false,"inbound_stock":null,"stock_on_hold":0,"sold_today":0,"sales_last_days":0,"reserved_stock":null,"customer_returns":null,"warehouse_damage":null,"lost_in_post":null,"other_logs":null,"out_stock_days":0,"lost_sales":0,"has_location":null,"update_date":"2026-03-18T12:21:19","atum_locations":[],"atum_stock_status":"instock","restock_status":false,"low_stock_amount":"","sales_update_date":"2026-03-17T19:15:20","calc_backorders":null,"_links":{"self":[{"href":"https:\/\/vizomix.hu\/en\/wp-json\/wp\/v2\/product\/1779","targetHints":{"allow":["GET"]}}],"collection":[{"href":"https:\/\/vizomix.hu\/en\/wp-json\/wp\/v2\/product"}],"about":[{"href":"https:\/\/vizomix.hu\/en\/wp-json\/wp\/v2\/types\/product"}],"replies":[{"embeddable":true,"href":"https:\/\/vizomix.hu\/en\/wp-json\/wp\/v2\/comments?post=1779"}],"wp:featuredmedia":[{"embeddable":true,"href":"https:\/\/vizomix.hu\/en\/wp-json\/wp\/v2\/media\/1778"}],"wp:attachment":[{"href":"https:\/\/vizomix.hu\/en\/wp-json\/wp\/v2\/media?parent=1779"}],"wp:term":[{"taxonomy":"product_brand","embeddable":true,"href":"https:\/\/vizomix.hu\/en\/wp-json\/wp\/v2\/product_brand?post=1779"},{"taxonomy":"product_cat","embeddable":true,"href":"https:\/\/vizomix.hu\/en\/wp-json\/wp\/v2\/product_cat?post=1779"},{"taxonomy":"product_tag","embeddable":true,"href":"https:\/\/vizomix.hu\/en\/wp-json\/wp\/v2\/product_tag?post=1779"}],"curies":[{"name":"wp","href":"https:\/\/api.w.org\/{rel}","templated":true}]}}