{"id":1691,"date":"2026-02-12T21:27:39","date_gmt":"2026-02-12T20:27:39","guid":{"rendered":"https:\/\/vizomix.hu\/termek\/zara-hosszu-fekete-textured-kotott-ruha-3\/"},"modified":"2026-03-18T13:21:17","modified_gmt":"2026-03-18T12:21:17","slug":"zara-hosszu-fekete-textured-kotott-ruha-3","status":"publish","type":"product","link":"https:\/\/vizomix.hu\/en\/product\/zara-hosszu-fekete-textured-kotott-ruha-3\/","title":{"rendered":"Zara karamell sz\u00edn\u0171 hossz\u00edtott finom puha m\u0171sz\u00f6rme kab\u00e1t\/bunda"},"content":{"rendered":"<p>Zara karamell sz\u00edn\u0171 hossz\u00edtott, finom puha m\u0171sz\u0151rme kab\u00e1t \/ bunda<\/p>\n<p>Luxus hat\u00e1s, kifinomult megjelen\u00e9s \u00e9s maxim\u00e1lis k\u00e9nyelem egyetlen darabban. Ez a karamell \u00e1rnyalat\u00fa, hossz\u00edtott m\u0171sz\u0151rme kab\u00e1t meleg, eleg\u00e1ns megjelen\u00e9st biztos\u00edt a h\u0171v\u00f6sebb napokon.<\/p>\n<p>Finoman puha tapint\u00e1s\u00fa anyaga kellemes viseletet ny\u00fajt, mik\u00f6zben a hossz\u00edtott fazon ny\u00fajtja az alakot \u00e9s k\u00fcl\u00f6n\u00f6sen n\u0151ies, letisztult sziluettet eredm\u00e9nyez. A karamell sz\u00edn id\u0151t\u00e1ll\u00f3 \u00e9s k\u00f6nnyen kombin\u00e1lhat\u00f3 \u2013 t\u00f6k\u00e9letes v\u00e1laszt\u00e1s fekete, b\u00e9zs vagy ak\u00e1r farmer alapdarabok mell\u00e9 is.<\/p>\n<p>Ide\u00e1lis h\u00e9tk\u00f6znapi eleganci\u00e1hoz, alkalmi megjelen\u00e9shez vagy egy st\u00edlusos v\u00e1rosi outfit kieg\u00e9sz\u00edt\u0151jek\u00e9nt.<\/p>\n<p>Egy igaz\u00e1n karakteres darab, amely minden gardr\u00f3b k\u00fcl\u00f6nleges \u00e9kk\u00f6ve lehet.<br \/>\nM\u00e9retez\u00e9s: nagyobb m\u00e9ret<\/p>","protected":false},"excerpt":{"rendered":"<p>Zara karamell sz\u00edn\u0171 hossz\u00edtott, finom puha m\u0171sz\u0151rme kab\u00e1t \/ bunda Luxus hat\u00e1s, kifinomult megjelen\u00e9s \u00e9s maxim\u00e1lis k\u00e9nyelem egyetlen darabban. Ez<a class=\"read-more\" href=\"https:\/\/vizomix.hu\/en\/product\/zara-hosszu-fekete-textured-kotott-ruha-3\/\">Tov\u00e1bb<\/a><\/p>","protected":false},"featured_media":1733,"comment_status":"open","ping_status":"closed","template":"","meta":[],"product_brand":[76],"product_cat":[23],"product_tag":[],"class_list":{"0":"post-1691","1":"product","2":"type-product","3":"status-publish","4":"has-post-thumbnail","6":"product_brand-zara","7":"product_cat-kabatok","9":"first","10":"instock","11":"taxable","12":"shipping-taxable","13":"purchasable","14":"product-type-variable","15":"add-to-wishlist-before_add_to_cart"},"supplier_id":null,"supplier_sku":"","barcode":null,"atum_controlled":true,"out_stock_date":null,"out_stock_threshold":null,"inheritable":false,"inbound_stock":null,"stock_on_hold":0,"sold_today":0,"sales_last_days":0,"reserved_stock":null,"customer_returns":null,"warehouse_damage":null,"lost_in_post":null,"other_logs":null,"out_stock_days":0,"lost_sales":0,"has_location":null,"update_date":"2026-03-18T12:21:19","atum_locations":[],"atum_stock_status":"instock","restock_status":false,"low_stock_amount":"","sales_update_date":"2026-03-17T19:15:20","calc_backorders":null,"_links":{"self":[{"href":"https:\/\/vizomix.hu\/en\/wp-json\/wp\/v2\/product\/1691","targetHints":{"allow":["GET"]}}],"collection":[{"href":"https:\/\/vizomix.hu\/en\/wp-json\/wp\/v2\/product"}],"about":[{"href":"https:\/\/vizomix.hu\/en\/wp-json\/wp\/v2\/types\/product"}],"replies":[{"embeddable":true,"href":"https:\/\/vizomix.hu\/en\/wp-json\/wp\/v2\/comments?post=1691"}],"wp:featuredmedia":[{"embeddable":true,"href":"https:\/\/vizomix.hu\/en\/wp-json\/wp\/v2\/media\/1733"}],"wp:attachment":[{"href":"https:\/\/vizomix.hu\/en\/wp-json\/wp\/v2\/media?parent=1691"}],"wp:term":[{"taxonomy":"product_brand","embeddable":true,"href":"https:\/\/vizomix.hu\/en\/wp-json\/wp\/v2\/product_brand?post=1691"},{"taxonomy":"product_cat","embeddable":true,"href":"https:\/\/vizomix.hu\/en\/wp-json\/wp\/v2\/product_cat?post=1691"},{"taxonomy":"product_tag","embeddable":true,"href":"https:\/\/vizomix.hu\/en\/wp-json\/wp\/v2\/product_tag?post=1691"}],"curies":[{"name":"wp","href":"https:\/\/api.w.org\/{rel}","templated":true}]}}