{"id":1689,"date":"2026-02-12T21:25:52","date_gmt":"2026-02-12T20:25:52","guid":{"rendered":"https:\/\/vizomix.hu\/termek\/zara-hosszu-fekete-textured-kotott-ruha\/"},"modified":"2026-03-18T13:21:18","modified_gmt":"2026-03-18T12:21:18","slug":"zara-hosszu-fekete-textured-kotott-ruha","status":"publish","type":"product","link":"https:\/\/vizomix.hu\/en\/product\/zara-hosszu-fekete-textured-kotott-ruha\/","title":{"rendered":"Zara hossz\u00fa fekete textured k\u00f6t\u00f6tt ruha"},"content":{"rendered":"<p>Eleg\u00e1ns \u00e9s id\u0151t\u00e1ll\u00f3 darab, amely t\u00f6k\u00e9letes v\u00e1laszt\u00e1s h\u0171v\u00f6sebb napokra. Ez a Zara hossz\u00fa fekete k\u00f6t\u00f6tt ruha textured anyag\u00e1val k\u00fcl\u00f6nleges, m\u00e9gis letisztult megjelen\u00e9st biztos\u00edt.<\/p>\n<p>A k\u00e9nyelmes, puha k\u00f6t\u00f6tt anyag kellemes viseletet ny\u00fajt eg\u00e9sz nap, m\u00edg a hossz\u00edtott fazon n\u0151ies \u00e9s kifinomult sziluettet ad. K\u00f6nnyen kombin\u00e1lhat\u00f3 csizm\u00e1val, bokacsizm\u00e1val vagy ak\u00e1r sportosabb darabokkal is, \u00edgy ide\u00e1lis v\u00e1laszt\u00e1s h\u00e9tk\u00f6znapi \u00e9s alkalmi megjelen\u00e9shez egyar\u00e1nt.<br \/>\nM\u00e9retez\u00e9s: nagyobb m\u00e9ret<\/p>","protected":false},"excerpt":{"rendered":"<p>Eleg\u00e1ns \u00e9s id\u0151t\u00e1ll\u00f3 darab, amely t\u00f6k\u00e9letes v\u00e1laszt\u00e1s h\u0171v\u00f6sebb napokra. Ez a Zara hossz\u00fa fekete k\u00f6t\u00f6tt ruha textured anyag\u00e1val k\u00fcl\u00f6nleges, m\u00e9gis<a class=\"read-more\" href=\"https:\/\/vizomix.hu\/en\/product\/zara-hosszu-fekete-textured-kotott-ruha\/\">Tov\u00e1bb<\/a><\/p>","protected":false},"featured_media":1687,"comment_status":"open","ping_status":"closed","template":"","meta":[],"product_brand":[76],"product_cat":[33],"product_tag":[],"class_list":{"0":"post-1689","1":"product","2":"type-product","3":"status-publish","4":"has-post-thumbnail","6":"product_brand-zara","7":"product_cat-hosszu-ruhak-midi-ruhak-overalok","9":"first","10":"instock","11":"taxable","12":"shipping-taxable","13":"purchasable","14":"product-type-variable","15":"add-to-wishlist-before_add_to_cart"},"supplier_id":null,"supplier_sku":"","barcode":null,"atum_controlled":true,"out_stock_date":null,"out_stock_threshold":null,"inheritable":false,"inbound_stock":0,"stock_on_hold":0,"sold_today":0,"sales_last_days":0,"reserved_stock":0,"customer_returns":0,"warehouse_damage":0,"lost_in_post":0,"other_logs":0,"out_stock_days":0,"lost_sales":0,"has_location":false,"update_date":"2026-03-18T12:21:19","atum_locations":[],"atum_stock_status":"instock","restock_status":false,"low_stock_amount":"","sales_update_date":"2026-03-17T19:15:20","calc_backorders":null,"_links":{"self":[{"href":"https:\/\/vizomix.hu\/en\/wp-json\/wp\/v2\/product\/1689","targetHints":{"allow":["GET"]}}],"collection":[{"href":"https:\/\/vizomix.hu\/en\/wp-json\/wp\/v2\/product"}],"about":[{"href":"https:\/\/vizomix.hu\/en\/wp-json\/wp\/v2\/types\/product"}],"replies":[{"embeddable":true,"href":"https:\/\/vizomix.hu\/en\/wp-json\/wp\/v2\/comments?post=1689"}],"wp:featuredmedia":[{"embeddable":true,"href":"https:\/\/vizomix.hu\/en\/wp-json\/wp\/v2\/media\/1687"}],"wp:attachment":[{"href":"https:\/\/vizomix.hu\/en\/wp-json\/wp\/v2\/media?parent=1689"}],"wp:term":[{"taxonomy":"product_brand","embeddable":true,"href":"https:\/\/vizomix.hu\/en\/wp-json\/wp\/v2\/product_brand?post=1689"},{"taxonomy":"product_cat","embeddable":true,"href":"https:\/\/vizomix.hu\/en\/wp-json\/wp\/v2\/product_cat?post=1689"},{"taxonomy":"product_tag","embeddable":true,"href":"https:\/\/vizomix.hu\/en\/wp-json\/wp\/v2\/product_tag?post=1689"}],"curies":[{"name":"wp","href":"https:\/\/api.w.org\/{rel}","templated":true}]}}