{"id":1500,"date":"2026-02-12T14:38:02","date_gmt":"2026-02-12T13:38:02","guid":{"rendered":"https:\/\/vizomix.hu\/termek\/zara-sotetszurke-nagyon-finom-puha-muszorme-kabat-bunda-kapcsokkal\/"},"modified":"2026-03-18T13:21:18","modified_gmt":"2026-03-18T12:21:18","slug":"zara-sotetszurke-nagyon-finom-puha-muszorme-kabat-bunda-kapcsokkal","status":"publish","type":"product","link":"https:\/\/vizomix.hu\/en\/product\/zara-sotetszurke-nagyon-finom-puha-muszorme-kabat-bunda-kapcsokkal\/","title":{"rendered":"Zara dark grey very fine soft faux suede jacket\/coat with clasps"},"content":{"rendered":"<p>Zara s\u00f6t\u00e9tsz\u00fcrke m\u0171sz\u0151rme kab\u00e1t \u2013 kapcsos z\u00e1r\u00f3d\u00e1ssal<\/p>\n<p>K\u00e9nyelmes \u00e9s st\u00edlusos darab, amely melegs\u00e9get \u00e9s eleganci\u00e1t biztos\u00edt a h\u0171v\u00f6sebb napokon. Ez a Zara s\u00f6t\u00e9tsz\u00fcrke kab\u00e1t nagyon finom, puha m\u0171sz\u0151rme anyagb\u00f3l k\u00e9sz\u00fclt, \u00edgy kellemes viseletet ny\u00fajt eg\u00e9sz nap.<\/p>\n<p>A kapcsos z\u00e1r\u00f3d\u00e1s praktikus \u00e9s modern r\u00e9szletk\u00e9nt emeli ki a ruhadarabot, mik\u00f6zben megtartja a kab\u00e1t letisztult, kifinomult vonalvezet\u00e9s\u00e9t. Ide\u00e1lis v\u00e1laszt\u00e1s h\u00e9tk\u00f6znapi outfitekhez, v\u00e1rosi s\u00e9t\u00e1khoz vagy st\u00edlusos, eleg\u00e1ns megjelen\u00e9shez.<\/p>","protected":false},"excerpt":{"rendered":"<p>Zara s\u00f6t\u00e9tsz\u00fcrke m\u0171sz\u0151rme kab\u00e1t \u2013 kapcsos z\u00e1r\u00f3d\u00e1ssal K\u00e9nyelmes \u00e9s st\u00edlusos darab, amely melegs\u00e9get \u00e9s eleganci\u00e1t biztos\u00edt a h\u0171v\u00f6sebb napokon. Ez<a class=\"read-more\" href=\"https:\/\/vizomix.hu\/en\/product\/zara-sotetszurke-nagyon-finom-puha-muszorme-kabat-bunda-kapcsokkal\/\">Tov\u00e1bb<\/a><\/p>","protected":false},"featured_media":1498,"comment_status":"open","ping_status":"closed","template":"","meta":[],"product_brand":[76],"product_cat":[23],"product_tag":[],"class_list":{"0":"post-1500","1":"product","2":"type-product","3":"status-publish","4":"has-post-thumbnail","6":"product_brand-zara","7":"product_cat-kabatok","9":"first","10":"instock","11":"taxable","12":"shipping-taxable","13":"purchasable","14":"product-type-variable","15":"add-to-wishlist-before_add_to_cart"},"supplier_id":null,"supplier_sku":"","barcode":null,"atum_controlled":true,"out_stock_date":null,"out_stock_threshold":null,"inheritable":false,"inbound_stock":null,"stock_on_hold":0,"sold_today":0,"sales_last_days":0,"reserved_stock":null,"customer_returns":null,"warehouse_damage":null,"lost_in_post":null,"other_logs":null,"out_stock_days":0,"lost_sales":0,"has_location":null,"update_date":"2026-03-18T12:21:19","atum_locations":[],"atum_stock_status":"instock","restock_status":false,"low_stock_amount":"","sales_update_date":"2026-03-17T19:15:20","calc_backorders":null,"_links":{"self":[{"href":"https:\/\/vizomix.hu\/en\/wp-json\/wp\/v2\/product\/1500","targetHints":{"allow":["GET"]}}],"collection":[{"href":"https:\/\/vizomix.hu\/en\/wp-json\/wp\/v2\/product"}],"about":[{"href":"https:\/\/vizomix.hu\/en\/wp-json\/wp\/v2\/types\/product"}],"replies":[{"embeddable":true,"href":"https:\/\/vizomix.hu\/en\/wp-json\/wp\/v2\/comments?post=1500"}],"wp:featuredmedia":[{"embeddable":true,"href":"https:\/\/vizomix.hu\/en\/wp-json\/wp\/v2\/media\/1498"}],"wp:attachment":[{"href":"https:\/\/vizomix.hu\/en\/wp-json\/wp\/v2\/media?parent=1500"}],"wp:term":[{"taxonomy":"product_brand","embeddable":true,"href":"https:\/\/vizomix.hu\/en\/wp-json\/wp\/v2\/product_brand?post=1500"},{"taxonomy":"product_cat","embeddable":true,"href":"https:\/\/vizomix.hu\/en\/wp-json\/wp\/v2\/product_cat?post=1500"},{"taxonomy":"product_tag","embeddable":true,"href":"https:\/\/vizomix.hu\/en\/wp-json\/wp\/v2\/product_tag?post=1500"}],"curies":[{"name":"wp","href":"https:\/\/api.w.org\/{rel}","templated":true}]}}