{"id":1493,"date":"2026-02-12T14:35:52","date_gmt":"2026-02-12T13:35:52","guid":{"rendered":"https:\/\/vizomix.hu\/termek\/zara-rovid-farmer-melleny-belso-meleg-premmel-elulso-zsebekkel\/"},"modified":"2026-03-18T13:21:18","modified_gmt":"2026-03-18T12:21:18","slug":"zara-rovid-farmer-melleny-belso-meleg-premmel-elulso-zsebekkel","status":"publish","type":"product","link":"https:\/\/vizomix.hu\/en\/product\/zara-rovid-farmer-melleny-belso-meleg-premmel-elulso-zsebekkel\/","title":{"rendered":"Zara short jeans vest with inner warm fur, front pockets"},"content":{"rendered":"<p>Zara r\u00f6vid farmer mell\u00e9ny \u2013 bels\u0151 meleg pr\u00e9mmel, \u00e1tlapol\u00f3s kialak\u00edt\u00e1s<\/p>\n<p>Trendi \u00e9s k\u00e9nyelmes darab, amely st\u00edlusos megjelen\u00e9st biztos\u00edt az \u00e1tmeneti id\u0151szakokra. Ez a Zara r\u00f6vid farmer mell\u00e9ny bels\u0151 meleg pr\u00e9mmel k\u00e9sz\u00fclt, \u00edgy extra komfortot \u00e9s meleget ny\u00fajt.<\/p>\n<p>Az \u00e1tlapol\u00f3s megold\u00e1s modern, csinos r\u00e9szletk\u00e9nt emeli ki a fazont, mik\u00f6zben j\u00f3l illeszkedik a fels\u0151kh\u00f6z \u00e9s pul\u00f3verekhez. Ide\u00e1lis v\u00e1laszt\u00e1s h\u00e9tk\u00f6znapi outfitekhez, v\u00e1rosi s\u00e9t\u00e1khoz vagy r\u00e9teges, st\u00edlusos megjelen\u00e9shez.<br \/>\nM\u00e9retez\u00e9s: Nagyobb m\u00e9ret<\/p>","protected":false},"excerpt":{"rendered":"<p>Zara r\u00f6vid farmer mell\u00e9ny \u2013 bels\u0151 meleg pr\u00e9mmel, \u00e1tlapol\u00f3s kialak\u00edt\u00e1s Trendi \u00e9s k\u00e9nyelmes darab, amely st\u00edlusos megjelen\u00e9st biztos\u00edt az \u00e1tmeneti<a class=\"read-more\" href=\"https:\/\/vizomix.hu\/en\/product\/zara-rovid-farmer-melleny-belso-meleg-premmel-elulso-zsebekkel\/\">Tov\u00e1bb<\/a><\/p>","protected":false},"featured_media":1491,"comment_status":"open","ping_status":"closed","template":"","meta":[],"product_brand":[76],"product_cat":[37],"product_tag":[],"class_list":{"0":"post-1493","1":"product","2":"type-product","3":"status-publish","4":"has-post-thumbnail","6":"product_brand-zara","7":"product_cat-mellenyek","9":"first","10":"instock","11":"taxable","12":"shipping-taxable","13":"purchasable","14":"product-type-variable","15":"add-to-wishlist-before_add_to_cart"},"supplier_id":null,"supplier_sku":"","barcode":null,"atum_controlled":true,"out_stock_date":null,"out_stock_threshold":null,"inheritable":false,"inbound_stock":0,"stock_on_hold":0,"sold_today":0,"sales_last_days":0,"reserved_stock":0,"customer_returns":0,"warehouse_damage":0,"lost_in_post":0,"other_logs":0,"out_stock_days":0,"lost_sales":0,"has_location":false,"update_date":"2026-03-18T12:21:19","atum_locations":[],"atum_stock_status":"instock","restock_status":false,"low_stock_amount":"","sales_update_date":"2026-03-17T19:15:20","calc_backorders":null,"_links":{"self":[{"href":"https:\/\/vizomix.hu\/en\/wp-json\/wp\/v2\/product\/1493","targetHints":{"allow":["GET"]}}],"collection":[{"href":"https:\/\/vizomix.hu\/en\/wp-json\/wp\/v2\/product"}],"about":[{"href":"https:\/\/vizomix.hu\/en\/wp-json\/wp\/v2\/types\/product"}],"replies":[{"embeddable":true,"href":"https:\/\/vizomix.hu\/en\/wp-json\/wp\/v2\/comments?post=1493"}],"wp:featuredmedia":[{"embeddable":true,"href":"https:\/\/vizomix.hu\/en\/wp-json\/wp\/v2\/media\/1491"}],"wp:attachment":[{"href":"https:\/\/vizomix.hu\/en\/wp-json\/wp\/v2\/media?parent=1493"}],"wp:term":[{"taxonomy":"product_brand","embeddable":true,"href":"https:\/\/vizomix.hu\/en\/wp-json\/wp\/v2\/product_brand?post=1493"},{"taxonomy":"product_cat","embeddable":true,"href":"https:\/\/vizomix.hu\/en\/wp-json\/wp\/v2\/product_cat?post=1493"},{"taxonomy":"product_tag","embeddable":true,"href":"https:\/\/vizomix.hu\/en\/wp-json\/wp\/v2\/product_tag?post=1493"}],"curies":[{"name":"wp","href":"https:\/\/api.w.org\/{rel}","templated":true}]}}