{"id":1487,"date":"2026-02-12T14:33:47","date_gmt":"2026-02-12T13:33:47","guid":{"rendered":"https:\/\/vizomix.hu\/termek\/zara-fekete-meleg-teli-mubor-pufi-hosszitott-kabat\/"},"modified":"2026-03-18T13:21:18","modified_gmt":"2026-03-18T12:21:18","slug":"zara-fekete-meleg-teli-mubor-pufi-hosszitott-kabat","status":"publish","type":"product","link":"https:\/\/vizomix.hu\/en\/product\/zara-fekete-meleg-teli-mubor-pufi-hosszitott-kabat\/","title":{"rendered":"Zara fekete meleg t\u00e9li m\u0171b\u0151r pufi hossz\u00edtott kab\u00e1t"},"content":{"rendered":"<p>Zara fekete m\u0171b\u0151r pufi hossz\u00edtott t\u00e9li kab\u00e1t \u2013 cipz\u00e1ras, kapucnival<\/p>\n<p>Meleg \u00e9s st\u00edlusos v\u00e1laszt\u00e1s a hideg napokra. Ez a Zara fekete hossz\u00edtott pufi kab\u00e1t puha, meleg t\u00f6ltettel k\u00e9sz\u00fclt, \u00edgy k\u00e9nyelmes viseletet biztos\u00edt a t\u00e9li id\u0151szakban.<\/p>\n<p>A praktikus cipz\u00e1ras z\u00e1r\u00f3d\u00e1s k\u00f6nny\u0171 fel- \u00e9s lev\u00e9telt tesz lehet\u0151v\u00e9, a kapucni extra v\u00e9delmet ny\u00fajt a sz\u00e9l \u00e9s a hideg ellen, az oldals\u00f3 zsebek pedig praktikus t\u00e1rol\u00e1si lehet\u0151s\u00e9get k\u00edn\u00e1lnak. Ide\u00e1lis v\u00e1laszt\u00e1s h\u00e9tk\u00f6znapi viselethez, v\u00e1rosi s\u00e9t\u00e1khoz vagy szabadt\u00e9ri programokra.<br \/>\nM\u00e9retez\u00e9s: Nagyobb m\u00e9ret<\/p>","protected":false},"excerpt":{"rendered":"<p>Zara fekete m\u0171b\u0151r pufi hossz\u00edtott t\u00e9li kab\u00e1t \u2013 cipz\u00e1ras, kapucnival Meleg \u00e9s st\u00edlusos v\u00e1laszt\u00e1s a hideg napokra. Ez a Zara<a class=\"read-more\" href=\"https:\/\/vizomix.hu\/en\/product\/zara-fekete-meleg-teli-mubor-pufi-hosszitott-kabat\/\">Tov\u00e1bb<\/a><\/p>","protected":false},"featured_media":1485,"comment_status":"open","ping_status":"closed","template":"","meta":[],"product_brand":[76],"product_cat":[23],"product_tag":[],"class_list":{"0":"post-1487","1":"product","2":"type-product","3":"status-publish","4":"has-post-thumbnail","6":"product_brand-zara","7":"product_cat-kabatok","9":"first","10":"instock","11":"taxable","12":"shipping-taxable","13":"purchasable","14":"product-type-variable","15":"add-to-wishlist-before_add_to_cart"},"supplier_id":null,"supplier_sku":"","barcode":null,"atum_controlled":true,"out_stock_date":null,"out_stock_threshold":null,"inheritable":false,"inbound_stock":null,"stock_on_hold":0,"sold_today":0,"sales_last_days":0,"reserved_stock":null,"customer_returns":null,"warehouse_damage":null,"lost_in_post":null,"other_logs":null,"out_stock_days":0,"lost_sales":0,"has_location":null,"update_date":"2026-03-18T12:21:19","atum_locations":[],"atum_stock_status":"instock","restock_status":false,"low_stock_amount":"","sales_update_date":"2026-03-17T19:15:20","calc_backorders":null,"_links":{"self":[{"href":"https:\/\/vizomix.hu\/en\/wp-json\/wp\/v2\/product\/1487","targetHints":{"allow":["GET"]}}],"collection":[{"href":"https:\/\/vizomix.hu\/en\/wp-json\/wp\/v2\/product"}],"about":[{"href":"https:\/\/vizomix.hu\/en\/wp-json\/wp\/v2\/types\/product"}],"replies":[{"embeddable":true,"href":"https:\/\/vizomix.hu\/en\/wp-json\/wp\/v2\/comments?post=1487"}],"wp:featuredmedia":[{"embeddable":true,"href":"https:\/\/vizomix.hu\/en\/wp-json\/wp\/v2\/media\/1485"}],"wp:attachment":[{"href":"https:\/\/vizomix.hu\/en\/wp-json\/wp\/v2\/media?parent=1487"}],"wp:term":[{"taxonomy":"product_brand","embeddable":true,"href":"https:\/\/vizomix.hu\/en\/wp-json\/wp\/v2\/product_brand?post=1487"},{"taxonomy":"product_cat","embeddable":true,"href":"https:\/\/vizomix.hu\/en\/wp-json\/wp\/v2\/product_cat?post=1487"},{"taxonomy":"product_tag","embeddable":true,"href":"https:\/\/vizomix.hu\/en\/wp-json\/wp\/v2\/product_tag?post=1487"}],"curies":[{"name":"wp","href":"https:\/\/api.w.org\/{rel}","templated":true}]}}