{"id":1461,"date":"2026-02-12T14:06:40","date_gmt":"2026-02-12T13:06:40","guid":{"rendered":"https:\/\/vizomix.hu\/termek\/zara-hosszu-szurke-51-gyapju-tartalmu-csinos-szovetkabat-kotovel\/"},"modified":"2026-03-18T13:21:18","modified_gmt":"2026-03-18T12:21:18","slug":"zara-hosszu-szurke-51-gyapju-tartalmu-csinos-szovetkabat-kotovel","status":"publish","type":"product","link":"https:\/\/vizomix.hu\/en\/product\/zara-hosszu-szurke-51-gyapju-tartalmu-csinos-szovetkabat-kotovel\/","title":{"rendered":"Zara hossz\u00fa sz\u00fcrke 51% gyapj\u00fa tartalm\u00fa csinos sz\u00f6vetkab\u00e1t k\u00f6t\u0151vel, oldals\u00f3 felv\u00e1g\u00e1ssal, gombos r\u00f6gz\u00edt\u00e9ssel"},"content":{"rendered":"<p>Zara hossz\u00fa sz\u00fcrke sz\u00f6vetkab\u00e1t \u2013 51% gyapj\u00fa, k\u00f6t\u0151vel, oldals\u00f3 felv\u00e1g\u00e1ssal, gombos r\u00f6gz\u00edt\u00e9ssel<\/p>\n<p>Eleg\u00e1ns \u00e9s n\u0151ies darab, amely st\u00edlusos megjelen\u00e9st biztos\u00edt a h\u0171v\u00f6sebb napokon. Ez a Zara hossz\u00fa sz\u00fcrke sz\u00f6vetkab\u00e1t 51% gyapj\u00fa tartalm\u00e1nak k\u00f6sz\u00f6nhet\u0151en meleg \u00e9s k\u00e9nyelmes viseletet ny\u00fajt, mik\u00f6zben kifinomult, csinos hat\u00e1st kelt.<\/p>\n<p>A hozz\u00e1 tartoz\u00f3 k\u00f6t\u0151 finoman hangs\u00falyozza a der\u00e9kvonalat, \u00e9s el\u0151ny\u00f6s, karcs\u00fas\u00edtott sziluettet biztos\u00edt. T\u00f6k\u00e9letes v\u00e1laszt\u00e1s irodai outfitekhez, alkalmi esem\u00e9nyekre vagy st\u00edlusos h\u00e9tk\u00f6znapi megjelen\u00e9shez.<br \/>\nM\u00e9retez\u00e9s: Nagyobb m\u00e9ret (bele\u00edrt m\u00e9ret: XS-S)<\/p>","protected":false},"excerpt":{"rendered":"<p>Zara hossz\u00fa sz\u00fcrke sz\u00f6vetkab\u00e1t \u2013 51% gyapj\u00fa, k\u00f6t\u0151vel, oldals\u00f3 felv\u00e1g\u00e1ssal, gombos r\u00f6gz\u00edt\u00e9ssel Eleg\u00e1ns \u00e9s n\u0151ies darab, amely st\u00edlusos megjelen\u00e9st biztos\u00edt<a class=\"read-more\" href=\"https:\/\/vizomix.hu\/en\/product\/zara-hosszu-szurke-51-gyapju-tartalmu-csinos-szovetkabat-kotovel\/\">Tov\u00e1bb<\/a><\/p>","protected":false},"featured_media":1458,"comment_status":"open","ping_status":"closed","template":"","meta":[],"product_brand":[76],"product_cat":[23],"product_tag":[],"class_list":{"0":"post-1461","1":"product","2":"type-product","3":"status-publish","4":"has-post-thumbnail","6":"product_brand-zara","7":"product_cat-kabatok","9":"first","10":"instock","11":"taxable","12":"shipping-taxable","13":"purchasable","14":"product-type-variable","15":"add-to-wishlist-before_add_to_cart"},"supplier_id":null,"supplier_sku":"","barcode":null,"atum_controlled":true,"out_stock_date":null,"out_stock_threshold":null,"inheritable":false,"inbound_stock":0,"stock_on_hold":0,"sold_today":0,"sales_last_days":0,"reserved_stock":0,"customer_returns":0,"warehouse_damage":0,"lost_in_post":0,"other_logs":0,"out_stock_days":0,"lost_sales":0,"has_location":false,"update_date":"2026-03-18T12:21:19","atum_locations":[],"atum_stock_status":"instock","restock_status":false,"low_stock_amount":"","sales_update_date":"2026-03-17T19:15:20","calc_backorders":null,"_links":{"self":[{"href":"https:\/\/vizomix.hu\/en\/wp-json\/wp\/v2\/product\/1461","targetHints":{"allow":["GET"]}}],"collection":[{"href":"https:\/\/vizomix.hu\/en\/wp-json\/wp\/v2\/product"}],"about":[{"href":"https:\/\/vizomix.hu\/en\/wp-json\/wp\/v2\/types\/product"}],"replies":[{"embeddable":true,"href":"https:\/\/vizomix.hu\/en\/wp-json\/wp\/v2\/comments?post=1461"}],"wp:featuredmedia":[{"embeddable":true,"href":"https:\/\/vizomix.hu\/en\/wp-json\/wp\/v2\/media\/1458"}],"wp:attachment":[{"href":"https:\/\/vizomix.hu\/en\/wp-json\/wp\/v2\/media?parent=1461"}],"wp:term":[{"taxonomy":"product_brand","embeddable":true,"href":"https:\/\/vizomix.hu\/en\/wp-json\/wp\/v2\/product_brand?post=1461"},{"taxonomy":"product_cat","embeddable":true,"href":"https:\/\/vizomix.hu\/en\/wp-json\/wp\/v2\/product_cat?post=1461"},{"taxonomy":"product_tag","embeddable":true,"href":"https:\/\/vizomix.hu\/en\/wp-json\/wp\/v2\/product_tag?post=1461"}],"curies":[{"name":"wp","href":"https:\/\/api.w.org\/{rel}","templated":true}]}}