{"id":1350,"date":"2026-02-12T12:37:24","date_gmt":"2026-02-12T11:37:24","guid":{"rendered":"https:\/\/vizomix.hu\/termek\/zara-bezs-muszorme-csinos-kabat-belso-fekete-veluros-belessel\/"},"modified":"2026-03-18T13:21:18","modified_gmt":"2026-03-18T12:21:18","slug":"zara-bezs-muszorme-csinos-kabat-belso-fekete-veluros-belessel","status":"publish","type":"product","link":"https:\/\/vizomix.hu\/en\/product\/zara-bezs-muszorme-csinos-kabat-belso-fekete-veluros-belessel\/","title":{"rendered":"Zara b\u00e9zs m\u0171sz\u00f6rme csinos kab\u00e1t, bels\u0151 fekete vel\u00faros b\u00e9l\u00e9ssel"},"content":{"rendered":"<p>Zara b\u00e9zs m\u0171sz\u0151rme kab\u00e1t \u2013 fekete vel\u00faros b\u00e9l\u00e9ssel<\/p>\n<p>Eleg\u00e1ns \u00e9s k\u00fcl\u00f6nleges darab, amely melegs\u00e9get \u00e9s st\u00edlusos megjelen\u00e9st biztos\u00edt a h\u0171v\u00f6sebb napokon. Ez a Zara b\u00e9zs m\u0171sz\u0151rme kab\u00e1t puha tapint\u00e1s\u00fa, csinos szab\u00e1s\u00e1nak k\u00f6sz\u00f6nhet\u0151en n\u0151ies \u00e9s kifinomult hat\u00e1st kelt. <\/p>\n<p>A bels\u0151 fekete vel\u00faros b\u00e9l\u00e9s nemcsak extra meleget ny\u00fajt, hanem kontrasztos, ig\u00e9nyes r\u00e9szletk\u00e9nt is kiemeli a kab\u00e1tot. T\u00f6k\u00e9letes v\u00e1laszt\u00e1s alkalmi esem\u00e9nyekre, v\u00e1rosi s\u00e9t\u00e1khoz vagy amikor egy igaz\u00e1n eleg\u00e1ns, m\u00e9gis k\u00e9nyelmes darabra v\u00e1gysz.<br \/>\nM\u00e9retez\u00e9s: nagyobb m\u00e9ret<\/p>","protected":false},"excerpt":{"rendered":"<p>Zara b\u00e9zs m\u0171sz\u0151rme kab\u00e1t \u2013 fekete vel\u00faros b\u00e9l\u00e9ssel Eleg\u00e1ns \u00e9s k\u00fcl\u00f6nleges darab, amely melegs\u00e9get \u00e9s st\u00edlusos megjelen\u00e9st biztos\u00edt a h\u0171v\u00f6sebb<a class=\"read-more\" href=\"https:\/\/vizomix.hu\/en\/product\/zara-bezs-muszorme-csinos-kabat-belso-fekete-veluros-belessel\/\">Tov\u00e1bb<\/a><\/p>","protected":false},"featured_media":1349,"comment_status":"open","ping_status":"closed","template":"","meta":[],"product_brand":[76],"product_cat":[23],"product_tag":[],"class_list":{"0":"post-1350","1":"product","2":"type-product","3":"status-publish","4":"has-post-thumbnail","6":"product_brand-zara","7":"product_cat-kabatok","9":"first","10":"instock","11":"taxable","12":"shipping-taxable","13":"purchasable","14":"product-type-variable","15":"add-to-wishlist-before_add_to_cart"},"supplier_id":null,"supplier_sku":"","barcode":null,"atum_controlled":true,"out_stock_date":null,"out_stock_threshold":null,"inheritable":false,"inbound_stock":null,"stock_on_hold":0,"sold_today":0,"sales_last_days":0,"reserved_stock":null,"customer_returns":null,"warehouse_damage":null,"lost_in_post":null,"other_logs":null,"out_stock_days":0,"lost_sales":0,"has_location":null,"update_date":"2026-03-18T12:21:19","atum_locations":[],"atum_stock_status":"instock","restock_status":false,"low_stock_amount":"","sales_update_date":"2026-03-17T19:15:20","calc_backorders":null,"_links":{"self":[{"href":"https:\/\/vizomix.hu\/en\/wp-json\/wp\/v2\/product\/1350","targetHints":{"allow":["GET"]}}],"collection":[{"href":"https:\/\/vizomix.hu\/en\/wp-json\/wp\/v2\/product"}],"about":[{"href":"https:\/\/vizomix.hu\/en\/wp-json\/wp\/v2\/types\/product"}],"replies":[{"embeddable":true,"href":"https:\/\/vizomix.hu\/en\/wp-json\/wp\/v2\/comments?post=1350"}],"wp:featuredmedia":[{"embeddable":true,"href":"https:\/\/vizomix.hu\/en\/wp-json\/wp\/v2\/media\/1349"}],"wp:attachment":[{"href":"https:\/\/vizomix.hu\/en\/wp-json\/wp\/v2\/media?parent=1350"}],"wp:term":[{"taxonomy":"product_brand","embeddable":true,"href":"https:\/\/vizomix.hu\/en\/wp-json\/wp\/v2\/product_brand?post=1350"},{"taxonomy":"product_cat","embeddable":true,"href":"https:\/\/vizomix.hu\/en\/wp-json\/wp\/v2\/product_cat?post=1350"},{"taxonomy":"product_tag","embeddable":true,"href":"https:\/\/vizomix.hu\/en\/wp-json\/wp\/v2\/product_tag?post=1350"}],"curies":[{"name":"wp","href":"https:\/\/api.w.org\/{rel}","templated":true}]}}