{"id":1347,"date":"2026-02-12T12:35:28","date_gmt":"2026-02-12T11:35:28","guid":{"rendered":"https:\/\/vizomix.hu\/termek\/zara-bezs-gyapju-tartalmu-poncso-lepel-kopeny-szegelyezett-varrassal\/"},"modified":"2026-03-18T13:21:18","modified_gmt":"2026-03-18T12:21:18","slug":"zara-bezs-gyapju-tartalmu-poncso-lepel-kopeny-szegelyezett-varrassal","status":"publish","type":"product","link":"https:\/\/vizomix.hu\/en\/product\/zara-bezs-gyapju-tartalmu-poncso-lepel-kopeny-szegelyezett-varrassal\/","title":{"rendered":"Zara beige wool poncho\/fleece\/jacket - with hemmed seams"},"content":{"rendered":"<p>Zara b\u00e9zs gyapj\u00fa tartalm\u00fa poncs\u00f3\/lepel\/k\u00f6peny \u2013 szeg\u00e9lyezett varr\u00e1ssal (M, egym\u00e9retes)<\/p>\n<p>St\u00edlusos \u00e9s id\u0151t\u00e1ll\u00f3 darab, amely t\u00f6k\u00e9letes v\u00e1laszt\u00e1s az \u00e1tmeneti \u00e9s h\u0171v\u00f6sebb napokra. Ez a Zara b\u00e9zs poncs\u00f3 33% gyapj\u00fa tartalm\u00e1nak k\u00f6sz\u00f6nhet\u0151en kellemesen meleg, mik\u00f6zben eleg\u00e1ns, letisztult megjelen\u00e9st biztos\u00edt.<\/p>\n<p>A szeg\u00e9lyezett varr\u00e1s ig\u00e9nyes, kifinomult r\u00e9szletk\u00e9nt emeli ki a fazont, a laza, egym\u00e9retes kialak\u00edt\u00e1s (M-es jel\u00f6l\u00e9ssel) pedig k\u00e9nyelmes viseletet \u00e9s k\u00f6nny\u0171 r\u00e9tegezhet\u0151s\u00e9get tesz lehet\u0151v\u00e9. Ide\u00e1lis v\u00e1laszt\u00e1s h\u00e9tk\u00f6znapi outfitekhez, v\u00e1rosi s\u00e9t\u00e1khoz vagy eleg\u00e1nsabb megjelen\u00e9shez is.<br \/>\nM\u00e9retez\u00e9s: nagyobb m\u00e9ret<\/p>","protected":false},"excerpt":{"rendered":"<p>Zara b\u00e9zs gyapj\u00fa tartalm\u00fa poncs\u00f3\/lepel\/k\u00f6peny \u2013 szeg\u00e9lyezett varr\u00e1ssal (M, egym\u00e9retes) St\u00edlusos \u00e9s id\u0151t\u00e1ll\u00f3 darab, amely t\u00f6k\u00e9letes v\u00e1laszt\u00e1s az \u00e1tmeneti \u00e9s<a class=\"read-more\" href=\"https:\/\/vizomix.hu\/en\/product\/zara-bezs-gyapju-tartalmu-poncso-lepel-kopeny-szegelyezett-varrassal\/\">Tov\u00e1bb<\/a><\/p>","protected":false},"featured_media":1345,"comment_status":"open","ping_status":"closed","template":"","meta":[],"product_brand":[76],"product_cat":[23],"product_tag":[],"class_list":{"0":"post-1347","1":"product","2":"type-product","3":"status-publish","4":"has-post-thumbnail","6":"product_brand-zara","7":"product_cat-kabatok","9":"first","10":"instock","11":"taxable","12":"shipping-taxable","13":"purchasable","14":"product-type-variable","15":"add-to-wishlist-before_add_to_cart"},"supplier_id":null,"supplier_sku":"","barcode":null,"atum_controlled":true,"out_stock_date":null,"out_stock_threshold":null,"inheritable":false,"inbound_stock":null,"stock_on_hold":0,"sold_today":0,"sales_last_days":0,"reserved_stock":null,"customer_returns":null,"warehouse_damage":null,"lost_in_post":null,"other_logs":null,"out_stock_days":0,"lost_sales":0,"has_location":null,"update_date":"2026-03-18T12:21:19","atum_locations":[],"atum_stock_status":"instock","restock_status":false,"low_stock_amount":"","sales_update_date":"2026-03-17T19:15:20","calc_backorders":null,"_links":{"self":[{"href":"https:\/\/vizomix.hu\/en\/wp-json\/wp\/v2\/product\/1347","targetHints":{"allow":["GET"]}}],"collection":[{"href":"https:\/\/vizomix.hu\/en\/wp-json\/wp\/v2\/product"}],"about":[{"href":"https:\/\/vizomix.hu\/en\/wp-json\/wp\/v2\/types\/product"}],"replies":[{"embeddable":true,"href":"https:\/\/vizomix.hu\/en\/wp-json\/wp\/v2\/comments?post=1347"}],"wp:featuredmedia":[{"embeddable":true,"href":"https:\/\/vizomix.hu\/en\/wp-json\/wp\/v2\/media\/1345"}],"wp:attachment":[{"href":"https:\/\/vizomix.hu\/en\/wp-json\/wp\/v2\/media?parent=1347"}],"wp:term":[{"taxonomy":"product_brand","embeddable":true,"href":"https:\/\/vizomix.hu\/en\/wp-json\/wp\/v2\/product_brand?post=1347"},{"taxonomy":"product_cat","embeddable":true,"href":"https:\/\/vizomix.hu\/en\/wp-json\/wp\/v2\/product_cat?post=1347"},{"taxonomy":"product_tag","embeddable":true,"href":"https:\/\/vizomix.hu\/en\/wp-json\/wp\/v2\/product_tag?post=1347"}],"curies":[{"name":"wp","href":"https:\/\/api.w.org\/{rel}","templated":true}]}}