{"id":1342,"date":"2026-02-12T12:33:18","date_gmt":"2026-02-12T11:33:18","guid":{"rendered":"https:\/\/vizomix.hu\/termek\/zara-fekete-es-bezs-tweed-textured-blezer-arany-diszgombokkal\/"},"modified":"2026-03-18T13:21:18","modified_gmt":"2026-03-18T12:21:18","slug":"zara-fekete-es-bezs-tweed-textured-blezer-arany-diszgombokkal","status":"publish","type":"product","link":"https:\/\/vizomix.hu\/en\/product\/zara-fekete-es-bezs-tweed-textured-blezer-arany-diszgombokkal\/","title":{"rendered":"Zara fekete \u00e9s b\u00e9zs tweed\/textured bl\u00e9zer, arany d\u00edszgombokkal"},"content":{"rendered":"<p>Zara fekete-b\u00e9zs tweed\/textur\u00e1lt bl\u00e9zer \u2013 arany d\u00edszgombokkal<\/p>\n<p>Eleg\u00e1ns \u00e9s id\u0151t\u00e1ll\u00f3 darab, amely kifinomult megjelen\u00e9st biztos\u00edt. Ez a Zara fekete \u00e9s b\u00e9zs \u00e1rnyalat\u00fa tweed\/textur\u00e1lt bl\u00e9zer klasszikus, m\u00e9gis modern hat\u00e1st kelt k\u00fcl\u00f6nleges anyag\u00e1nak k\u00f6sz\u00f6nhet\u0151en.<\/p>\n<p>Az arany d\u00edszgombok eleg\u00e1ns, luxus \u00e9rzetet adnak a ruhadarabnak, mik\u00f6zben n\u0151ies \u00e9s karakteres r\u00e9szletk\u00e9nt emelik ki a fazont. T\u00f6k\u00e9letes v\u00e1laszt\u00e1s irod\u00e1ba, alkalmi esem\u00e9nyekre vagy st\u00edlusos h\u00e9tk\u00f6znapi outfitekhez, k\u00f6nnyen kombin\u00e1lhat\u00f3 nadr\u00e1ggal vagy szokny\u00e1val is.<br \/>\nM\u00e9retez\u00e9s: m\u00e9reth\u0171<\/p>","protected":false},"excerpt":{"rendered":"<p>Zara fekete-b\u00e9zs tweed\/textur\u00e1lt bl\u00e9zer \u2013 arany d\u00edszgombokkal Eleg\u00e1ns \u00e9s id\u0151t\u00e1ll\u00f3 darab, amely kifinomult megjelen\u00e9st biztos\u00edt. Ez a Zara fekete \u00e9s<a class=\"read-more\" href=\"https:\/\/vizomix.hu\/en\/product\/zara-fekete-es-bezs-tweed-textured-blezer-arany-diszgombokkal\/\">Tov\u00e1bb<\/a><\/p>","protected":false},"featured_media":1338,"comment_status":"open","ping_status":"closed","template":"","meta":[],"product_brand":[76],"product_cat":[38],"product_tag":[],"class_list":{"0":"post-1342","1":"product","2":"type-product","3":"status-publish","4":"has-post-thumbnail","6":"product_brand-zara","7":"product_cat-blezerek","9":"first","10":"instock","11":"taxable","12":"shipping-taxable","13":"purchasable","14":"product-type-variable","15":"add-to-wishlist-before_add_to_cart"},"supplier_id":null,"supplier_sku":"","barcode":null,"atum_controlled":true,"out_stock_date":null,"out_stock_threshold":null,"inheritable":false,"inbound_stock":null,"stock_on_hold":0,"sold_today":0,"sales_last_days":0,"reserved_stock":null,"customer_returns":null,"warehouse_damage":null,"lost_in_post":null,"other_logs":null,"out_stock_days":0,"lost_sales":0,"has_location":null,"update_date":"2026-03-18T12:21:19","atum_locations":[],"atum_stock_status":"instock","restock_status":false,"low_stock_amount":"","sales_update_date":"2026-03-17T19:15:20","calc_backorders":null,"_links":{"self":[{"href":"https:\/\/vizomix.hu\/en\/wp-json\/wp\/v2\/product\/1342","targetHints":{"allow":["GET"]}}],"collection":[{"href":"https:\/\/vizomix.hu\/en\/wp-json\/wp\/v2\/product"}],"about":[{"href":"https:\/\/vizomix.hu\/en\/wp-json\/wp\/v2\/types\/product"}],"replies":[{"embeddable":true,"href":"https:\/\/vizomix.hu\/en\/wp-json\/wp\/v2\/comments?post=1342"}],"wp:featuredmedia":[{"embeddable":true,"href":"https:\/\/vizomix.hu\/en\/wp-json\/wp\/v2\/media\/1338"}],"wp:attachment":[{"href":"https:\/\/vizomix.hu\/en\/wp-json\/wp\/v2\/media?parent=1342"}],"wp:term":[{"taxonomy":"product_brand","embeddable":true,"href":"https:\/\/vizomix.hu\/en\/wp-json\/wp\/v2\/product_brand?post=1342"},{"taxonomy":"product_cat","embeddable":true,"href":"https:\/\/vizomix.hu\/en\/wp-json\/wp\/v2\/product_cat?post=1342"},{"taxonomy":"product_tag","embeddable":true,"href":"https:\/\/vizomix.hu\/en\/wp-json\/wp\/v2\/product_tag?post=1342"}],"curies":[{"name":"wp","href":"https:\/\/api.w.org\/{rel}","templated":true}]}}