{"id":1335,"date":"2026-02-12T12:30:46","date_gmt":"2026-02-12T11:30:46","guid":{"rendered":"https:\/\/vizomix.hu\/termek\/zara-piros-textured-blezer-arany-diszgombokkal-derek-reszen-szukitett\/"},"modified":"2026-03-18T13:21:18","modified_gmt":"2026-03-18T12:21:18","slug":"zara-piros-textured-blezer-arany-diszgombokkal-derek-reszen-szukitett","status":"publish","type":"product","link":"https:\/\/vizomix.hu\/en\/product\/zara-piros-textured-blezer-arany-diszgombokkal-derek-reszen-szukitett\/","title":{"rendered":"Zara piros textured bl\u00e9zer, arany d\u00edszgombokkal, der\u00e9k r\u00e9szen sz\u0171k\u00edtett"},"content":{"rendered":"<p>Zara piros textur\u00e1lt bl\u00e9zer \u2013 arany d\u00edszgombokkal, der\u00e9kn\u00e1l sz\u0171k\u00edtett<\/p>\n<p>Karakteres \u00e9s eleg\u00e1ns darab, amely azonnal feldobja a megjelen\u00e9st. Ez a Zara piros textur\u00e1lt bl\u00e9zer k\u00fcl\u00f6nleges anyag\u00e1nak k\u00f6sz\u00f6nhet\u0151en kifinomult \u00e9s figyelemfelkelt\u0151 hat\u00e1st kelt.<\/p>\n<p>Az arany d\u00edszgombok exkluz\u00edv, n\u0151ies r\u00e9szletk\u00e9nt emelik ki a fazont, m\u00edg a der\u00e9k r\u00e9szen sz\u0171k\u00edtett szab\u00e1s sz\u00e9pen hangs\u00falyozza a sziluettet. T\u00f6k\u00e9letes v\u00e1laszt\u00e1s irodai outfitekhez, alkalmi esem\u00e9nyekre vagy amikor egy igaz\u00e1n st\u00edlusos, magabiztos megjelen\u00e9st szeretn\u00e9l.<br \/>\nM\u00e9retez\u00e9s: m\u00e9reth\u0171<\/p>","protected":false},"excerpt":{"rendered":"<p>Zara piros textur\u00e1lt bl\u00e9zer \u2013 arany d\u00edszgombokkal, der\u00e9kn\u00e1l sz\u0171k\u00edtett Karakteres \u00e9s eleg\u00e1ns darab, amely azonnal feldobja a megjelen\u00e9st. Ez a<a class=\"read-more\" href=\"https:\/\/vizomix.hu\/en\/product\/zara-piros-textured-blezer-arany-diszgombokkal-derek-reszen-szukitett\/\">Tov\u00e1bb<\/a><\/p>","protected":false},"featured_media":1334,"comment_status":"open","ping_status":"closed","template":"","meta":[],"product_brand":[76],"product_cat":[38],"product_tag":[],"class_list":{"0":"post-1335","1":"product","2":"type-product","3":"status-publish","4":"has-post-thumbnail","6":"product_brand-zara","7":"product_cat-blezerek","9":"first","10":"instock","11":"taxable","12":"shipping-taxable","13":"purchasable","14":"product-type-variable","15":"add-to-wishlist-before_add_to_cart"},"supplier_id":null,"supplier_sku":"","barcode":null,"atum_controlled":true,"out_stock_date":null,"out_stock_threshold":null,"inheritable":true,"inbound_stock":null,"stock_on_hold":0,"sold_today":0,"sales_last_days":0,"reserved_stock":null,"customer_returns":null,"warehouse_damage":null,"lost_in_post":null,"other_logs":null,"out_stock_days":0,"lost_sales":0,"has_location":false,"update_date":"2026-03-18T12:21:19","atum_locations":[],"atum_stock_status":"instock","restock_status":false,"low_stock_amount":"","sales_update_date":"2026-03-17T19:15:20","calc_backorders":null,"_links":{"self":[{"href":"https:\/\/vizomix.hu\/en\/wp-json\/wp\/v2\/product\/1335","targetHints":{"allow":["GET"]}}],"collection":[{"href":"https:\/\/vizomix.hu\/en\/wp-json\/wp\/v2\/product"}],"about":[{"href":"https:\/\/vizomix.hu\/en\/wp-json\/wp\/v2\/types\/product"}],"replies":[{"embeddable":true,"href":"https:\/\/vizomix.hu\/en\/wp-json\/wp\/v2\/comments?post=1335"}],"wp:featuredmedia":[{"embeddable":true,"href":"https:\/\/vizomix.hu\/en\/wp-json\/wp\/v2\/media\/1334"}],"wp:attachment":[{"href":"https:\/\/vizomix.hu\/en\/wp-json\/wp\/v2\/media?parent=1335"}],"wp:term":[{"taxonomy":"product_brand","embeddable":true,"href":"https:\/\/vizomix.hu\/en\/wp-json\/wp\/v2\/product_brand?post=1335"},{"taxonomy":"product_cat","embeddable":true,"href":"https:\/\/vizomix.hu\/en\/wp-json\/wp\/v2\/product_cat?post=1335"},{"taxonomy":"product_tag","embeddable":true,"href":"https:\/\/vizomix.hu\/en\/wp-json\/wp\/v2\/product_tag?post=1335"}],"curies":[{"name":"wp","href":"https:\/\/api.w.org\/{rel}","templated":true}]}}