{"id":1330,"date":"2026-02-12T12:29:10","date_gmt":"2026-02-12T11:29:10","guid":{"rendered":"https:\/\/vizomix.hu\/termek\/zara-bezs-42-gyapju-tartalmu-csinos-szovetkabat-fekete-vekony-ovvel\/"},"modified":"2026-03-18T13:21:18","modified_gmt":"2026-03-18T12:21:18","slug":"zara-bezs-42-gyapju-tartalmu-csinos-szovetkabat-fekete-vekony-ovvel","status":"publish","type":"product","link":"https:\/\/vizomix.hu\/en\/product\/zara-bezs-42-gyapju-tartalmu-csinos-szovetkabat-fekete-vekony-ovvel\/","title":{"rendered":"Zara b\u00e9zs 42% gyapj\u00fa tartalm\u00fa csinos sz\u00f6vetkab\u00e1t, fekete v\u00e9kony \u00f6vvel"},"content":{"rendered":"<p>Zara b\u00e9zs sz\u00f6vetkab\u00e1t \u2013 42% gyapj\u00fa, fekete v\u00e9kony \u00f6vvel<\/p>\n<p>Eleg\u00e1ns \u00e9s id\u0151t\u00e1ll\u00f3 darab, amely st\u00edlusos megjelen\u00e9st biztos\u00edt a h\u0171v\u00f6sebb napokon. Ez a Zara b\u00e9zs sz\u00f6vetkab\u00e1t 42% gyapj\u00fa tartalm\u00e1nak k\u00f6sz\u00f6nhet\u0151en meleg \u00e9s k\u00e9nyelmes viseletet ny\u00fajt, mik\u00f6zben kifinomult \u00f6sszhat\u00e1st kelt.<\/p>\n<p>A hozz\u00e1 tartoz\u00f3 fekete v\u00e9kony \u00f6v finoman hangs\u00falyozza a der\u00e9kvonalat, kontrasztos, eleg\u00e1ns r\u00e9szletk\u00e9nt emelve ki a fazont. Ide\u00e1lis v\u00e1laszt\u00e1s irod\u00e1ba, alkalmi esem\u00e9nyekre vagy csinos, h\u00e9tk\u00f6znapi outfitekhez.<br \/>\nM\u00e9retez\u00e9s: m\u00e9reth\u0171<\/p>","protected":false},"excerpt":{"rendered":"<p>Zara b\u00e9zs sz\u00f6vetkab\u00e1t \u2013 42% gyapj\u00fa, fekete v\u00e9kony \u00f6vvel Eleg\u00e1ns \u00e9s id\u0151t\u00e1ll\u00f3 darab, amely st\u00edlusos megjelen\u00e9st biztos\u00edt a h\u0171v\u00f6sebb napokon.<a class=\"read-more\" href=\"https:\/\/vizomix.hu\/en\/product\/zara-bezs-42-gyapju-tartalmu-csinos-szovetkabat-fekete-vekony-ovvel\/\">Tov\u00e1bb<\/a><\/p>","protected":false},"featured_media":1327,"comment_status":"open","ping_status":"closed","template":"","meta":[],"product_brand":[76],"product_cat":[23],"product_tag":[],"class_list":{"0":"post-1330","1":"product","2":"type-product","3":"status-publish","4":"has-post-thumbnail","6":"product_brand-zara","7":"product_cat-kabatok","9":"first","10":"instock","11":"taxable","12":"shipping-taxable","13":"purchasable","14":"product-type-variable","15":"add-to-wishlist-before_add_to_cart"},"supplier_id":null,"supplier_sku":"","barcode":null,"atum_controlled":true,"out_stock_date":null,"out_stock_threshold":null,"inheritable":false,"inbound_stock":null,"stock_on_hold":0,"sold_today":0,"sales_last_days":0,"reserved_stock":null,"customer_returns":null,"warehouse_damage":null,"lost_in_post":null,"other_logs":null,"out_stock_days":0,"lost_sales":0,"has_location":null,"update_date":"2026-03-18T12:21:19","atum_locations":[],"atum_stock_status":"instock","restock_status":false,"low_stock_amount":"","sales_update_date":"2026-03-17T19:15:20","calc_backorders":null,"_links":{"self":[{"href":"https:\/\/vizomix.hu\/en\/wp-json\/wp\/v2\/product\/1330","targetHints":{"allow":["GET"]}}],"collection":[{"href":"https:\/\/vizomix.hu\/en\/wp-json\/wp\/v2\/product"}],"about":[{"href":"https:\/\/vizomix.hu\/en\/wp-json\/wp\/v2\/types\/product"}],"replies":[{"embeddable":true,"href":"https:\/\/vizomix.hu\/en\/wp-json\/wp\/v2\/comments?post=1330"}],"wp:featuredmedia":[{"embeddable":true,"href":"https:\/\/vizomix.hu\/en\/wp-json\/wp\/v2\/media\/1327"}],"wp:attachment":[{"href":"https:\/\/vizomix.hu\/en\/wp-json\/wp\/v2\/media?parent=1330"}],"wp:term":[{"taxonomy":"product_brand","embeddable":true,"href":"https:\/\/vizomix.hu\/en\/wp-json\/wp\/v2\/product_brand?post=1330"},{"taxonomy":"product_cat","embeddable":true,"href":"https:\/\/vizomix.hu\/en\/wp-json\/wp\/v2\/product_cat?post=1330"},{"taxonomy":"product_tag","embeddable":true,"href":"https:\/\/vizomix.hu\/en\/wp-json\/wp\/v2\/product_tag?post=1330"}],"curies":[{"name":"wp","href":"https:\/\/api.w.org\/{rel}","templated":true}]}}