{"id":1289,"date":"2026-02-11T22:43:15","date_gmt":"2026-02-11T21:43:15","guid":{"rendered":"https:\/\/vizomix.hu\/termek\/zara-magas-nyaku-poloruha\/"},"modified":"2026-03-18T13:21:18","modified_gmt":"2026-03-18T12:21:18","slug":"zara-magas-nyaku-poloruha","status":"publish","type":"product","link":"https:\/\/vizomix.hu\/en\/product\/zara-magas-nyaku-poloruha\/","title":{"rendered":"Zara high neck soft hidden pocket T-shirt dress"},"content":{"rendered":"<p>Zara magas nyak\u00fa puha p\u00f3l\u00f3ruha \u2013 h\u00e1t\u00e1n cipz\u00e1rral, rejtett zsebekkel<\/p>\n<p>K\u00e9nyelmes \u00e9s st\u00edlusos darab, amely egyszerre n\u0151ies \u00e9s laza megjelen\u00e9st biztos\u00edt. Ez a Zara p\u00f3l\u00f3ruha puha anyagb\u00f3l k\u00e9sz\u00fclt, \u00edgy kellemes viseletet ny\u00fajt eg\u00e9sz napra.<\/p>\n<p>A magas nyak eleg\u00e1ns, kifinomult vonalat ad, a h\u00e1t\u00e1n tal\u00e1lhat\u00f3 cipz\u00e1r pedig praktikus fel- \u00e9s lev\u00e9telt biztos\u00edt. A rejtett zsebek k\u00e9nyelmes t\u00e1rol\u00e1si lehet\u0151s\u00e9get k\u00edn\u00e1lnak, mik\u00f6zben megtartj\u00e1k a ruhadarab letisztult vonal\u00e1t. T\u00f6k\u00e9letes v\u00e1laszt\u00e1s h\u00e9tk\u00f6znapi outfitekhez, v\u00e1rosi s\u00e9t\u00e1khoz vagy egyszer\u0171, csinos h\u00e9tk\u00f6znapi megjelen\u00e9sekhez.<br \/>\nM\u00e9retez\u00e9s: Kisebb m\u00e9ret<\/p>","protected":false},"excerpt":{"rendered":"<p>Zara magas nyak\u00fa puha p\u00f3l\u00f3ruha \u2013 h\u00e1t\u00e1n cipz\u00e1rral, rejtett zsebekkel K\u00e9nyelmes \u00e9s st\u00edlusos darab, amely egyszerre n\u0151ies \u00e9s laza megjelen\u00e9st<a class=\"read-more\" href=\"https:\/\/vizomix.hu\/en\/product\/zara-magas-nyaku-poloruha\/\">Tov\u00e1bb<\/a><\/p>","protected":false},"featured_media":6116,"comment_status":"open","ping_status":"closed","template":"","meta":[],"product_brand":[76],"product_cat":[34],"product_tag":[],"class_list":{"0":"post-1289","1":"product","2":"type-product","3":"status-publish","4":"has-post-thumbnail","6":"product_brand-zara","7":"product_cat-rovid-ruhak-overalok","9":"first","10":"instock","11":"taxable","12":"shipping-taxable","13":"purchasable","14":"product-type-variable","15":"add-to-wishlist-before_add_to_cart"},"supplier_id":null,"supplier_sku":"","barcode":null,"atum_controlled":true,"out_stock_date":null,"out_stock_threshold":null,"inheritable":false,"inbound_stock":null,"stock_on_hold":0,"sold_today":0,"sales_last_days":0,"reserved_stock":null,"customer_returns":null,"warehouse_damage":null,"lost_in_post":null,"other_logs":null,"out_stock_days":0,"lost_sales":0,"has_location":null,"update_date":"2026-03-18T12:21:19","atum_locations":[],"atum_stock_status":"instock","restock_status":false,"low_stock_amount":"","sales_update_date":"2026-03-17T19:15:20","calc_backorders":null,"_links":{"self":[{"href":"https:\/\/vizomix.hu\/en\/wp-json\/wp\/v2\/product\/1289","targetHints":{"allow":["GET"]}}],"collection":[{"href":"https:\/\/vizomix.hu\/en\/wp-json\/wp\/v2\/product"}],"about":[{"href":"https:\/\/vizomix.hu\/en\/wp-json\/wp\/v2\/types\/product"}],"replies":[{"embeddable":true,"href":"https:\/\/vizomix.hu\/en\/wp-json\/wp\/v2\/comments?post=1289"}],"wp:featuredmedia":[{"embeddable":true,"href":"https:\/\/vizomix.hu\/en\/wp-json\/wp\/v2\/media\/6116"}],"wp:attachment":[{"href":"https:\/\/vizomix.hu\/en\/wp-json\/wp\/v2\/media?parent=1289"}],"wp:term":[{"taxonomy":"product_brand","embeddable":true,"href":"https:\/\/vizomix.hu\/en\/wp-json\/wp\/v2\/product_brand?post=1289"},{"taxonomy":"product_cat","embeddable":true,"href":"https:\/\/vizomix.hu\/en\/wp-json\/wp\/v2\/product_cat?post=1289"},{"taxonomy":"product_tag","embeddable":true,"href":"https:\/\/vizomix.hu\/en\/wp-json\/wp\/v2\/product_tag?post=1289"}],"curies":[{"name":"wp","href":"https:\/\/api.w.org\/{rel}","templated":true}]}}