{"id":1282,"date":"2026-02-11T22:39:27","date_gmt":"2026-02-11T21:39:27","guid":{"rendered":"https:\/\/vizomix.hu\/termek\/zara-hosszu-ingruha-5\/"},"modified":"2026-03-18T13:21:18","modified_gmt":"2026-03-18T12:21:18","slug":"zara-hosszu-ingruha-5","status":"publish","type":"product","link":"https:\/\/vizomix.hu\/en\/product\/zara-hosszu-ingruha-5\/","title":{"rendered":"Long shirt with Zara pattern"},"content":{"rendered":"<p>Zara mint\u00e1s hossz\u00fa ingruha \u2013 el\u00f6l gombos z\u00e1r\u00f3d\u00e1ssal, der\u00e9k r\u00e9szen sz\u0171k\u00edtett<\/p>\n<p>N\u0151ies \u00e9s eleg\u00e1ns darab, amely st\u00edlusos megjelen\u00e9st biztos\u00edt minden alkalomra. Ez a Zara sz\u00ednes hossz\u00fa ingruha k\u00f6nny\u0171, l\u00e1gy anyagb\u00f3l k\u00e9sz\u00fclt, k\u00e9nyelmes viseletet ny\u00fajtva.<\/p>\n<p>Az el\u00f6l tal\u00e1lhat\u00f3 gombos z\u00e1r\u00f3d\u00e1s klasszikus, praktikus r\u00e9szletk\u00e9nt emeli ki a fazont, m\u00edg a der\u00e9k r\u00e9szen sz\u0171k\u00edtett szab\u00e1s finoman kiemeli a sziluettet. T\u00f6k\u00e9letes v\u00e1laszt\u00e1s h\u00e9tk\u00f6znapi outfitekhez, irod\u00e1ba vagy csinos alkalmi megjelen\u00e9sekhez.<br \/>\nAz \u00f6v nem a ruha r\u00e9sze!<br \/>\nM\u00e9retez\u00e9s: m\u00e9reth\u0171<\/p>","protected":false},"excerpt":{"rendered":"<p>Zara mint\u00e1s hossz\u00fa ingruha \u2013 el\u00f6l gombos z\u00e1r\u00f3d\u00e1ssal, der\u00e9k r\u00e9szen sz\u0171k\u00edtett N\u0151ies \u00e9s eleg\u00e1ns darab, amely st\u00edlusos megjelen\u00e9st biztos\u00edt minden<a class=\"read-more\" href=\"https:\/\/vizomix.hu\/en\/product\/zara-hosszu-ingruha-5\/\">Tov\u00e1bb<\/a><\/p>","protected":false},"featured_media":5093,"comment_status":"open","ping_status":"closed","template":"","meta":[],"product_brand":[76],"product_cat":[33],"product_tag":[],"class_list":{"0":"post-1282","1":"product","2":"type-product","3":"status-publish","4":"has-post-thumbnail","6":"product_brand-zara","7":"product_cat-hosszu-ruhak-midi-ruhak-overalok","9":"first","10":"instock","11":"taxable","12":"shipping-taxable","13":"purchasable","14":"product-type-variable","15":"add-to-wishlist-before_add_to_cart"},"supplier_id":null,"supplier_sku":"","barcode":null,"atum_controlled":true,"out_stock_date":null,"out_stock_threshold":null,"inheritable":false,"inbound_stock":0,"stock_on_hold":0,"sold_today":0,"sales_last_days":0,"reserved_stock":0,"customer_returns":0,"warehouse_damage":0,"lost_in_post":0,"other_logs":0,"out_stock_days":0,"lost_sales":0,"has_location":false,"update_date":"2026-03-18T12:21:19","atum_locations":[],"atum_stock_status":"instock","restock_status":false,"low_stock_amount":"","sales_update_date":"2026-03-17T19:15:20","calc_backorders":null,"_links":{"self":[{"href":"https:\/\/vizomix.hu\/en\/wp-json\/wp\/v2\/product\/1282","targetHints":{"allow":["GET"]}}],"collection":[{"href":"https:\/\/vizomix.hu\/en\/wp-json\/wp\/v2\/product"}],"about":[{"href":"https:\/\/vizomix.hu\/en\/wp-json\/wp\/v2\/types\/product"}],"replies":[{"embeddable":true,"href":"https:\/\/vizomix.hu\/en\/wp-json\/wp\/v2\/comments?post=1282"}],"wp:featuredmedia":[{"embeddable":true,"href":"https:\/\/vizomix.hu\/en\/wp-json\/wp\/v2\/media\/5093"}],"wp:attachment":[{"href":"https:\/\/vizomix.hu\/en\/wp-json\/wp\/v2\/media?parent=1282"}],"wp:term":[{"taxonomy":"product_brand","embeddable":true,"href":"https:\/\/vizomix.hu\/en\/wp-json\/wp\/v2\/product_brand?post=1282"},{"taxonomy":"product_cat","embeddable":true,"href":"https:\/\/vizomix.hu\/en\/wp-json\/wp\/v2\/product_cat?post=1282"},{"taxonomy":"product_tag","embeddable":true,"href":"https:\/\/vizomix.hu\/en\/wp-json\/wp\/v2\/product_tag?post=1282"}],"curies":[{"name":"wp","href":"https:\/\/api.w.org\/{rel}","templated":true}]}}